{"id":8557,"date":"2026-01-23T07:57:22","date_gmt":"2026-01-23T07:57:22","guid":{"rendered":"https:\/\/mcetest.com\/nl\/?page_id=8557"},"modified":"2026-02-03T17:16:00","modified_gmt":"2026-02-03T17:16:00","slug":"candidatos-nortesantander-2026","status":"publish","type":"page","link":"https:\/\/mcetest.com\/nl\/candidatos-nortesantander-2026\/","title":{"rendered":"Candidatos a la C\u00e1mara por Norte de Santander 2026"},"content":{"rendered":"<style>.elementor-8557 .elementor-element.elementor-element-8a1c4e7{margin-top:25px;margin-bottom:25px;}.elementor-8557 .elementor-element.elementor-element-1acdff7{text-align:center;}.elementor-8557 .elementor-element.elementor-element-1acdff7 .elementor-heading-title{font-family:\"Anton\", Sans-serif;font-size:45px;color:#CC0F0F;}.elementor-bc-flex-widget .elementor-8557 .elementor-element.elementor-element-ee48200.elementor-column .elementor-widget-wrap{align-items:center;}.elementor-8557 .elementor-element.elementor-element-ee48200.elementor-column.elementor-element[data-element_type=\"column\"] > .elementor-widget-wrap.elementor-element-populated{align-content:center;align-items:center;}.elementor-8557 .elementor-element.elementor-element-ee48200.elementor-column > .elementor-widget-wrap{justify-content:center;}.elementor-bc-flex-widget .elementor-8557 .elementor-element.elementor-element-52aaa75.elementor-column .elementor-widget-wrap{align-items:center;}.elementor-8557 .elementor-element.elementor-element-52aaa75.elementor-column.elementor-element[data-element_type=\"column\"] > .elementor-widget-wrap.elementor-element-populated{align-content:center;align-items:center;}.elementor-8557 .elementor-element.elementor-element-52aaa75.elementor-column > .elementor-widget-wrap{justify-content:center;}.elementor-bc-flex-widget .elementor-8557 .elementor-element.elementor-element-fbd9465.elementor-column .elementor-widget-wrap{align-items:center;}.elementor-8557 .elementor-element.elementor-element-fbd9465.elementor-column.elementor-element[data-element_type=\"column\"] > .elementor-widget-wrap.elementor-element-populated{align-content:center;align-items:center;}.elementor-bc-flex-widget .elementor-8557 .elementor-element.elementor-element-2070400.elementor-column .elementor-widget-wrap{align-items:center;}.elementor-8557 .elementor-element.elementor-element-2070400.elementor-column.elementor-element[data-element_type=\"column\"] > .elementor-widget-wrap.elementor-element-populated{align-content:center;align-items:center;}.elementor-bc-flex-widget .elementor-8557 .elementor-element.elementor-element-498d47d.elementor-column .elementor-widget-wrap{align-items:center;}.elementor-8557 .elementor-element.elementor-element-498d47d.elementor-column.elementor-element[data-element_type=\"column\"] > .elementor-widget-wrap.elementor-element-populated{align-content:center;align-items:center;}.elementor-bc-flex-widget .elementor-8557 .elementor-element.elementor-element-90d60b8.elementor-column .elementor-widget-wrap{align-items:center;}.elementor-8557 .elementor-element.elementor-element-90d60b8.elementor-column.elementor-element[data-element_type=\"column\"] > .elementor-widget-wrap.elementor-element-populated{align-content:center;align-items:center;}<\/style>\t\t<div data-elementor-type=\"wp-page\" data-elementor-id=\"8557\" class=\"elementor elementor-8557\" data-elementor-post-type=\"page\">\n\t\t\t\t\t\t<section class=\"elementor-section elementor-top-section elementor-element elementor-element-8a1c4e7 elementor-section-boxed elementor-section-height-default elementor-section-height-default\" data-id=\"8a1c4e7\" data-element_type=\"section\" data-e-type=\"section\">\n\t\t\t\t\t\t<div class=\"elementor-container elementor-column-gap-default\">\n\t\t\t\t\t<div class=\"elementor-column elementor-col-100 elementor-top-column elementor-element elementor-element-49aa793\" data-id=\"49aa793\" data-element_type=\"column\" data-e-type=\"column\">\n\t\t\t<div class=\"elementor-widget-wrap elementor-element-populated\">\n\t\t\t\t\t\t<div class=\"elementor-element elementor-element-1acdff7 elementor-widget elementor-widget-heading\" data-id=\"1acdff7\" data-element_type=\"widget\" data-e-type=\"widget\" data-widget_type=\"heading.default\">\n\t\t\t\t<div class=\"elementor-widget-container\">\n\t\t\t\t\t<h2 class=\"elementor-heading-title elementor-size-default\">Candidatos a la C\u00e1mara por Norte de Santander 2026<\/h2>\t\t\t\t<\/div>\n\t\t\t\t<\/div>\n\t\t\t\t\t<\/div>\n\t\t<\/div>\n\t\t\t\t\t<\/div>\n\t\t<\/section>\n\t\t\t\t<section class=\"elementor-section elementor-top-section elementor-element elementor-element-4c7931d elementor-section-boxed elementor-section-height-default elementor-section-height-default\" data-id=\"4c7931d\" data-element_type=\"section\" data-e-type=\"section\">\n\t\t\t\t\t\t<div class=\"elementor-container elementor-column-gap-default\">\n\t\t\t\t\t<div class=\"elementor-column elementor-col-100 elementor-top-column elementor-element elementor-element-717f496\" data-id=\"717f496\" data-element_type=\"column\" data-e-type=\"column\">\n\t\t\t<div class=\"elementor-widget-wrap elementor-element-populated\">\n\t\t\t\t\t\t<div class=\"elementor-element elementor-element-f9f36a7 elementor-widget elementor-widget-image\" data-id=\"f9f36a7\" data-element_type=\"widget\" data-e-type=\"widget\" data-widget_type=\"image.default\">\n\t\t\t\t<div class=\"elementor-widget-container\">\n\t\t\t\t\t\t\t\t\t\t\t\t\t\t\t<img fetchpriority=\"high\" decoding=\"async\" width=\"819\" height=\"227\" src=\"https:\/\/mcetest.com\/nl\/wp-content\/uploads\/2026\/01\/nortevota.png\" class=\"attachment-large size-large wp-image-8564\" alt=\"\" srcset=\"https:\/\/mcetest.com\/nl\/wp-content\/uploads\/2026\/01\/nortevota.png 819w, https:\/\/mcetest.com\/nl\/wp-content\/uploads\/2026\/01\/nortevota-300x83.png 300w, https:\/\/mcetest.com\/nl\/wp-content\/uploads\/2026\/01\/nortevota-768x213.png 768w\" sizes=\"(max-width: 819px) 100vw, 819px\" \/>\t\t\t\t\t\t\t\t\t\t\t\t\t\t\t<\/div>\n\t\t\t\t<\/div>\n\t\t\t\t\t<\/div>\n\t\t<\/div>\n\t\t\t\t\t<\/div>\n\t\t<\/section>\n\t\t\t\t<section class=\"elementor-section elementor-top-section elementor-element elementor-element-e753619 elementor-section-boxed elementor-section-height-default elementor-section-height-default\" data-id=\"e753619\" data-element_type=\"section\" data-e-type=\"section\">\n\t\t\t\t\t\t<div class=\"elementor-container elementor-column-gap-default\">\n\t\t\t\t\t<div class=\"elementor-column elementor-col-50 elementor-top-column elementor-element elementor-element-ee48200\" data-id=\"ee48200\" data-element_type=\"column\" data-e-type=\"column\">\n\t\t\t<div class=\"elementor-widget-wrap elementor-element-populated\">\n\t\t\t\t\t\t<div class=\"elementor-element elementor-element-7788380 elementor-widget elementor-widget-image\" data-id=\"7788380\" data-element_type=\"widget\" data-e-type=\"widget\" data-widget_type=\"image.default\">\n\t\t\t\t<div class=\"elementor-widget-container\">\n\t\t\t\t\t\t\t\t\t\t\t\t\t\t\t<img decoding=\"async\" width=\"400\" height=\"500\" src=\"https:\/\/mcetest.com\/nl\/wp-content\/uploads\/2026\/01\/WhatsApp-Image-2026-01-28-at-12.29.21-PM-4.jpeg\" class=\"attachment-large size-large wp-image-9003\" alt=\"\" srcset=\"https:\/\/mcetest.com\/nl\/wp-content\/uploads\/2026\/01\/WhatsApp-Image-2026-01-28-at-12.29.21-PM-4.jpeg 400w, https:\/\/mcetest.com\/nl\/wp-content\/uploads\/2026\/01\/WhatsApp-Image-2026-01-28-at-12.29.21-PM-4-240x300.jpeg 240w\" sizes=\"(max-width: 400px) 100vw, 400px\" \/>\t\t\t\t\t\t\t\t\t\t\t\t\t\t\t<\/div>\n\t\t\t\t<\/div>\n\t\t\t\t\t<\/div>\n\t\t<\/div>\n\t\t\t\t<div class=\"elementor-column elementor-col-50 elementor-top-column elementor-element elementor-element-52aaa75\" data-id=\"52aaa75\" data-element_type=\"column\" data-e-type=\"column\">\n\t\t\t<div class=\"elementor-widget-wrap elementor-element-populated\">\n\t\t\t\t\t\t<div class=\"elementor-element elementor-element-743505d elementor-widget elementor-widget-text-editor\" data-id=\"743505d\" data-element_type=\"widget\" data-e-type=\"widget\" data-widget_type=\"text-editor.default\">\n\t\t\t\t<div class=\"elementor-widget-container\">\n\t\t\t\t\t\t\t\t\t<h4 style=\"text-align: center;\">Profesional Tecn\u00f3logo en Gesti\u00f3n Empresarial (2024) con estudios universitarios en Administraci\u00f3n de Empresas e Ingenier\u00eda Industrial (terminaci\u00f3n en 2025). Cuenta con experiencia en el sector p\u00fablico como Diputado y Concejal<\/h4>\t\t\t\t\t\t\t\t<\/div>\n\t\t\t\t<\/div>\n\t\t\t\t\t<\/div>\n\t\t<\/div>\n\t\t\t\t\t<\/div>\n\t\t<\/section>\n\t\t\t\t<section class=\"elementor-section elementor-top-section elementor-element elementor-element-1fb6b06 elementor-section-boxed elementor-section-height-default elementor-section-height-default\" data-id=\"1fb6b06\" data-element_type=\"section\" data-e-type=\"section\">\n\t\t\t\t\t\t<div class=\"elementor-container elementor-column-gap-default\">\n\t\t\t\t\t<div class=\"elementor-column elementor-col-50 elementor-top-column elementor-element elementor-element-f3770b8\" data-id=\"f3770b8\" data-element_type=\"column\" data-e-type=\"column\">\n\t\t\t<div class=\"elementor-widget-wrap elementor-element-populated\">\n\t\t\t\t\t\t<div class=\"elementor-element elementor-element-2092519 elementor-widget elementor-widget-image\" data-id=\"2092519\" data-element_type=\"widget\" data-e-type=\"widget\" data-widget_type=\"image.default\">\n\t\t\t\t<div class=\"elementor-widget-container\">\n\t\t\t\t\t\t\t\t\t\t\t\t\t\t\t<img decoding=\"async\" width=\"400\" height=\"500\" src=\"https:\/\/mcetest.com\/nl\/wp-content\/uploads\/2026\/01\/WhatsApp-Image-2026-01-28-at-12.29.21-PM-1.jpeg\" class=\"attachment-large size-large wp-image-9000\" alt=\"\" srcset=\"https:\/\/mcetest.com\/nl\/wp-content\/uploads\/2026\/01\/WhatsApp-Image-2026-01-28-at-12.29.21-PM-1.jpeg 400w, https:\/\/mcetest.com\/nl\/wp-content\/uploads\/2026\/01\/WhatsApp-Image-2026-01-28-at-12.29.21-PM-1-240x300.jpeg 240w\" sizes=\"(max-width: 400px) 100vw, 400px\" \/>\t\t\t\t\t\t\t\t\t\t\t\t\t\t\t<\/div>\n\t\t\t\t<\/div>\n\t\t\t\t\t<\/div>\n\t\t<\/div>\n\t\t\t\t<div class=\"elementor-column elementor-col-50 elementor-top-column elementor-element elementor-element-fbd9465\" data-id=\"fbd9465\" data-element_type=\"column\" data-e-type=\"column\">\n\t\t\t<div class=\"elementor-widget-wrap elementor-element-populated\">\n\t\t\t\t\t\t<div class=\"elementor-element elementor-element-2814afe elementor-widget elementor-widget-text-editor\" data-id=\"2814afe\" data-element_type=\"widget\" data-e-type=\"widget\" data-widget_type=\"text-editor.default\">\n\t\t\t\t<div class=\"elementor-widget-container\">\n\t\t\t\t\t\t\t\t\t<h4 style=\"text-align: center;\">Tecn\u00f3logo Electromec\u00e1nico. Concejal de San Jos\u00e9 de Cuc\u00fata de 2016 a 2019..<\/h4>\t\t\t\t\t\t\t\t<\/div>\n\t\t\t\t<\/div>\n\t\t\t\t\t<\/div>\n\t\t<\/div>\n\t\t\t\t\t<\/div>\n\t\t<\/section>\n\t\t\t\t<section class=\"elementor-section elementor-top-section elementor-element elementor-element-96c857f elementor-section-boxed elementor-section-height-default elementor-section-height-default\" data-id=\"96c857f\" data-element_type=\"section\" data-e-type=\"section\">\n\t\t\t\t\t\t<div class=\"elementor-container elementor-column-gap-default\">\n\t\t\t\t\t<div class=\"elementor-column elementor-col-50 elementor-top-column elementor-element elementor-element-868caca\" data-id=\"868caca\" data-element_type=\"column\" data-e-type=\"column\">\n\t\t\t<div class=\"elementor-widget-wrap elementor-element-populated\">\n\t\t\t\t\t\t<div class=\"elementor-element elementor-element-a40ead6 elementor-widget elementor-widget-image\" data-id=\"a40ead6\" data-element_type=\"widget\" data-e-type=\"widget\" data-widget_type=\"image.default\">\n\t\t\t\t<div class=\"elementor-widget-container\">\n\t\t\t\t\t\t\t\t\t\t\t\t\t\t\t<img loading=\"lazy\" decoding=\"async\" width=\"400\" height=\"500\" src=\"https:\/\/mcetest.com\/nl\/wp-content\/uploads\/2026\/01\/WhatsApp-Image-2026-01-28-at-12.29.21-PM-2.jpeg\" class=\"attachment-large size-large wp-image-9001\" alt=\"\" srcset=\"https:\/\/mcetest.com\/nl\/wp-content\/uploads\/2026\/01\/WhatsApp-Image-2026-01-28-at-12.29.21-PM-2.jpeg 400w, https:\/\/mcetest.com\/nl\/wp-content\/uploads\/2026\/01\/WhatsApp-Image-2026-01-28-at-12.29.21-PM-2-240x300.jpeg 240w\" sizes=\"(max-width: 400px) 100vw, 400px\" \/>\t\t\t\t\t\t\t\t\t\t\t\t\t\t\t<\/div>\n\t\t\t\t<\/div>\n\t\t\t\t\t<\/div>\n\t\t<\/div>\n\t\t\t\t<div class=\"elementor-column elementor-col-50 elementor-top-column elementor-element elementor-element-2070400\" data-id=\"2070400\" data-element_type=\"column\" data-e-type=\"column\">\n\t\t\t<div class=\"elementor-widget-wrap elementor-element-populated\">\n\t\t\t\t\t\t<div class=\"elementor-element elementor-element-2514ff4 elementor-widget elementor-widget-text-editor\" data-id=\"2514ff4\" data-element_type=\"widget\" data-e-type=\"widget\" data-widget_type=\"text-editor.default\">\n\t\t\t\t<div class=\"elementor-widget-container\">\n\t\t\t\t\t\t\t\t\t<h4 style=\"text-align: center;\">Abogada con estudios de Especializaci\u00f3n en Derecho Constitucional. Ha acumulado experiencia en el sector p\u00fablico, con dos periodos como Abogada Judicante\/Practicante y un contrato de Apoyo Profesional en Derecho en la Asamblea Departamental del Norte de Santander entre 2023 y 2024. Adem\u00e1s, ejerci\u00f3 como Asistente Judicial en la Rama Judicial en 2021.\u00a0<\/h4>\t\t\t\t\t\t\t\t<\/div>\n\t\t\t\t<\/div>\n\t\t\t\t\t<\/div>\n\t\t<\/div>\n\t\t\t\t\t<\/div>\n\t\t<\/section>\n\t\t\t\t<section class=\"elementor-section elementor-top-section elementor-element elementor-element-ce27187 elementor-section-boxed elementor-section-height-default elementor-section-height-default\" data-id=\"ce27187\" data-element_type=\"section\" data-e-type=\"section\">\n\t\t\t\t\t\t<div class=\"elementor-container elementor-column-gap-default\">\n\t\t\t\t\t<div class=\"elementor-column elementor-col-50 elementor-top-column elementor-element elementor-element-5814708\" data-id=\"5814708\" data-element_type=\"column\" data-e-type=\"column\">\n\t\t\t<div class=\"elementor-widget-wrap elementor-element-populated\">\n\t\t\t\t\t\t<div class=\"elementor-element elementor-element-f8d5ead elementor-widget elementor-widget-image\" data-id=\"f8d5ead\" data-element_type=\"widget\" data-e-type=\"widget\" data-widget_type=\"image.default\">\n\t\t\t\t<div class=\"elementor-widget-container\">\n\t\t\t\t\t\t\t\t\t\t\t\t\t\t\t<img loading=\"lazy\" decoding=\"async\" width=\"400\" height=\"500\" src=\"https:\/\/mcetest.com\/nl\/wp-content\/uploads\/2026\/01\/WhatsApp-Image-2026-01-28-at-12.29.21-PM.jpeg\" class=\"attachment-large size-large wp-image-9004\" alt=\"\" srcset=\"https:\/\/mcetest.com\/nl\/wp-content\/uploads\/2026\/01\/WhatsApp-Image-2026-01-28-at-12.29.21-PM.jpeg 400w, https:\/\/mcetest.com\/nl\/wp-content\/uploads\/2026\/01\/WhatsApp-Image-2026-01-28-at-12.29.21-PM-240x300.jpeg 240w\" sizes=\"(max-width: 400px) 100vw, 400px\" \/>\t\t\t\t\t\t\t\t\t\t\t\t\t\t\t<\/div>\n\t\t\t\t<\/div>\n\t\t\t\t\t<\/div>\n\t\t<\/div>\n\t\t\t\t<div class=\"elementor-column elementor-col-50 elementor-top-column elementor-element elementor-element-498d47d\" data-id=\"498d47d\" data-element_type=\"column\" data-e-type=\"column\">\n\t\t\t<div class=\"elementor-widget-wrap elementor-element-populated\">\n\t\t\t\t\t\t<div class=\"elementor-element elementor-element-419bb5e elementor-widget elementor-widget-text-editor\" data-id=\"419bb5e\" data-element_type=\"widget\" data-e-type=\"widget\" data-widget_type=\"text-editor.default\">\n\t\t\t\t<div class=\"elementor-widget-container\">\n\t\t\t\t\t\t\t\t\t<h4 style=\"text-align: center;\">Abogada. Ha ejercido como Judicante en la Universidad de Pamplona y Auxiliar Contable en una empresa Automotriz. Tambi\u00e9n fue Secretaria Administrativa en Vipricon LTDA.\u00a0<\/h4>\t\t\t\t\t\t\t\t<\/div>\n\t\t\t\t<\/div>\n\t\t\t\t\t<\/div>\n\t\t<\/div>\n\t\t\t\t\t<\/div>\n\t\t<\/section>\n\t\t\t\t<section class=\"elementor-section elementor-top-section elementor-element elementor-element-f746b86 elementor-section-boxed elementor-section-height-default elementor-section-height-default\" data-id=\"f746b86\" data-element_type=\"section\" data-e-type=\"section\">\n\t\t\t\t\t\t<div class=\"elementor-container elementor-column-gap-default\">\n\t\t\t\t\t<div class=\"elementor-column elementor-col-50 elementor-top-column elementor-element elementor-element-247eaca\" data-id=\"247eaca\" data-element_type=\"column\" data-e-type=\"column\">\n\t\t\t<div class=\"elementor-widget-wrap elementor-element-populated\">\n\t\t\t\t\t\t<div class=\"elementor-element elementor-element-73fabd4 elementor-widget elementor-widget-image\" data-id=\"73fabd4\" data-element_type=\"widget\" data-e-type=\"widget\" data-widget_type=\"image.default\">\n\t\t\t\t<div class=\"elementor-widget-container\">\n\t\t\t\t\t\t\t\t\t\t\t\t\t\t\t<img loading=\"lazy\" decoding=\"async\" width=\"400\" height=\"500\" src=\"https:\/\/mcetest.com\/nl\/wp-content\/uploads\/2026\/01\/WhatsApp-Image-2026-01-28-at-12.29.21-PM-3.jpeg\" class=\"attachment-large size-large wp-image-9002\" alt=\"\" srcset=\"https:\/\/mcetest.com\/nl\/wp-content\/uploads\/2026\/01\/WhatsApp-Image-2026-01-28-at-12.29.21-PM-3.jpeg 400w, https:\/\/mcetest.com\/nl\/wp-content\/uploads\/2026\/01\/WhatsApp-Image-2026-01-28-at-12.29.21-PM-3-240x300.jpeg 240w\" sizes=\"(max-width: 400px) 100vw, 400px\" \/>\t\t\t\t\t\t\t\t\t\t\t\t\t\t\t<\/div>\n\t\t\t\t<\/div>\n\t\t\t\t\t<\/div>\n\t\t<\/div>\n\t\t\t\t<div class=\"elementor-column elementor-col-50 elementor-top-column elementor-element elementor-element-90d60b8\" data-id=\"90d60b8\" data-element_type=\"column\" data-e-type=\"column\">\n\t\t\t<div class=\"elementor-widget-wrap elementor-element-populated\">\n\t\t\t\t\t\t<div class=\"elementor-element elementor-element-9d0ea8f elementor-widget elementor-widget-text-editor\" data-id=\"9d0ea8f\" data-element_type=\"widget\" data-e-type=\"widget\" data-widget_type=\"text-editor.default\">\n\t\t\t\t<div class=\"elementor-widget-container\">\n\t\t\t\t\t\t\t\t\t<h4 style=\"text-align: center;\">Ingeniero civil, especialista en gerencia de proyectos y cursante de una maestr\u00eda en Administraci\u00f3n P\u00fablica. Ha desarrollado su trayectoria en proyectos de cooperaci\u00f3n internacional, en el sector p\u00fablico y en la gerencia empresarial, con un enfoque en la mejora de procesos, la resoluci\u00f3n de conflictos y la gesti\u00f3n eficiente de recursos.\u00a0<\/h4>\t\t\t\t\t\t\t\t<\/div>\n\t\t\t\t<\/div>\n\t\t\t\t\t<\/div>\n\t\t<\/div>\n\t\t\t\t\t<\/div>\n\t\t<\/section>\n\t\t\t\t<section class=\"elementor-section elementor-top-section elementor-element elementor-element-acc9ac4 elementor-section-boxed elementor-section-height-default elementor-section-height-default\" data-id=\"acc9ac4\" data-element_type=\"section\" data-e-type=\"section\">\n\t\t\t\t\t\t<div class=\"elementor-container elementor-column-gap-default\">\n\t\t\t\t\t<div class=\"elementor-column elementor-col-100 elementor-top-column elementor-element elementor-element-9fef7f3\" data-id=\"9fef7f3\" data-element_type=\"column\" data-e-type=\"column\">\n\t\t\t<div class=\"elementor-widget-wrap\">\n\t\t\t\t\t\t\t<\/div>\n\t\t<\/div>\n\t\t\t\t\t<\/div>\n\t\t<\/section>\n\t\t\t\t<\/div>\n\t\t","protected":false},"excerpt":{"rendered":"<p>Candidatos a la C\u00e1mara por Norte de Santander 2026 Profesional Tecn\u00f3logo en Gesti\u00f3n Empresarial (2024) con estudios universitarios en Administraci\u00f3n de Empresas e Ingenier\u00eda Industrial (terminaci\u00f3n en 2025). Cuenta con [&hellip;]<\/p>\n","protected":false},"author":1,"featured_media":0,"parent":0,"menu_order":0,"comment_status":"closed","ping_status":"closed","template":"","meta":{"footnotes":""},"class_list":["post-8557","page","type-page","status-publish","hentry"],"_links":{"self":[{"href":"https:\/\/mcetest.com\/nl\/wp-json\/wp\/v2\/pages\/8557","targetHints":{"allow":["GET"]}}],"collection":[{"href":"https:\/\/mcetest.com\/nl\/wp-json\/wp\/v2\/pages"}],"about":[{"href":"https:\/\/mcetest.com\/nl\/wp-json\/wp\/v2\/types\/page"}],"author":[{"embeddable":true,"href":"https:\/\/mcetest.com\/nl\/wp-json\/wp\/v2\/users\/1"}],"replies":[{"embeddable":true,"href":"https:\/\/mcetest.com\/nl\/wp-json\/wp\/v2\/comments?post=8557"}],"version-history":[{"count":19,"href":"https:\/\/mcetest.com\/nl\/wp-json\/wp\/v2\/pages\/8557\/revisions"}],"predecessor-version":[{"id":9020,"href":"https:\/\/mcetest.com\/nl\/wp-json\/wp\/v2\/pages\/8557\/revisions\/9020"}],"wp:attachment":[{"href":"https:\/\/mcetest.com\/nl\/wp-json\/wp\/v2\/media?parent=8557"}],"curies":[{"name":"wp","href":"https:\/\/api.w.org\/{rel}","templated":true}]}}