{"id":8535,"date":"2026-01-23T07:46:37","date_gmt":"2026-01-23T07:46:37","guid":{"rendered":"https:\/\/mcetest.com\/nl\/?page_id=8535"},"modified":"2026-02-03T17:15:30","modified_gmt":"2026-02-03T17:15:30","slug":"candidatos-guainia-2026","status":"publish","type":"page","link":"https:\/\/mcetest.com\/nl\/candidatos-guainia-2026\/","title":{"rendered":"Candidatos a la C\u00e1mara por Guain\u00eda 2026"},"content":{"rendered":"<style>.elementor-8535 .elementor-element.elementor-element-8a1c4e7{margin-top:25px;margin-bottom:25px;}<\/style>\t\t<div data-elementor-type=\"wp-page\" data-elementor-id=\"8535\" class=\"elementor elementor-8535\" data-elementor-post-type=\"page\">\n\t\t\t\t\t\t<section class=\"elementor-section elementor-top-section elementor-element elementor-element-8a1c4e7 elementor-section-boxed elementor-section-height-default elementor-section-height-default\" data-id=\"8a1c4e7\" data-element_type=\"section\" data-e-type=\"section\">\n\t\t\t\t\t\t<div class=\"elementor-container elementor-column-gap-default\">\n\t\t\t\t\t<div class=\"elementor-column elementor-col-100 elementor-top-column elementor-element elementor-element-49aa793\" data-id=\"49aa793\" data-element_type=\"column\" data-e-type=\"column\">\n\t\t\t<div class=\"elementor-widget-wrap\">\n\t\t\t\t\t\t\t<\/div>\n\t\t<\/div>\n\t\t\t\t\t<\/div>\n\t\t<\/section>\n\t\t\t\t<section class=\"elementor-section elementor-top-section elementor-element elementor-element-4c7931d elementor-section-boxed elementor-section-height-default elementor-section-height-default\" data-id=\"4c7931d\" data-element_type=\"section\" data-e-type=\"section\">\n\t\t\t\t\t\t<div class=\"elementor-container elementor-column-gap-default\">\n\t\t\t\t\t<div class=\"elementor-column elementor-col-100 elementor-top-column elementor-element elementor-element-717f496\" data-id=\"717f496\" data-element_type=\"column\" data-e-type=\"column\">\n\t\t\t<div class=\"elementor-widget-wrap elementor-element-populated\">\n\t\t\t\t\t\t<div class=\"elementor-element elementor-element-f9f36a7 elementor-widget elementor-widget-image\" data-id=\"f9f36a7\" data-element_type=\"widget\" data-e-type=\"widget\" data-widget_type=\"image.default\">\n\t\t\t\t<div class=\"elementor-widget-container\">\n\t\t\t\t\t\t\t\t\t\t\t\t\t\t\t<img fetchpriority=\"high\" decoding=\"async\" width=\"2560\" height=\"954\" src=\"https:\/\/mcetest.com\/nl\/wp-content\/uploads\/2026\/02\/GUAINIA-scaled.jpg\" class=\"attachment-full size-full wp-image-9164\" alt=\"\" srcset=\"https:\/\/mcetest.com\/nl\/wp-content\/uploads\/2026\/02\/GUAINIA-scaled.jpg 2560w, https:\/\/mcetest.com\/nl\/wp-content\/uploads\/2026\/02\/GUAINIA-300x112.jpg 300w, https:\/\/mcetest.com\/nl\/wp-content\/uploads\/2026\/02\/GUAINIA-1024x382.jpg 1024w, https:\/\/mcetest.com\/nl\/wp-content\/uploads\/2026\/02\/GUAINIA-768x286.jpg 768w, https:\/\/mcetest.com\/nl\/wp-content\/uploads\/2026\/02\/GUAINIA-1536x572.jpg 1536w, https:\/\/mcetest.com\/nl\/wp-content\/uploads\/2026\/02\/GUAINIA-2048x763.jpg 2048w\" sizes=\"(max-width: 2560px) 100vw, 2560px\" \/>\t\t\t\t\t\t\t\t\t\t\t\t\t\t\t<\/div>\n\t\t\t\t<\/div>\n\t\t\t\t\t<\/div>\n\t\t<\/div>\n\t\t\t\t\t<\/div>\n\t\t<\/section>\n\t\t\t\t<section class=\"elementor-section elementor-top-section elementor-element elementor-element-e753619 elementor-section-boxed elementor-section-height-default elementor-section-height-default\" data-id=\"e753619\" data-element_type=\"section\" data-e-type=\"section\">\n\t\t\t\t\t\t<div class=\"elementor-container elementor-column-gap-default\">\n\t\t\t\t\t<div class=\"elementor-column elementor-col-50 elementor-top-column elementor-element elementor-element-ee48200\" data-id=\"ee48200\" data-element_type=\"column\" data-e-type=\"column\">\n\t\t\t<div class=\"elementor-widget-wrap elementor-element-populated\">\n\t\t\t\t\t\t<div class=\"elementor-element elementor-element-7788380 elementor-widget elementor-widget-image\" data-id=\"7788380\" data-element_type=\"widget\" data-e-type=\"widget\" data-widget_type=\"image.default\">\n\t\t\t\t<div class=\"elementor-widget-container\">\n\t\t\t\t\t\t\t\t\t\t\t\t\t\t\t<img decoding=\"async\" width=\"400\" height=\"500\" src=\"https:\/\/mcetest.com\/nl\/wp-content\/uploads\/2026\/01\/WhatsApp-Image-2026-01-28-at-12.15.44-PM-2.jpeg\" class=\"attachment-large size-large wp-image-8993\" alt=\"\" srcset=\"https:\/\/mcetest.com\/nl\/wp-content\/uploads\/2026\/01\/WhatsApp-Image-2026-01-28-at-12.15.44-PM-2.jpeg 400w, https:\/\/mcetest.com\/nl\/wp-content\/uploads\/2026\/01\/WhatsApp-Image-2026-01-28-at-12.15.44-PM-2-240x300.jpeg 240w\" sizes=\"(max-width: 400px) 100vw, 400px\" \/>\t\t\t\t\t\t\t\t\t\t\t\t\t\t\t<\/div>\n\t\t\t\t<\/div>\n\t\t\t\t\t<\/div>\n\t\t<\/div>\n\t\t\t\t<div class=\"elementor-column elementor-col-50 elementor-top-column elementor-element elementor-element-52aaa75\" data-id=\"52aaa75\" data-element_type=\"column\" data-e-type=\"column\">\n\t\t\t<div class=\"elementor-widget-wrap elementor-element-populated\">\n\t\t\t\t\t\t<div class=\"elementor-element elementor-element-743505d elementor-widget elementor-widget-text-editor\" data-id=\"743505d\" data-element_type=\"widget\" data-e-type=\"widget\" data-widget_type=\"text-editor.default\">\n\t\t\t\t<div class=\"elementor-widget-container\">\n\t\t\t\t\t\t\t\t\t<h4 style=\"text-align: center;\">T\u00e9cnica Auxiliar Administrativa. Ha desempe\u00f1ado roles tanto en el sector educativo como en la administraci\u00f3n p\u00fablica departamental en Guain\u00eda, destac\u00e1ndose su periodo como Diputada. Inici\u00f3 como Docente en el sector educativo de Guain\u00eda (1994-1996). Dio un paso a la pol\u00edtica de elecci\u00f3n popular ejerciendo como Diputada en la Asamblea Departamental de Guain\u00eda (1998-2000).<\/h4>\t\t\t\t\t\t\t\t<\/div>\n\t\t\t\t<\/div>\n\t\t\t\t\t<\/div>\n\t\t<\/div>\n\t\t\t\t\t<\/div>\n\t\t<\/section>\n\t\t\t\t<section class=\"elementor-section elementor-top-section elementor-element elementor-element-75b9495 elementor-section-boxed elementor-section-height-default elementor-section-height-default\" data-id=\"75b9495\" data-element_type=\"section\" data-e-type=\"section\">\n\t\t\t\t\t\t<div class=\"elementor-container elementor-column-gap-default\">\n\t\t\t\t\t<div class=\"elementor-column elementor-col-50 elementor-top-column elementor-element elementor-element-d804da4\" data-id=\"d804da4\" data-element_type=\"column\" data-e-type=\"column\">\n\t\t\t<div class=\"elementor-widget-wrap elementor-element-populated\">\n\t\t\t\t\t\t<div class=\"elementor-element elementor-element-a289901 elementor-widget elementor-widget-image\" data-id=\"a289901\" data-element_type=\"widget\" data-e-type=\"widget\" data-widget_type=\"image.default\">\n\t\t\t\t<div class=\"elementor-widget-container\">\n\t\t\t\t\t\t\t\t\t\t\t\t\t\t\t<img decoding=\"async\" width=\"371\" height=\"87\" src=\"https:\/\/mcetest.com\/nl\/wp-content\/uploads\/2026\/01\/guainia2.png\" class=\"attachment-large size-large wp-image-8537\" alt=\"\" srcset=\"https:\/\/mcetest.com\/nl\/wp-content\/uploads\/2026\/01\/guainia2.png 371w, https:\/\/mcetest.com\/nl\/wp-content\/uploads\/2026\/01\/guainia2-300x70.png 300w\" sizes=\"(max-width: 371px) 100vw, 371px\" \/>\t\t\t\t\t\t\t\t\t\t\t\t\t\t\t<\/div>\n\t\t\t\t<\/div>\n\t\t\t\t\t<\/div>\n\t\t<\/div>\n\t\t\t\t<div class=\"elementor-column elementor-col-50 elementor-top-column elementor-element elementor-element-5655b45\" data-id=\"5655b45\" data-element_type=\"column\" data-e-type=\"column\">\n\t\t\t<div class=\"elementor-widget-wrap elementor-element-populated\">\n\t\t\t\t\t\t<div class=\"elementor-element elementor-element-624d712 elementor-widget elementor-widget-text-editor\" data-id=\"624d712\" data-element_type=\"widget\" data-e-type=\"widget\" data-widget_type=\"text-editor.default\">\n\t\t\t\t<div class=\"elementor-widget-container\">\n\t\t\t\t\t\t\t\t\t<h4 style=\"text-align: center;\">Ha ejercido roles como Auxiliar Biling\u00fce, Docente, Vicepresidente y Presidente en organizaciones ind\u00edgenas y entidades territoriales del Guain\u00eda.<\/h4>\t\t\t\t\t\t\t\t<\/div>\n\t\t\t\t<\/div>\n\t\t\t\t\t<\/div>\n\t\t<\/div>\n\t\t\t\t\t<\/div>\n\t\t<\/section>\n\t\t\t\t<section class=\"elementor-section elementor-top-section elementor-element elementor-element-acc9ac4 elementor-section-boxed elementor-section-height-default elementor-section-height-default\" data-id=\"acc9ac4\" data-element_type=\"section\" data-e-type=\"section\">\n\t\t\t\t\t\t<div class=\"elementor-container elementor-column-gap-default\">\n\t\t\t\t\t<div class=\"elementor-column elementor-col-100 elementor-top-column elementor-element elementor-element-9fef7f3\" data-id=\"9fef7f3\" data-element_type=\"column\" data-e-type=\"column\">\n\t\t\t<div class=\"elementor-widget-wrap\">\n\t\t\t\t\t\t\t<\/div>\n\t\t<\/div>\n\t\t\t\t\t<\/div>\n\t\t<\/section>\n\t\t\t\t<\/div>\n\t\t","protected":false},"excerpt":{"rendered":"<p>T\u00e9cnica Auxiliar Administrativa. Ha desempe\u00f1ado roles tanto en el sector educativo como en la administraci\u00f3n p\u00fablica departamental en Guain\u00eda, destac\u00e1ndose su periodo como Diputada. Inici\u00f3 como Docente en el sector [&hellip;]<\/p>\n","protected":false},"author":1,"featured_media":0,"parent":0,"menu_order":0,"comment_status":"closed","ping_status":"closed","template":"","meta":{"footnotes":""},"class_list":["post-8535","page","type-page","status-publish","hentry"],"_links":{"self":[{"href":"https:\/\/mcetest.com\/nl\/wp-json\/wp\/v2\/pages\/8535","targetHints":{"allow":["GET"]}}],"collection":[{"href":"https:\/\/mcetest.com\/nl\/wp-json\/wp\/v2\/pages"}],"about":[{"href":"https:\/\/mcetest.com\/nl\/wp-json\/wp\/v2\/types\/page"}],"author":[{"embeddable":true,"href":"https:\/\/mcetest.com\/nl\/wp-json\/wp\/v2\/users\/1"}],"replies":[{"embeddable":true,"href":"https:\/\/mcetest.com\/nl\/wp-json\/wp\/v2\/comments?post=8535"}],"version-history":[{"count":10,"href":"https:\/\/mcetest.com\/nl\/wp-json\/wp\/v2\/pages\/8535\/revisions"}],"predecessor-version":[{"id":9212,"href":"https:\/\/mcetest.com\/nl\/wp-json\/wp\/v2\/pages\/8535\/revisions\/9212"}],"wp:attachment":[{"href":"https:\/\/mcetest.com\/nl\/wp-json\/wp\/v2\/media?parent=8535"}],"curies":[{"name":"wp","href":"https:\/\/api.w.org\/{rel}","templated":true}]}}