{"id":8520,"date":"2026-01-23T07:38:01","date_gmt":"2026-01-23T07:38:01","guid":{"rendered":"https:\/\/mcetest.com\/nl\/?page_id=8520"},"modified":"2026-02-03T17:10:10","modified_gmt":"2026-02-03T17:10:10","slug":"candidatos-camara-cesar-2026","status":"publish","type":"page","link":"https:\/\/mcetest.com\/nl\/candidatos-camara-cesar-2026\/","title":{"rendered":"Candidatos a la C\u00e1mara por Cesar  2026"},"content":{"rendered":"<style>.elementor-8520 .elementor-element.elementor-element-8a1c4e7{margin-top:25px;margin-bottom:25px;}.elementor-8520 .elementor-element.elementor-element-c49b990.ekit-equal-height-enable,\n\t\t\t\t\t.elementor-8520 .elementor-element.elementor-element-c49b990.ekit-equal-height-enable > div,\n\t\t\t\t\t.elementor-8520 .elementor-element.elementor-element-c49b990.ekit-equal-height-enable .ekit-wid-con,\n\t\t\t\t\t.elementor-8520 .elementor-element.elementor-element-c49b990.ekit-equal-height-enable .ekit-wid-con .elementskit-info-image-box{height:100%;}.elementor-8520 .elementor-element.elementor-element-c49b990 .elementskit-info-image-box  .elementskit-box-header img{opacity:1;}.elementor-8520 .elementor-element.elementor-element-c49b990 .elementskit-info-image-box.elementskit-thumb-card >  img{opacity:1;}.elementor-8520 .elementor-element.elementor-element-c49b990 .elementskit-info-image-box:hover  .elementskit-box-header img{opacity:1;transform:scale(1.1);}.elementor-8520 .elementor-element.elementor-element-c49b990 .elementskit-info-image-box.elementskit-thumb-card:hover >  img{opacity:1;transform:scale(1.1);}.elementor-8520 .elementor-element.elementor-element-c49b990 .elementskit-info-image-box .elementskit-info-box-title{margin:0px 0px 20px 0px;}.elementor-8520 .elementor-element.elementor-element-c49b990 .elementskit-info-image-box .elementskit-box-style-content{margin:0px 0px 14px 0px;}<\/style>\t\t<div data-elementor-type=\"wp-page\" data-elementor-id=\"8520\" class=\"elementor elementor-8520\" data-elementor-post-type=\"page\">\n\t\t\t\t\t\t<section class=\"elementor-section elementor-top-section elementor-element elementor-element-8a1c4e7 elementor-section-boxed elementor-section-height-default elementor-section-height-default\" data-id=\"8a1c4e7\" data-element_type=\"section\" data-e-type=\"section\">\n\t\t\t\t\t\t<div class=\"elementor-container elementor-column-gap-default\">\n\t\t\t\t\t<div class=\"elementor-column elementor-col-100 elementor-top-column elementor-element elementor-element-49aa793\" data-id=\"49aa793\" data-element_type=\"column\" data-e-type=\"column\">\n\t\t\t<div class=\"elementor-widget-wrap\">\n\t\t\t\t\t\t\t<\/div>\n\t\t<\/div>\n\t\t\t\t\t<\/div>\n\t\t<\/section>\n\t\t\t\t<section class=\"elementor-section elementor-top-section elementor-element elementor-element-4c7931d elementor-section-boxed elementor-section-height-default elementor-section-height-default\" data-id=\"4c7931d\" data-element_type=\"section\" data-e-type=\"section\">\n\t\t\t\t\t\t<div class=\"elementor-container elementor-column-gap-default\">\n\t\t\t\t\t<div class=\"elementor-column elementor-col-100 elementor-top-column elementor-element elementor-element-717f496\" data-id=\"717f496\" data-element_type=\"column\" data-e-type=\"column\">\n\t\t\t<div class=\"elementor-widget-wrap elementor-element-populated\">\n\t\t\t\t\t\t<div class=\"elementor-element elementor-element-f9f36a7 elementor-widget elementor-widget-image\" data-id=\"f9f36a7\" data-element_type=\"widget\" data-e-type=\"widget\" data-widget_type=\"image.default\">\n\t\t\t\t<div class=\"elementor-widget-container\">\n\t\t\t\t\t\t\t\t\t\t\t\t\t\t\t<img fetchpriority=\"high\" decoding=\"async\" width=\"2560\" height=\"954\" src=\"https:\/\/mcetest.com\/nl\/wp-content\/uploads\/2026\/02\/CESAR-scaled.jpg\" class=\"attachment-full size-full wp-image-9161\" alt=\"\" srcset=\"https:\/\/mcetest.com\/nl\/wp-content\/uploads\/2026\/02\/CESAR-scaled.jpg 2560w, https:\/\/mcetest.com\/nl\/wp-content\/uploads\/2026\/02\/CESAR-300x112.jpg 300w, https:\/\/mcetest.com\/nl\/wp-content\/uploads\/2026\/02\/CESAR-1024x382.jpg 1024w, https:\/\/mcetest.com\/nl\/wp-content\/uploads\/2026\/02\/CESAR-768x286.jpg 768w, https:\/\/mcetest.com\/nl\/wp-content\/uploads\/2026\/02\/CESAR-1536x573.jpg 1536w, https:\/\/mcetest.com\/nl\/wp-content\/uploads\/2026\/02\/CESAR-2048x763.jpg 2048w\" sizes=\"(max-width: 2560px) 100vw, 2560px\" \/>\t\t\t\t\t\t\t\t\t\t\t\t\t\t\t<\/div>\n\t\t\t\t<\/div>\n\t\t\t\t\t<\/div>\n\t\t<\/div>\n\t\t\t\t\t<\/div>\n\t\t<\/section>\n\t\t\t\t<section class=\"elementor-section elementor-top-section elementor-element elementor-element-e753619 elementor-section-boxed elementor-section-height-default elementor-section-height-default\" data-id=\"e753619\" data-element_type=\"section\" data-e-type=\"section\">\n\t\t\t\t\t\t<div class=\"elementor-container elementor-column-gap-default\">\n\t\t\t\t\t<div class=\"elementor-column elementor-col-50 elementor-top-column elementor-element elementor-element-ee48200\" data-id=\"ee48200\" data-element_type=\"column\" data-e-type=\"column\">\n\t\t\t<div class=\"elementor-widget-wrap elementor-element-populated\">\n\t\t\t\t\t\t<div class=\"elementor-element elementor-element-c49b990 ekit-equal-height-disable elementor-widget elementor-widget-elementskit-image-box\" data-id=\"c49b990\" data-element_type=\"widget\" data-e-type=\"widget\" data-widget_type=\"elementskit-image-box.default\">\n\t\t\t\t<div class=\"elementor-widget-container\">\n\t\t\t\t\t<div class=\"ekit-wid-con\" >\n            <div class=\"elementskit-info-image-box ekit-image-box text-center simple-card\" >\n\n                <a href=\"https:\/\/mcetest.com\/nl\/wp-content\/uploads\/2026\/01\/1.png\">\n                <div class=\"elementskit-box-header image-box-img-center\">\n\n                    <img decoding=\"async\" src=\"https:\/\/mcetest.com\/nl\/wp-content\/uploads\/elementor\/thumbs\/WhatsApp-Image-2026-01-28-at-11.59.19-AM-1-ric25dluque0xv540gbj6zs9eg6bqwada6s5mcvvde.jpeg\" title=\"WhatsApp Image 2026-01-28 at 11.59.19 AM (1)\" alt=\"WhatsApp Image 2026-01-28 at 11.59.19 AM (1)\" loading=\"lazy\" \/>\n                <\/div>\n                <\/a>\n                <div class=\"elementskit-box-body ekit-image-box-body\">\n                    <div class=\"elementskit-box-content ekit-image-box-body-inner\">\n                                                            <\/div>\n\n                            <\/div>\n            <\/div>\n    <\/div>\t\t\t\t<\/div>\n\t\t\t\t<\/div>\n\t\t\t\t\t<\/div>\n\t\t<\/div>\n\t\t\t\t<div class=\"elementor-column elementor-col-50 elementor-top-column elementor-element elementor-element-52aaa75\" data-id=\"52aaa75\" data-element_type=\"column\" data-e-type=\"column\">\n\t\t\t<div class=\"elementor-widget-wrap elementor-element-populated\">\n\t\t\t\t\t\t<div class=\"elementor-element elementor-element-743505d elementor-widget elementor-widget-text-editor\" data-id=\"743505d\" data-element_type=\"widget\" data-e-type=\"widget\" data-widget_type=\"text-editor.default\">\n\t\t\t\t<div class=\"elementor-widget-container\">\n\t\t\t\t\t\t\t\t\t<h4 style=\"text-align: center;\">Administrador P\u00fablico y Especialista en Gerencia en Gobierno y Gesti\u00f3n P\u00fablica, con una amplia trayectoria como contratista en el sector p\u00fablico del departamento de Cesar.\u00a0<\/h4>\t\t\t\t\t\t\t\t<\/div>\n\t\t\t\t<\/div>\n\t\t\t\t\t<\/div>\n\t\t<\/div>\n\t\t\t\t\t<\/div>\n\t\t<\/section>\n\t\t\t\t<section class=\"elementor-section elementor-top-section elementor-element elementor-element-acc9ac4 elementor-section-boxed elementor-section-height-default elementor-section-height-default\" data-id=\"acc9ac4\" data-element_type=\"section\" data-e-type=\"section\">\n\t\t\t\t\t\t<div class=\"elementor-container elementor-column-gap-default\">\n\t\t\t\t\t<div class=\"elementor-column elementor-col-100 elementor-top-column elementor-element elementor-element-9fef7f3\" data-id=\"9fef7f3\" data-element_type=\"column\" data-e-type=\"column\">\n\t\t\t<div class=\"elementor-widget-wrap\">\n\t\t\t\t\t\t\t<\/div>\n\t\t<\/div>\n\t\t\t\t\t<\/div>\n\t\t<\/section>\n\t\t\t\t<\/div>\n\t\t","protected":false},"excerpt":{"rendered":"<p>Administrador P\u00fablico y Especialista en Gerencia en Gobierno y Gesti\u00f3n P\u00fablica, con una amplia trayectoria como contratista en el sector p\u00fablico del departamento de Cesar.\u00a0<\/p>\n","protected":false},"author":1,"featured_media":0,"parent":0,"menu_order":0,"comment_status":"closed","ping_status":"closed","template":"","meta":{"footnotes":""},"class_list":["post-8520","page","type-page","status-publish","hentry"],"_links":{"self":[{"href":"https:\/\/mcetest.com\/nl\/wp-json\/wp\/v2\/pages\/8520","targetHints":{"allow":["GET"]}}],"collection":[{"href":"https:\/\/mcetest.com\/nl\/wp-json\/wp\/v2\/pages"}],"about":[{"href":"https:\/\/mcetest.com\/nl\/wp-json\/wp\/v2\/types\/page"}],"author":[{"embeddable":true,"href":"https:\/\/mcetest.com\/nl\/wp-json\/wp\/v2\/users\/1"}],"replies":[{"embeddable":true,"href":"https:\/\/mcetest.com\/nl\/wp-json\/wp\/v2\/comments?post=8520"}],"version-history":[{"count":10,"href":"https:\/\/mcetest.com\/nl\/wp-json\/wp\/v2\/pages\/8520\/revisions"}],"predecessor-version":[{"id":9200,"href":"https:\/\/mcetest.com\/nl\/wp-json\/wp\/v2\/pages\/8520\/revisions\/9200"}],"wp:attachment":[{"href":"https:\/\/mcetest.com\/nl\/wp-json\/wp\/v2\/media?parent=8520"}],"curies":[{"name":"wp","href":"https:\/\/api.w.org\/{rel}","templated":true}]}}