{"id":8512,"date":"2026-01-23T07:34:17","date_gmt":"2026-01-23T07:34:17","guid":{"rendered":"https:\/\/mcetest.com\/nl\/?page_id=8512"},"modified":"2026-02-03T16:00:38","modified_gmt":"2026-02-03T16:00:38","slug":"candidatos-camara-caqueta-2026","status":"publish","type":"page","link":"https:\/\/mcetest.com\/nl\/candidatos-camara-caqueta-2026\/","title":{"rendered":"Candidatos a la C\u00e1mara por Caquet\u00e1 2026"},"content":{"rendered":"<style>.elementor-8512 .elementor-element.elementor-element-8a1c4e7{margin-top:25px;margin-bottom:25px;}<\/style>\t\t<div data-elementor-type=\"wp-page\" data-elementor-id=\"8512\" class=\"elementor elementor-8512\" data-elementor-post-type=\"page\">\n\t\t\t\t\t\t<section class=\"elementor-section elementor-top-section elementor-element elementor-element-8a1c4e7 elementor-section-boxed elementor-section-height-default elementor-section-height-default\" data-id=\"8a1c4e7\" data-element_type=\"section\" data-e-type=\"section\">\n\t\t\t\t\t\t<div class=\"elementor-container elementor-column-gap-default\">\n\t\t\t\t\t<div class=\"elementor-column elementor-col-100 elementor-top-column elementor-element elementor-element-ead9d45\" data-id=\"ead9d45\" data-element_type=\"column\" data-e-type=\"column\">\n\t\t\t<div class=\"elementor-widget-wrap\">\n\t\t\t\t\t\t\t<\/div>\n\t\t<\/div>\n\t\t\t\t\t<\/div>\n\t\t<\/section>\n\t\t\t\t<section class=\"elementor-section elementor-top-section elementor-element elementor-element-4c7931d elementor-section-boxed elementor-section-height-default elementor-section-height-default\" data-id=\"4c7931d\" data-element_type=\"section\" data-e-type=\"section\">\n\t\t\t\t\t\t<div class=\"elementor-container elementor-column-gap-default\">\n\t\t\t\t\t<div class=\"elementor-column elementor-col-100 elementor-top-column elementor-element elementor-element-717f496\" data-id=\"717f496\" data-element_type=\"column\" data-e-type=\"column\">\n\t\t\t<div class=\"elementor-widget-wrap elementor-element-populated\">\n\t\t\t\t\t\t<div class=\"elementor-element elementor-element-f9f36a7 elementor-widget elementor-widget-image\" data-id=\"f9f36a7\" data-element_type=\"widget\" data-e-type=\"widget\" data-widget_type=\"image.default\">\n\t\t\t\t<div class=\"elementor-widget-container\">\n\t\t\t\t\t\t\t\t\t\t\t\t\t\t\t<img fetchpriority=\"high\" decoding=\"async\" width=\"1600\" height=\"596\" src=\"https:\/\/mcetest.com\/nl\/wp-content\/uploads\/2026\/02\/caqueta.jpeg\" class=\"attachment-full size-full wp-image-9146\" alt=\"\" srcset=\"https:\/\/mcetest.com\/nl\/wp-content\/uploads\/2026\/02\/caqueta.jpeg 1600w, https:\/\/mcetest.com\/nl\/wp-content\/uploads\/2026\/02\/caqueta-300x112.jpeg 300w, https:\/\/mcetest.com\/nl\/wp-content\/uploads\/2026\/02\/caqueta-1024x381.jpeg 1024w, https:\/\/mcetest.com\/nl\/wp-content\/uploads\/2026\/02\/caqueta-768x286.jpeg 768w, https:\/\/mcetest.com\/nl\/wp-content\/uploads\/2026\/02\/caqueta-1536x572.jpeg 1536w\" sizes=\"(max-width: 1600px) 100vw, 1600px\" \/>\t\t\t\t\t\t\t\t\t\t\t\t\t\t\t<\/div>\n\t\t\t\t<\/div>\n\t\t\t\t\t<\/div>\n\t\t<\/div>\n\t\t\t\t\t<\/div>\n\t\t<\/section>\n\t\t\t\t<section class=\"elementor-section elementor-top-section elementor-element elementor-element-e753619 elementor-section-boxed elementor-section-height-default elementor-section-height-default\" data-id=\"e753619\" data-element_type=\"section\" data-e-type=\"section\">\n\t\t\t\t\t\t<div class=\"elementor-container elementor-column-gap-default\">\n\t\t\t\t\t<div class=\"elementor-column elementor-col-50 elementor-top-column elementor-element elementor-element-ee48200\" data-id=\"ee48200\" data-element_type=\"column\" data-e-type=\"column\">\n\t\t\t<div class=\"elementor-widget-wrap elementor-element-populated\">\n\t\t\t\t\t\t<div class=\"elementor-element elementor-element-7788380 elementor-widget elementor-widget-image\" data-id=\"7788380\" data-element_type=\"widget\" data-e-type=\"widget\" data-widget_type=\"image.default\">\n\t\t\t\t<div class=\"elementor-widget-container\">\n\t\t\t\t\t\t\t\t\t\t\t\t\t\t\t<img decoding=\"async\" width=\"768\" height=\"960\" src=\"https:\/\/mcetest.com\/nl\/wp-content\/uploads\/2026\/01\/camcaqueta1-1-768x960.jpeg\" class=\"attachment-medium_large size-medium_large wp-image-8941\" alt=\"\" srcset=\"https:\/\/mcetest.com\/nl\/wp-content\/uploads\/2026\/01\/camcaqueta1-1-768x960.jpeg 768w, https:\/\/mcetest.com\/nl\/wp-content\/uploads\/2026\/01\/camcaqueta1-1-240x300.jpeg 240w, https:\/\/mcetest.com\/nl\/wp-content\/uploads\/2026\/01\/camcaqueta1-1-819x1024.jpeg 819w, https:\/\/mcetest.com\/nl\/wp-content\/uploads\/2026\/01\/camcaqueta1-1-1229x1536.jpeg 1229w, https:\/\/mcetest.com\/nl\/wp-content\/uploads\/2026\/01\/camcaqueta1-1-e1769620895180.jpeg 450w\" sizes=\"(max-width: 768px) 100vw, 768px\" \/>\t\t\t\t\t\t\t\t\t\t\t\t\t\t\t<\/div>\n\t\t\t\t<\/div>\n\t\t\t\t\t<\/div>\n\t\t<\/div>\n\t\t\t\t<div class=\"elementor-column elementor-col-50 elementor-top-column elementor-element elementor-element-52aaa75\" data-id=\"52aaa75\" data-element_type=\"column\" data-e-type=\"column\">\n\t\t\t<div class=\"elementor-widget-wrap elementor-element-populated\">\n\t\t\t\t\t\t<div class=\"elementor-element elementor-element-743505d elementor-widget elementor-widget-text-editor\" data-id=\"743505d\" data-element_type=\"widget\" data-e-type=\"widget\" data-widget_type=\"text-editor.default\">\n\t\t\t\t<div class=\"elementor-widget-container\">\n\t\t\t\t\t\t\t\t\t<h4 style=\"text-align: center;\">Abogado con una amplia formaci\u00f3n de posgrado, incluyendo una Maestr\u00eda en Alta Gerencia de los Recursos P\u00fablicos y Especializaci\u00f3n en Gerencia de los Recursos P\u00fablicos y Compliance, Especializaci\u00f3n en Derecho Constitucional y Especializaci\u00f3n en Derecho Penal y Criminolog\u00eda. Inici\u00f3 su trayectoria en 2003 en la Fiscal\u00eda General de la Naci\u00f3n. ocupando escalafones desde Asistente Judicial Local hasta Fiscal Delegado ante Jueces en varios per\u00edodos hasta 2014. Posteriormente, ingres\u00f3 al Congreso de la Rep\u00fablica como Secretario Grado 12 en la Comisi\u00f3n de Acusaci\u00f3n de la C\u00e1mara de Representantes.<\/h4>\t\t\t\t\t\t\t\t<\/div>\n\t\t\t\t<\/div>\n\t\t\t\t\t<\/div>\n\t\t<\/div>\n\t\t\t\t\t<\/div>\n\t\t<\/section>\n\t\t\t\t<section class=\"elementor-section elementor-top-section elementor-element elementor-element-acc9ac4 elementor-section-boxed elementor-section-height-default elementor-section-height-default\" data-id=\"acc9ac4\" data-element_type=\"section\" data-e-type=\"section\">\n\t\t\t\t\t\t<div class=\"elementor-container elementor-column-gap-default\">\n\t\t\t\t\t<div class=\"elementor-column elementor-col-100 elementor-top-column elementor-element elementor-element-9fef7f3\" data-id=\"9fef7f3\" data-element_type=\"column\" data-e-type=\"column\">\n\t\t\t<div class=\"elementor-widget-wrap\">\n\t\t\t\t\t\t\t<\/div>\n\t\t<\/div>\n\t\t\t\t\t<\/div>\n\t\t<\/section>\n\t\t\t\t<\/div>\n\t\t","protected":false},"excerpt":{"rendered":"<p>Abogado con una amplia formaci\u00f3n de posgrado, incluyendo una Maestr\u00eda en Alta Gerencia de los Recursos P\u00fablicos y Especializaci\u00f3n en Gerencia de los Recursos P\u00fablicos y Compliance, Especializaci\u00f3n en Derecho [&hellip;]<\/p>\n","protected":false},"author":1,"featured_media":0,"parent":0,"menu_order":0,"comment_status":"closed","ping_status":"closed","template":"","meta":{"footnotes":""},"class_list":["post-8512","page","type-page","status-publish","hentry"],"_links":{"self":[{"href":"https:\/\/mcetest.com\/nl\/wp-json\/wp\/v2\/pages\/8512","targetHints":{"allow":["GET"]}}],"collection":[{"href":"https:\/\/mcetest.com\/nl\/wp-json\/wp\/v2\/pages"}],"about":[{"href":"https:\/\/mcetest.com\/nl\/wp-json\/wp\/v2\/types\/page"}],"author":[{"embeddable":true,"href":"https:\/\/mcetest.com\/nl\/wp-json\/wp\/v2\/users\/1"}],"replies":[{"embeddable":true,"href":"https:\/\/mcetest.com\/nl\/wp-json\/wp\/v2\/comments?post=8512"}],"version-history":[{"count":16,"href":"https:\/\/mcetest.com\/nl\/wp-json\/wp\/v2\/pages\/8512\/revisions"}],"predecessor-version":[{"id":9152,"href":"https:\/\/mcetest.com\/nl\/wp-json\/wp\/v2\/pages\/8512\/revisions\/9152"}],"wp:attachment":[{"href":"https:\/\/mcetest.com\/nl\/wp-json\/wp\/v2\/media?parent=8512"}],"curies":[{"name":"wp","href":"https:\/\/api.w.org\/{rel}","templated":true}]}}