{"id":8503,"date":"2026-01-23T07:29:14","date_gmt":"2026-01-23T07:29:14","guid":{"rendered":"https:\/\/mcetest.com\/nl\/?page_id=8503"},"modified":"2026-02-03T14:21:47","modified_gmt":"2026-02-03T14:21:47","slug":"candidatos-camara-caldas-2026","status":"publish","type":"page","link":"https:\/\/mcetest.com\/nl\/candidatos-camara-caldas-2026\/","title":{"rendered":"Candidatos a la C\u00e1mara por Caldas 2026"},"content":{"rendered":"<style>.elementor-8503 .elementor-element.elementor-element-8a1c4e7{margin-top:25px;margin-bottom:25px;}.elementor-8503 .elementor-element.elementor-element-1acdff7{text-align:center;}.elementor-8503 .elementor-element.elementor-element-1acdff7 .elementor-heading-title{font-family:\"Anton\", Sans-serif;font-size:45px;color:#CC0F0F;}.elementor-bc-flex-widget .elementor-8503 .elementor-element.elementor-element-52aaa75.elementor-column .elementor-widget-wrap{align-items:center;}.elementor-8503 .elementor-element.elementor-element-52aaa75.elementor-column.elementor-element[data-element_type=\"column\"] > .elementor-widget-wrap.elementor-element-populated{align-content:center;align-items:center;}.elementor-bc-flex-widget .elementor-8503 .elementor-element.elementor-element-09f5349.elementor-column .elementor-widget-wrap{align-items:center;}.elementor-8503 .elementor-element.elementor-element-09f5349.elementor-column.elementor-element[data-element_type=\"column\"] > .elementor-widget-wrap.elementor-element-populated{align-content:center;align-items:center;}.elementor-bc-flex-widget .elementor-8503 .elementor-element.elementor-element-1e49e88.elementor-column .elementor-widget-wrap{align-items:center;}.elementor-8503 .elementor-element.elementor-element-1e49e88.elementor-column.elementor-element[data-element_type=\"column\"] > .elementor-widget-wrap.elementor-element-populated{align-content:center;align-items:center;}<\/style>\t\t<div data-elementor-type=\"wp-page\" data-elementor-id=\"8503\" class=\"elementor elementor-8503\" data-elementor-post-type=\"page\">\n\t\t\t\t\t\t<section class=\"elementor-section elementor-top-section elementor-element elementor-element-8a1c4e7 elementor-section-boxed elementor-section-height-default elementor-section-height-default\" data-id=\"8a1c4e7\" data-element_type=\"section\" data-e-type=\"section\">\n\t\t\t\t\t\t<div class=\"elementor-container elementor-column-gap-default\">\n\t\t\t\t\t<div class=\"elementor-column elementor-col-100 elementor-top-column elementor-element elementor-element-49aa793\" data-id=\"49aa793\" data-element_type=\"column\" data-e-type=\"column\">\n\t\t\t<div class=\"elementor-widget-wrap elementor-element-populated\">\n\t\t\t\t\t\t<div class=\"elementor-element elementor-element-1acdff7 elementor-widget elementor-widget-heading\" data-id=\"1acdff7\" data-element_type=\"widget\" data-e-type=\"widget\" data-widget_type=\"heading.default\">\n\t\t\t\t<div class=\"elementor-widget-container\">\n\t\t\t\t\t<h2 class=\"elementor-heading-title elementor-size-default\">Candidatos a la C\u00e1mara por Caldas  2026<\/h2>\t\t\t\t<\/div>\n\t\t\t\t<\/div>\n\t\t\t\t\t<\/div>\n\t\t<\/div>\n\t\t\t\t\t<\/div>\n\t\t<\/section>\n\t\t\t\t<section class=\"elementor-section elementor-top-section elementor-element elementor-element-4c7931d elementor-section-boxed elementor-section-height-default elementor-section-height-default\" data-id=\"4c7931d\" data-element_type=\"section\" data-e-type=\"section\">\n\t\t\t\t\t\t<div class=\"elementor-container elementor-column-gap-default\">\n\t\t\t\t\t<div class=\"elementor-column elementor-col-100 elementor-top-column elementor-element elementor-element-717f496\" data-id=\"717f496\" data-element_type=\"column\" data-e-type=\"column\">\n\t\t\t<div class=\"elementor-widget-wrap elementor-element-populated\">\n\t\t\t\t\t\t<div class=\"elementor-element elementor-element-f9f36a7 elementor-widget elementor-widget-image\" data-id=\"f9f36a7\" data-element_type=\"widget\" data-e-type=\"widget\" data-widget_type=\"image.default\">\n\t\t\t\t<div class=\"elementor-widget-container\">\n\t\t\t\t\t\t\t\t\t\t\t\t\t\t\t<img fetchpriority=\"high\" decoding=\"async\" width=\"821\" height=\"242\" src=\"https:\/\/mcetest.com\/nl\/wp-content\/uploads\/2026\/01\/caldasvota.png\" class=\"attachment-large size-large wp-image-8505\" alt=\"\" srcset=\"https:\/\/mcetest.com\/nl\/wp-content\/uploads\/2026\/01\/caldasvota.png 821w, https:\/\/mcetest.com\/nl\/wp-content\/uploads\/2026\/01\/caldasvota-300x88.png 300w, https:\/\/mcetest.com\/nl\/wp-content\/uploads\/2026\/01\/caldasvota-768x226.png 768w\" sizes=\"(max-width: 821px) 100vw, 821px\" \/>\t\t\t\t\t\t\t\t\t\t\t\t\t\t\t<\/div>\n\t\t\t\t<\/div>\n\t\t\t\t\t<\/div>\n\t\t<\/div>\n\t\t\t\t\t<\/div>\n\t\t<\/section>\n\t\t\t\t<section class=\"elementor-section elementor-top-section elementor-element elementor-element-e753619 elementor-section-boxed elementor-section-height-default elementor-section-height-default\" data-id=\"e753619\" data-element_type=\"section\" data-e-type=\"section\">\n\t\t\t\t\t\t<div class=\"elementor-container elementor-column-gap-default\">\n\t\t\t\t\t<div class=\"elementor-column elementor-col-50 elementor-top-column elementor-element elementor-element-ee48200\" data-id=\"ee48200\" data-element_type=\"column\" data-e-type=\"column\">\n\t\t\t<div class=\"elementor-widget-wrap elementor-element-populated\">\n\t\t\t\t\t\t<div class=\"elementor-element elementor-element-7788380 elementor-widget elementor-widget-image\" data-id=\"7788380\" data-element_type=\"widget\" data-e-type=\"widget\" data-widget_type=\"image.default\">\n\t\t\t\t<div class=\"elementor-widget-container\">\n\t\t\t\t\t\t\t\t\t\t\t\t\t\t\t<img decoding=\"async\" src=\"https:\/\/mcetest.com\/nl\/wp-content\/uploads\/elementor\/thumbs\/WhatsApp-Image-2026-02-03-at-9.11.56-AM-1-rim4hbpng6kj002wirrojedjs47wd3urzqesc8hswi.jpeg\" title=\"WhatsApp Image 2026-02-03 at 9.11.56 AM (1)\" alt=\"WhatsApp Image 2026-02-03 at 9.11.56 AM (1)\" loading=\"lazy\" \/>\t\t\t\t\t\t\t\t\t\t\t\t\t\t\t<\/div>\n\t\t\t\t<\/div>\n\t\t\t\t\t<\/div>\n\t\t<\/div>\n\t\t\t\t<div class=\"elementor-column elementor-col-50 elementor-top-column elementor-element elementor-element-52aaa75\" data-id=\"52aaa75\" data-element_type=\"column\" data-e-type=\"column\">\n\t\t\t<div class=\"elementor-widget-wrap elementor-element-populated\">\n\t\t\t\t\t\t<div class=\"elementor-element elementor-element-743505d elementor-widget elementor-widget-text-editor\" data-id=\"743505d\" data-element_type=\"widget\" data-e-type=\"widget\" data-widget_type=\"text-editor.default\">\n\t\t\t\t<div class=\"elementor-widget-container\">\n\t\t\t\t\t\t\t\t\t<h4 style=\"text-align: center;\">Abogado con especializaciones en Derecho Administrativo y Servicios P\u00fablicos, as\u00ed como una Maestr\u00eda en Administraci\u00f3n de Negocios. Fue Alcalde del municipio de Pensilvania, Caldas (2020-2023).<\/h4>\t\t\t\t\t\t\t\t<\/div>\n\t\t\t\t<\/div>\n\t\t\t\t\t<\/div>\n\t\t<\/div>\n\t\t\t\t\t<\/div>\n\t\t<\/section>\n\t\t\t\t<section class=\"elementor-section elementor-top-section elementor-element elementor-element-5ad8283 elementor-section-boxed elementor-section-height-default elementor-section-height-default\" data-id=\"5ad8283\" data-element_type=\"section\" data-e-type=\"section\">\n\t\t\t\t\t\t<div class=\"elementor-container elementor-column-gap-default\">\n\t\t\t\t\t<div class=\"elementor-column elementor-col-50 elementor-top-column elementor-element elementor-element-10be15b\" data-id=\"10be15b\" data-element_type=\"column\" data-e-type=\"column\">\n\t\t\t<div class=\"elementor-widget-wrap elementor-element-populated\">\n\t\t\t\t\t\t<div class=\"elementor-element elementor-element-5390523 elementor-widget elementor-widget-image\" data-id=\"5390523\" data-element_type=\"widget\" data-e-type=\"widget\" data-widget_type=\"image.default\">\n\t\t\t\t<div class=\"elementor-widget-container\">\n\t\t\t\t\t\t\t\t\t\t\t\t\t\t\t<img decoding=\"async\" src=\"https:\/\/mcetest.com\/nl\/wp-content\/uploads\/elementor\/thumbs\/WhatsApp-Image-2026-02-03-at-9.11.56-AM-2-rim4hk675ow3whqm5dfbnu8p4l27adsd0wa5nq59ci.jpeg\" title=\"WhatsApp Image 2026-02-03 at 9.11.56 AM (2)\" alt=\"WhatsApp Image 2026-02-03 at 9.11.56 AM (2)\" loading=\"lazy\" \/>\t\t\t\t\t\t\t\t\t\t\t\t\t\t\t<\/div>\n\t\t\t\t<\/div>\n\t\t\t\t\t<\/div>\n\t\t<\/div>\n\t\t\t\t<div class=\"elementor-column elementor-col-50 elementor-top-column elementor-element elementor-element-09f5349\" data-id=\"09f5349\" data-element_type=\"column\" data-e-type=\"column\">\n\t\t\t<div class=\"elementor-widget-wrap elementor-element-populated\">\n\t\t\t\t\t\t<div class=\"elementor-element elementor-element-03e250b elementor-widget elementor-widget-text-editor\" data-id=\"03e250b\" data-element_type=\"widget\" data-e-type=\"widget\" data-widget_type=\"text-editor.default\">\n\t\t\t\t<div class=\"elementor-widget-container\">\n\t\t\t\t\t\t\t\t\t<h4 style=\"text-align: center;\">L\u00edder social y pol\u00edtico del departamento de Caldas, con una amplia trayectoria en temas de medio ambiente. Ha dedicado la mayor\u00eda de su trayectoria a su participaci\u00f3n como Diputado en la Asamblea Departamental de Caldas.\u00a0<\/h4>\t\t\t\t\t\t\t\t<\/div>\n\t\t\t\t<\/div>\n\t\t\t\t\t<\/div>\n\t\t<\/div>\n\t\t\t\t\t<\/div>\n\t\t<\/section>\n\t\t\t\t<section class=\"elementor-section elementor-top-section elementor-element elementor-element-810a398 elementor-section-boxed elementor-section-height-default elementor-section-height-default\" data-id=\"810a398\" data-element_type=\"section\" data-e-type=\"section\">\n\t\t\t\t\t\t<div class=\"elementor-container elementor-column-gap-default\">\n\t\t\t\t\t<div class=\"elementor-column elementor-col-50 elementor-top-column elementor-element elementor-element-f38509a\" data-id=\"f38509a\" data-element_type=\"column\" data-e-type=\"column\">\n\t\t\t<div class=\"elementor-widget-wrap elementor-element-populated\">\n\t\t\t\t\t\t<div class=\"elementor-element elementor-element-ac0b09b elementor-widget elementor-widget-image\" data-id=\"ac0b09b\" data-element_type=\"widget\" data-e-type=\"widget\" data-widget_type=\"image.default\">\n\t\t\t\t<div class=\"elementor-widget-container\">\n\t\t\t\t\t\t\t\t\t\t\t\t\t\t\t<img decoding=\"async\" src=\"https:\/\/mcetest.com\/nl\/wp-content\/uploads\/elementor\/thumbs\/WhatsApp-Image-2026-02-03-at-9.11.56-AM-rim4hqr2hj545rh22y9pnakxaa5rs9ihdsuk0nvi4y.jpeg\" title=\"WhatsApp Image 2026-02-03 at 9.11.56 AM\" alt=\"WhatsApp Image 2026-02-03 at 9.11.56 AM\" loading=\"lazy\" \/>\t\t\t\t\t\t\t\t\t\t\t\t\t\t\t<\/div>\n\t\t\t\t<\/div>\n\t\t\t\t\t<\/div>\n\t\t<\/div>\n\t\t\t\t<div class=\"elementor-column elementor-col-50 elementor-top-column elementor-element elementor-element-1e49e88\" data-id=\"1e49e88\" data-element_type=\"column\" data-e-type=\"column\">\n\t\t\t<div class=\"elementor-widget-wrap elementor-element-populated\">\n\t\t\t\t\t\t<div class=\"elementor-element elementor-element-f4f8c48 elementor-widget elementor-widget-text-editor\" data-id=\"f4f8c48\" data-element_type=\"widget\" data-e-type=\"widget\" data-widget_type=\"text-editor.default\">\n\t\t\t\t<div class=\"elementor-widget-container\">\n\t\t\t\t\t\t\t\t\t<h4 style=\"text-align: center;\">Formaci\u00f3n en Administraci\u00f3n P\u00fablica. Activista cultural,ambiental y feminista del departamento de caldas, la segunda edil mas votada de Manizales en el a\u00f1o 2019, ex candidata a la asamblea departamental en la pasada contienda regional. Directora de cultura social corporaci\u00f3n que logra dos espacios en los consejos de juventudes en las elecciones este 2025.<\/h4>\t\t\t\t\t\t\t\t<\/div>\n\t\t\t\t<\/div>\n\t\t\t\t\t<\/div>\n\t\t<\/div>\n\t\t\t\t\t<\/div>\n\t\t<\/section>\n\t\t\t\t<section class=\"elementor-section elementor-top-section elementor-element elementor-element-acc9ac4 elementor-section-boxed elementor-section-height-default elementor-section-height-default\" data-id=\"acc9ac4\" data-element_type=\"section\" data-e-type=\"section\">\n\t\t\t\t\t\t<div class=\"elementor-container elementor-column-gap-default\">\n\t\t\t\t\t<div class=\"elementor-column elementor-col-100 elementor-top-column elementor-element elementor-element-9fef7f3\" data-id=\"9fef7f3\" data-element_type=\"column\" data-e-type=\"column\">\n\t\t\t<div class=\"elementor-widget-wrap\">\n\t\t\t\t\t\t\t<\/div>\n\t\t<\/div>\n\t\t\t\t\t<\/div>\n\t\t<\/section>\n\t\t\t\t<\/div>\n\t\t","protected":false},"excerpt":{"rendered":"<p>Candidatos a la C\u00e1mara por Caldas 2026 Abogado con especializaciones en Derecho Administrativo y Servicios P\u00fablicos, as\u00ed como una Maestr\u00eda en Administraci\u00f3n de Negocios. Fue Alcalde del municipio de Pensilvania, [&hellip;]<\/p>\n","protected":false},"author":1,"featured_media":0,"parent":0,"menu_order":0,"comment_status":"closed","ping_status":"closed","template":"","meta":{"footnotes":""},"class_list":["post-8503","page","type-page","status-publish","hentry"],"_links":{"self":[{"href":"https:\/\/mcetest.com\/nl\/wp-json\/wp\/v2\/pages\/8503","targetHints":{"allow":["GET"]}}],"collection":[{"href":"https:\/\/mcetest.com\/nl\/wp-json\/wp\/v2\/pages"}],"about":[{"href":"https:\/\/mcetest.com\/nl\/wp-json\/wp\/v2\/types\/page"}],"author":[{"embeddable":true,"href":"https:\/\/mcetest.com\/nl\/wp-json\/wp\/v2\/users\/1"}],"replies":[{"embeddable":true,"href":"https:\/\/mcetest.com\/nl\/wp-json\/wp\/v2\/comments?post=8503"}],"version-history":[{"count":10,"href":"https:\/\/mcetest.com\/nl\/wp-json\/wp\/v2\/pages\/8503\/revisions"}],"predecessor-version":[{"id":9123,"href":"https:\/\/mcetest.com\/nl\/wp-json\/wp\/v2\/pages\/8503\/revisions\/9123"}],"wp:attachment":[{"href":"https:\/\/mcetest.com\/nl\/wp-json\/wp\/v2\/media?parent=8503"}],"curies":[{"name":"wp","href":"https:\/\/api.w.org\/{rel}","templated":true}]}}