{"id":8495,"date":"2026-01-23T07:24:48","date_gmt":"2026-01-23T07:24:48","guid":{"rendered":"https:\/\/mcetest.com\/nl\/?page_id=8495"},"modified":"2026-02-05T13:05:26","modified_gmt":"2026-02-05T13:05:26","slug":"candidatos-camara-boyaca-2026","status":"publish","type":"page","link":"https:\/\/mcetest.com\/nl\/candidatos-camara-boyaca-2026\/","title":{"rendered":"Candidatos a la C\u00e1mara por Boyac\u00e1 2026"},"content":{"rendered":"<style>.elementor-8495 .elementor-element.elementor-element-8a1c4e7{margin-top:25px;margin-bottom:25px;}<\/style>\t\t<div data-elementor-type=\"wp-page\" data-elementor-id=\"8495\" class=\"elementor elementor-8495\" data-elementor-post-type=\"page\">\n\t\t\t\t\t\t<section class=\"elementor-section elementor-top-section elementor-element elementor-element-8a1c4e7 elementor-section-boxed elementor-section-height-default elementor-section-height-default\" data-id=\"8a1c4e7\" data-element_type=\"section\" data-e-type=\"section\">\n\t\t\t\t\t\t<div class=\"elementor-container elementor-column-gap-default\">\n\t\t\t\t\t<div class=\"elementor-column elementor-col-100 elementor-top-column elementor-element elementor-element-49aa793\" data-id=\"49aa793\" data-element_type=\"column\" data-e-type=\"column\">\n\t\t\t<div class=\"elementor-widget-wrap\">\n\t\t\t\t\t\t\t<\/div>\n\t\t<\/div>\n\t\t\t\t\t<\/div>\n\t\t<\/section>\n\t\t\t\t<section class=\"elementor-section elementor-top-section elementor-element elementor-element-4c7931d elementor-section-boxed elementor-section-height-default elementor-section-height-default\" data-id=\"4c7931d\" data-element_type=\"section\" data-e-type=\"section\">\n\t\t\t\t\t\t<div class=\"elementor-container elementor-column-gap-default\">\n\t\t\t\t\t<div class=\"elementor-column elementor-col-100 elementor-top-column elementor-element elementor-element-717f496\" data-id=\"717f496\" data-element_type=\"column\" data-e-type=\"column\">\n\t\t\t<div class=\"elementor-widget-wrap elementor-element-populated\">\n\t\t\t\t\t\t<div class=\"elementor-element elementor-element-f9f36a7 elementor-widget elementor-widget-image\" data-id=\"f9f36a7\" data-element_type=\"widget\" data-e-type=\"widget\" data-widget_type=\"image.default\">\n\t\t\t\t<div class=\"elementor-widget-container\">\n\t\t\t\t\t\t\t\t\t\t\t\t\t\t\t<img fetchpriority=\"high\" decoding=\"async\" width=\"2560\" height=\"954\" src=\"https:\/\/mcetest.com\/nl\/wp-content\/uploads\/2026\/02\/BOYACA-scaled.jpg\" class=\"attachment-full size-full wp-image-9157\" alt=\"\" srcset=\"https:\/\/mcetest.com\/nl\/wp-content\/uploads\/2026\/02\/BOYACA-scaled.jpg 2560w, https:\/\/mcetest.com\/nl\/wp-content\/uploads\/2026\/02\/BOYACA-300x112.jpg 300w, https:\/\/mcetest.com\/nl\/wp-content\/uploads\/2026\/02\/BOYACA-1024x382.jpg 1024w, https:\/\/mcetest.com\/nl\/wp-content\/uploads\/2026\/02\/BOYACA-768x286.jpg 768w, https:\/\/mcetest.com\/nl\/wp-content\/uploads\/2026\/02\/BOYACA-1536x573.jpg 1536w, https:\/\/mcetest.com\/nl\/wp-content\/uploads\/2026\/02\/BOYACA-2048x763.jpg 2048w\" sizes=\"(max-width: 2560px) 100vw, 2560px\" \/>\t\t\t\t\t\t\t\t\t\t\t\t\t\t\t<\/div>\n\t\t\t\t<\/div>\n\t\t\t\t\t<\/div>\n\t\t<\/div>\n\t\t\t\t\t<\/div>\n\t\t<\/section>\n\t\t\t\t<section class=\"elementor-section elementor-top-section elementor-element elementor-element-e753619 elementor-section-boxed elementor-section-height-default elementor-section-height-default\" data-id=\"e753619\" data-element_type=\"section\" data-e-type=\"section\">\n\t\t\t\t\t\t<div class=\"elementor-container elementor-column-gap-default\">\n\t\t\t\t\t<div class=\"elementor-column elementor-col-50 elementor-top-column elementor-element elementor-element-ee48200\" data-id=\"ee48200\" data-element_type=\"column\" data-e-type=\"column\">\n\t\t\t<div class=\"elementor-widget-wrap elementor-element-populated\">\n\t\t\t\t\t\t<div class=\"elementor-element elementor-element-7788380 elementor-widget elementor-widget-image\" data-id=\"7788380\" data-element_type=\"widget\" data-e-type=\"widget\" data-widget_type=\"image.default\">\n\t\t\t\t<div class=\"elementor-widget-container\">\n\t\t\t\t\t\t\t\t\t\t\t\t\t\t\t<img decoding=\"async\" src=\"https:\/\/mcetest.com\/nl\/wp-content\/uploads\/elementor\/thumbs\/WhatsApp-Image-2026-02-05-at-7.53.26-AM-ripin39uzeuk7i1a8xopcd4ymdsxrbxueir5y4vau4.jpeg\" title=\"WhatsApp Image 2026-02-05 at 7.53.26 AM\" alt=\"WhatsApp Image 2026-02-05 at 7.53.26 AM\" loading=\"lazy\" \/>\t\t\t\t\t\t\t\t\t\t\t\t\t\t\t<\/div>\n\t\t\t\t<\/div>\n\t\t\t\t\t<\/div>\n\t\t<\/div>\n\t\t\t\t<div class=\"elementor-column elementor-col-50 elementor-top-column elementor-element elementor-element-52aaa75\" data-id=\"52aaa75\" data-element_type=\"column\" data-e-type=\"column\">\n\t\t\t<div class=\"elementor-widget-wrap elementor-element-populated\">\n\t\t\t\t\t\t<div class=\"elementor-element elementor-element-743505d elementor-widget elementor-widget-text-editor\" data-id=\"743505d\" data-element_type=\"widget\" data-e-type=\"widget\" data-widget_type=\"text-editor.default\">\n\t\t\t\t<div class=\"elementor-widget-container\">\n\t\t\t\t\t\t\t\t\t<h4 style=\"text-align: center;\">Experiencia combinada en el sector p\u00fablico (TIC y Comunicaciones en Alcald\u00eda de Sogamoso) y el sector privado\/acad\u00e9mico (Gerente General ASOANDES y Coordinadora Acad\u00e9mica UNITROPICO).<\/h4>\t\t\t\t\t\t\t\t<\/div>\n\t\t\t\t<\/div>\n\t\t\t\t\t<\/div>\n\t\t<\/div>\n\t\t\t\t\t<\/div>\n\t\t<\/section>\n\t\t\t\t<section class=\"elementor-section elementor-top-section elementor-element elementor-element-5ad8283 elementor-section-boxed elementor-section-height-default elementor-section-height-default\" data-id=\"5ad8283\" data-element_type=\"section\" data-e-type=\"section\">\n\t\t\t\t\t\t<div class=\"elementor-container elementor-column-gap-default\">\n\t\t\t\t\t<div class=\"elementor-column elementor-col-50 elementor-top-column elementor-element elementor-element-10be15b\" data-id=\"10be15b\" data-element_type=\"column\" data-e-type=\"column\">\n\t\t\t<div class=\"elementor-widget-wrap elementor-element-populated\">\n\t\t\t\t\t\t<div class=\"elementor-element elementor-element-5390523 elementor-widget elementor-widget-image\" data-id=\"5390523\" data-element_type=\"widget\" data-e-type=\"widget\" data-widget_type=\"image.default\">\n\t\t\t\t<div class=\"elementor-widget-container\">\n\t\t\t\t\t\t\t\t\t\t\t\t\t\t\t<img decoding=\"async\" src=\"https:\/\/mcetest.com\/nl\/wp-content\/uploads\/elementor\/thumbs\/WhatsApp-Image-2026-02-03-at-9.32.36-AM-rim5c5t1niunhr8t1t11suedf7ue28j5o84xsdrcf0.jpeg\" title=\"WhatsApp Image 2026-02-03 at 9.32.36 AM\" alt=\"WhatsApp Image 2026-02-03 at 9.32.36 AM\" loading=\"lazy\" \/>\t\t\t\t\t\t\t\t\t\t\t\t\t\t\t<\/div>\n\t\t\t\t<\/div>\n\t\t\t\t\t<\/div>\n\t\t<\/div>\n\t\t\t\t<div class=\"elementor-column elementor-col-50 elementor-top-column elementor-element elementor-element-09f5349\" data-id=\"09f5349\" data-element_type=\"column\" data-e-type=\"column\">\n\t\t\t<div class=\"elementor-widget-wrap elementor-element-populated\">\n\t\t\t\t\t\t<div class=\"elementor-element elementor-element-03e250b elementor-widget elementor-widget-text-editor\" data-id=\"03e250b\" data-element_type=\"widget\" data-e-type=\"widget\" data-widget_type=\"text-editor.default\">\n\t\t\t\t<div class=\"elementor-widget-container\">\n\t\t\t\t\t\t\t\t\t<h4 style=\"text-align: center;\">Profesional con formaci\u00f3n en Finanzas y Relaciones Internacionales, cuenta con una Maestr\u00eda en Administraci\u00f3n &#8211; MBA. Su trayectoria se ha centrado mayormente en el sector p\u00fablico, espec\u00edficamente en el Instituto Distrital de Turismo (IDT) de Bogot\u00e1<\/h4>\t\t\t\t\t\t\t\t<\/div>\n\t\t\t\t<\/div>\n\t\t\t\t\t<\/div>\n\t\t<\/div>\n\t\t\t\t\t<\/div>\n\t\t<\/section>\n\t\t\t\t<section class=\"elementor-section elementor-top-section elementor-element elementor-element-acc9ac4 elementor-section-boxed elementor-section-height-default elementor-section-height-default\" data-id=\"acc9ac4\" data-element_type=\"section\" data-e-type=\"section\">\n\t\t\t\t\t\t<div class=\"elementor-container elementor-column-gap-default\">\n\t\t\t\t\t<div class=\"elementor-column elementor-col-100 elementor-top-column elementor-element elementor-element-9fef7f3\" data-id=\"9fef7f3\" data-element_type=\"column\" data-e-type=\"column\">\n\t\t\t<div class=\"elementor-widget-wrap\">\n\t\t\t\t\t\t\t<\/div>\n\t\t<\/div>\n\t\t\t\t\t<\/div>\n\t\t<\/section>\n\t\t\t\t<\/div>\n\t\t","protected":false},"excerpt":{"rendered":"<p>Experiencia combinada en el sector p\u00fablico (TIC y Comunicaciones en Alcald\u00eda de Sogamoso) y el sector privado\/acad\u00e9mico (Gerente General ASOANDES y Coordinadora Acad\u00e9mica UNITROPICO). Profesional con formaci\u00f3n en Finanzas y [&hellip;]<\/p>\n","protected":false},"author":1,"featured_media":0,"parent":0,"menu_order":0,"comment_status":"closed","ping_status":"closed","template":"","meta":{"footnotes":""},"class_list":["post-8495","page","type-page","status-publish","hentry"],"_links":{"self":[{"href":"https:\/\/mcetest.com\/nl\/wp-json\/wp\/v2\/pages\/8495","targetHints":{"allow":["GET"]}}],"collection":[{"href":"https:\/\/mcetest.com\/nl\/wp-json\/wp\/v2\/pages"}],"about":[{"href":"https:\/\/mcetest.com\/nl\/wp-json\/wp\/v2\/types\/page"}],"author":[{"embeddable":true,"href":"https:\/\/mcetest.com\/nl\/wp-json\/wp\/v2\/users\/1"}],"replies":[{"embeddable":true,"href":"https:\/\/mcetest.com\/nl\/wp-json\/wp\/v2\/comments?post=8495"}],"version-history":[{"count":16,"href":"https:\/\/mcetest.com\/nl\/wp-json\/wp\/v2\/pages\/8495\/revisions"}],"predecessor-version":[{"id":9260,"href":"https:\/\/mcetest.com\/nl\/wp-json\/wp\/v2\/pages\/8495\/revisions\/9260"}],"wp:attachment":[{"href":"https:\/\/mcetest.com\/nl\/wp-json\/wp\/v2\/media?parent=8495"}],"curies":[{"name":"wp","href":"https:\/\/api.w.org\/{rel}","templated":true}]}}