{"id":8486,"date":"2026-01-23T07:16:11","date_gmt":"2026-01-23T07:16:11","guid":{"rendered":"https:\/\/mcetest.com\/nl\/?page_id=8486"},"modified":"2026-02-03T16:48:42","modified_gmt":"2026-02-03T16:48:42","slug":"candidatos-camara-bolivar-2026","status":"publish","type":"page","link":"https:\/\/mcetest.com\/nl\/candidatos-camara-bolivar-2026\/","title":{"rendered":"Candidatos a la C\u00e1mara por Bol\u00edvar 2026"},"content":{"rendered":"<style>.elementor-8486 .elementor-element.elementor-element-8a1c4e7{margin-top:25px;margin-bottom:25px;}<\/style>\t\t<div data-elementor-type=\"wp-page\" data-elementor-id=\"8486\" class=\"elementor elementor-8486\" data-elementor-post-type=\"page\">\n\t\t\t\t\t\t<section class=\"elementor-section elementor-top-section elementor-element elementor-element-8a1c4e7 elementor-section-boxed elementor-section-height-default elementor-section-height-default\" data-id=\"8a1c4e7\" data-element_type=\"section\" data-e-type=\"section\">\n\t\t\t\t\t\t<div class=\"elementor-container elementor-column-gap-default\">\n\t\t\t\t\t<div class=\"elementor-column elementor-col-100 elementor-top-column elementor-element elementor-element-49aa793\" data-id=\"49aa793\" data-element_type=\"column\" data-e-type=\"column\">\n\t\t\t<div class=\"elementor-widget-wrap\">\n\t\t\t\t\t\t\t<\/div>\n\t\t<\/div>\n\t\t\t\t\t<\/div>\n\t\t<\/section>\n\t\t\t\t<section class=\"elementor-section elementor-top-section elementor-element elementor-element-4c7931d elementor-section-boxed elementor-section-height-default elementor-section-height-default\" data-id=\"4c7931d\" data-element_type=\"section\" data-e-type=\"section\">\n\t\t\t\t\t\t<div class=\"elementor-container elementor-column-gap-default\">\n\t\t\t\t\t<div class=\"elementor-column elementor-col-100 elementor-top-column elementor-element elementor-element-717f496\" data-id=\"717f496\" data-element_type=\"column\" data-e-type=\"column\">\n\t\t\t<div class=\"elementor-widget-wrap elementor-element-populated\">\n\t\t\t\t\t\t<div class=\"elementor-element elementor-element-f9f36a7 elementor-widget elementor-widget-image\" data-id=\"f9f36a7\" data-element_type=\"widget\" data-e-type=\"widget\" data-widget_type=\"image.default\">\n\t\t\t\t<div class=\"elementor-widget-container\">\n\t\t\t\t\t\t\t\t\t\t\t\t\t\t\t<img fetchpriority=\"high\" decoding=\"async\" width=\"2560\" height=\"954\" src=\"https:\/\/mcetest.com\/nl\/wp-content\/uploads\/2026\/02\/BOLIVAR-scaled.jpg\" class=\"attachment-full size-full wp-image-9156\" alt=\"\" srcset=\"https:\/\/mcetest.com\/nl\/wp-content\/uploads\/2026\/02\/BOLIVAR-scaled.jpg 2560w, https:\/\/mcetest.com\/nl\/wp-content\/uploads\/2026\/02\/BOLIVAR-300x112.jpg 300w, https:\/\/mcetest.com\/nl\/wp-content\/uploads\/2026\/02\/BOLIVAR-1024x382.jpg 1024w, https:\/\/mcetest.com\/nl\/wp-content\/uploads\/2026\/02\/BOLIVAR-768x286.jpg 768w, https:\/\/mcetest.com\/nl\/wp-content\/uploads\/2026\/02\/BOLIVAR-1536x573.jpg 1536w, https:\/\/mcetest.com\/nl\/wp-content\/uploads\/2026\/02\/BOLIVAR-2048x763.jpg 2048w\" sizes=\"(max-width: 2560px) 100vw, 2560px\" \/>\t\t\t\t\t\t\t\t\t\t\t\t\t\t\t<\/div>\n\t\t\t\t<\/div>\n\t\t\t\t\t<\/div>\n\t\t<\/div>\n\t\t\t\t\t<\/div>\n\t\t<\/section>\n\t\t\t\t<section class=\"elementor-section elementor-top-section elementor-element elementor-element-e753619 elementor-section-boxed elementor-section-height-default elementor-section-height-default\" data-id=\"e753619\" data-element_type=\"section\" data-e-type=\"section\">\n\t\t\t\t\t\t<div class=\"elementor-container elementor-column-gap-default\">\n\t\t\t\t\t<div class=\"elementor-column elementor-col-50 elementor-top-column elementor-element elementor-element-ee48200\" data-id=\"ee48200\" data-element_type=\"column\" data-e-type=\"column\">\n\t\t\t<div class=\"elementor-widget-wrap elementor-element-populated\">\n\t\t\t\t\t\t<div class=\"elementor-element elementor-element-7788380 elementor-widget elementor-widget-image\" data-id=\"7788380\" data-element_type=\"widget\" data-e-type=\"widget\" data-widget_type=\"image.default\">\n\t\t\t\t<div class=\"elementor-widget-container\">\n\t\t\t\t\t\t\t\t\t\t\t\t\t\t\t<img decoding=\"async\" src=\"https:\/\/mcetest.com\/nl\/wp-content\/uploads\/elementor\/thumbs\/cambol-1-ribu29z86xw7dbzcu4fyhya6hkz2xfmyxdfq4ei4cy.jpeg\" title=\"cambol\" alt=\"cambol\" loading=\"lazy\" \/>\t\t\t\t\t\t\t\t\t\t\t\t\t\t\t<\/div>\n\t\t\t\t<\/div>\n\t\t\t\t\t<\/div>\n\t\t<\/div>\n\t\t\t\t<div class=\"elementor-column elementor-col-50 elementor-top-column elementor-element elementor-element-52aaa75\" data-id=\"52aaa75\" data-element_type=\"column\" data-e-type=\"column\">\n\t\t\t<div class=\"elementor-widget-wrap elementor-element-populated\">\n\t\t\t\t\t\t<div class=\"elementor-element elementor-element-743505d elementor-widget elementor-widget-text-editor\" data-id=\"743505d\" data-element_type=\"widget\" data-e-type=\"widget\" data-widget_type=\"text-editor.default\">\n\t\t\t\t<div class=\"elementor-widget-container\">\n\t\t\t\t\t\t\t\t\t<h4 style=\"text-align: center;\">Abogado con m\u00e1s de 10 a\u00f1os de experiencia profesional, la mayor parte de ella en el sector p\u00fablico en entidades de Bogot\u00e1 D.C. y del orden nacional en Colombia. Posee un t\u00edtulo universitario en Derecho y un posgrado de Maestr\u00eda en Seguridad y Defensa Nacionales. Incursion\u00f3 en el sector p\u00fablico en la Alcald\u00eda Municipal de Santa Rosa del Sur, Bol\u00edvar, como Evaluador de proyectos sociales en 2023.<\/h4>\t\t\t\t\t\t\t\t<\/div>\n\t\t\t\t<\/div>\n\t\t\t\t\t<\/div>\n\t\t<\/div>\n\t\t\t\t\t<\/div>\n\t\t<\/section>\n\t\t\t\t<section class=\"elementor-section elementor-top-section elementor-element elementor-element-5ad8283 elementor-section-boxed elementor-section-height-default elementor-section-height-default\" data-id=\"5ad8283\" data-element_type=\"section\" data-e-type=\"section\">\n\t\t\t\t\t\t<div class=\"elementor-container elementor-column-gap-default\">\n\t\t\t\t\t<div class=\"elementor-column elementor-col-50 elementor-top-column elementor-element elementor-element-10be15b\" data-id=\"10be15b\" data-element_type=\"column\" data-e-type=\"column\">\n\t\t\t<div class=\"elementor-widget-wrap elementor-element-populated\">\n\t\t\t\t\t\t<div class=\"elementor-element elementor-element-5390523 elementor-widget elementor-widget-image\" data-id=\"5390523\" data-element_type=\"widget\" data-e-type=\"widget\" data-widget_type=\"image.default\">\n\t\t\t\t<div class=\"elementor-widget-container\">\n\t\t\t\t\t\t\t\t\t\t\t\t\t\t\t<img decoding=\"async\" src=\"https:\/\/mcetest.com\/nl\/wp-content\/uploads\/elementor\/thumbs\/cambolb-1-ribu2ifrwg7s9tn2gq3lme5bu1tdupkjyjb3fw5ksy.jpeg\" title=\"cambolb\" alt=\"cambolb\" loading=\"lazy\" \/>\t\t\t\t\t\t\t\t\t\t\t\t\t\t\t<\/div>\n\t\t\t\t<\/div>\n\t\t\t\t\t<\/div>\n\t\t<\/div>\n\t\t\t\t<div class=\"elementor-column elementor-col-50 elementor-top-column elementor-element elementor-element-09f5349\" data-id=\"09f5349\" data-element_type=\"column\" data-e-type=\"column\">\n\t\t\t<div class=\"elementor-widget-wrap elementor-element-populated\">\n\t\t\t\t\t\t<div class=\"elementor-element elementor-element-03e250b elementor-widget elementor-widget-text-editor\" data-id=\"03e250b\" data-element_type=\"widget\" data-e-type=\"widget\" data-widget_type=\"text-editor.default\">\n\t\t\t\t<div class=\"elementor-widget-container\">\n\t\t\t\t\t\t\t\t\t<h4 style=\"text-align: center;\">Normalista Superior y lideresa comunitaria. A lo largo de su trayectoria, ha participado en la formaci\u00f3n de ni\u00f1os y j\u00f3venes, y el acompa\u00f1amiento espiritual de mujeres y comunidades de fe.<\/h4>\t\t\t\t\t\t\t\t<\/div>\n\t\t\t\t<\/div>\n\t\t\t\t\t<\/div>\n\t\t<\/div>\n\t\t\t\t\t<\/div>\n\t\t<\/section>\n\t\t\t\t<section class=\"elementor-section elementor-top-section elementor-element elementor-element-06d691e elementor-section-boxed elementor-section-height-default elementor-section-height-default\" data-id=\"06d691e\" data-element_type=\"section\" data-e-type=\"section\">\n\t\t\t\t\t\t<div class=\"elementor-container elementor-column-gap-default\">\n\t\t\t\t\t<div class=\"elementor-column elementor-col-50 elementor-top-column elementor-element elementor-element-aca610b\" data-id=\"aca610b\" data-element_type=\"column\" data-e-type=\"column\">\n\t\t\t<div class=\"elementor-widget-wrap elementor-element-populated\">\n\t\t\t\t\t\t<div class=\"elementor-element elementor-element-6a89478 elementor-widget elementor-widget-image\" data-id=\"6a89478\" data-element_type=\"widget\" data-e-type=\"widget\" data-widget_type=\"image.default\">\n\t\t\t\t<div class=\"elementor-widget-container\">\n\t\t\t\t\t\t\t\t\t\t\t\t\t\t\t<img decoding=\"async\" src=\"https:\/\/mcetest.com\/nl\/wp-content\/uploads\/elementor\/thumbs\/WhatsApp-Image-2026-01-28-at-11.43.56-AM-ribuvnfnrk3s6nbcbbj8x1fqs270gx8zyrcz0oy7wy.jpeg\" title=\"WhatsApp Image 2026-01-28 at 11.43.56 AM\" alt=\"WhatsApp Image 2026-01-28 at 11.43.56 AM\" loading=\"lazy\" \/>\t\t\t\t\t\t\t\t\t\t\t\t\t\t\t<\/div>\n\t\t\t\t<\/div>\n\t\t\t\t\t<\/div>\n\t\t<\/div>\n\t\t\t\t<div class=\"elementor-column elementor-col-50 elementor-top-column elementor-element elementor-element-a15952c\" data-id=\"a15952c\" data-element_type=\"column\" data-e-type=\"column\">\n\t\t\t<div class=\"elementor-widget-wrap elementor-element-populated\">\n\t\t\t\t\t\t<div class=\"elementor-element elementor-element-d7ed4c3 elementor-widget elementor-widget-text-editor\" data-id=\"d7ed4c3\" data-element_type=\"widget\" data-e-type=\"widget\" data-widget_type=\"text-editor.default\">\n\t\t\t\t<div class=\"elementor-widget-container\">\n\t\t\t\t\t\t\t\t\t<h4>Abogado y Maestro en M\u00fasica. Su experiencia laboral se ha desarrollado en los campos de la producci\u00f3n musical y eventos (como gerente y propietario de su propia empresa) y como contratista y docente universitario.<\/h4>\t\t\t\t\t\t\t\t<\/div>\n\t\t\t\t<\/div>\n\t\t\t\t\t<\/div>\n\t\t<\/div>\n\t\t\t\t\t<\/div>\n\t\t<\/section>\n\t\t\t\t<section class=\"elementor-section elementor-top-section elementor-element elementor-element-7654b3a elementor-section-boxed elementor-section-height-default elementor-section-height-default\" data-id=\"7654b3a\" data-element_type=\"section\" data-e-type=\"section\">\n\t\t\t\t\t\t<div class=\"elementor-container elementor-column-gap-default\">\n\t\t\t\t\t<div class=\"elementor-column elementor-col-50 elementor-top-column elementor-element elementor-element-f52f6de\" data-id=\"f52f6de\" data-element_type=\"column\" data-e-type=\"column\">\n\t\t\t<div class=\"elementor-widget-wrap elementor-element-populated\">\n\t\t\t\t\t\t<div class=\"elementor-element elementor-element-9cccf23 elementor-widget elementor-widget-image\" data-id=\"9cccf23\" data-element_type=\"widget\" data-e-type=\"widget\" data-widget_type=\"image.default\">\n\t\t\t\t<div class=\"elementor-widget-container\">\n\t\t\t\t\t\t\t\t\t\t\t\t\t\t\t<img decoding=\"async\" src=\"https:\/\/mcetest.com\/nl\/wp-content\/uploads\/elementor\/thumbs\/cambole-1-ribu37tf0z6izam7cj2izpqrvgcamjdb20x7ed3y4y.jpeg\" title=\"cambole\" alt=\"cambole\" loading=\"lazy\" \/>\t\t\t\t\t\t\t\t\t\t\t\t\t\t\t<\/div>\n\t\t\t\t<\/div>\n\t\t\t\t\t<\/div>\n\t\t<\/div>\n\t\t\t\t<div class=\"elementor-column elementor-col-50 elementor-top-column elementor-element elementor-element-60f6761\" data-id=\"60f6761\" data-element_type=\"column\" data-e-type=\"column\">\n\t\t\t<div class=\"elementor-widget-wrap elementor-element-populated\">\n\t\t\t\t\t\t<div class=\"elementor-element elementor-element-19c7b50 elementor-widget elementor-widget-text-editor\" data-id=\"19c7b50\" data-element_type=\"widget\" data-e-type=\"widget\" data-widget_type=\"text-editor.default\">\n\t\t\t\t<div class=\"elementor-widget-container\">\n\t\t\t\t\t\t\t\t\t<h4>L\u00edder de la iglesia cristiana, comprometida con el servicio social y espiritual de las comunidades m\u00e1s vulnerables de la ciudad de Cartagena. Se encuentra en proceso de formaci\u00f3n para convertirse en pastora<\/h4>\t\t\t\t\t\t\t\t<\/div>\n\t\t\t\t<\/div>\n\t\t\t\t\t<\/div>\n\t\t<\/div>\n\t\t\t\t\t<\/div>\n\t\t<\/section>\n\t\t\t\t<section class=\"elementor-section elementor-top-section elementor-element elementor-element-7018d89 elementor-section-boxed elementor-section-height-default elementor-section-height-default\" data-id=\"7018d89\" data-element_type=\"section\" data-e-type=\"section\">\n\t\t\t\t\t\t<div class=\"elementor-container elementor-column-gap-default\">\n\t\t\t\t\t<div class=\"elementor-column elementor-col-50 elementor-top-column elementor-element elementor-element-640e51a\" data-id=\"640e51a\" data-element_type=\"column\" data-e-type=\"column\">\n\t\t\t<div class=\"elementor-widget-wrap elementor-element-populated\">\n\t\t\t\t\t\t<div class=\"elementor-element elementor-element-1776d80 elementor-widget elementor-widget-image\" data-id=\"1776d80\" data-element_type=\"widget\" data-e-type=\"widget\" data-widget_type=\"image.default\">\n\t\t\t\t<div class=\"elementor-widget-container\">\n\t\t\t\t\t\t\t\t\t\t\t\t\t\t\t<img decoding=\"async\" src=\"https:\/\/mcetest.com\/nl\/wp-content\/uploads\/elementor\/thumbs\/cambold-1-ribu2yf14mtnr6zuvf09as45xlmmhkbzoqecllhvv6.jpeg\" title=\"cambold\" alt=\"cambold\" loading=\"lazy\" \/>\t\t\t\t\t\t\t\t\t\t\t\t\t\t\t<\/div>\n\t\t\t\t<\/div>\n\t\t\t\t\t<\/div>\n\t\t<\/div>\n\t\t\t\t<div class=\"elementor-column elementor-col-50 elementor-top-column elementor-element elementor-element-4fbf7c7\" data-id=\"4fbf7c7\" data-element_type=\"column\" data-e-type=\"column\">\n\t\t\t<div class=\"elementor-widget-wrap elementor-element-populated\">\n\t\t\t\t\t\t<div class=\"elementor-element elementor-element-315fb2d elementor-widget elementor-widget-text-editor\" data-id=\"315fb2d\" data-element_type=\"widget\" data-e-type=\"widget\" data-widget_type=\"text-editor.default\">\n\t\t\t\t<div class=\"elementor-widget-container\">\n\t\t\t\t\t\t\t\t\t<h4>L\u00edder comunitario y T\u00e9cnico Operador de Maquinaria Pesada.\u00a0 Ha dedicado su esfuerzo a fortalecer el emprendimiento agropecuario, acompa\u00f1ando a j\u00f3venes que hoy ven en la producci\u00f3n rural una oportunidad real de desarrollo y de vida digna. Adem\u00e1s, a trav\u00e9s de la Asociaci\u00f3n de Ajedrecistas de Santa Rosa del Sur, ha articulado apoyos para los ajedrecistas del sur de Bol\u00edvar.<\/h4>\t\t\t\t\t\t\t\t<\/div>\n\t\t\t\t<\/div>\n\t\t\t\t\t<\/div>\n\t\t<\/div>\n\t\t\t\t\t<\/div>\n\t\t<\/section>\n\t\t\t\t<section class=\"elementor-section elementor-top-section elementor-element elementor-element-acc9ac4 elementor-section-boxed elementor-section-height-default elementor-section-height-default\" data-id=\"acc9ac4\" data-element_type=\"section\" data-e-type=\"section\">\n\t\t\t\t\t\t<div class=\"elementor-container elementor-column-gap-default\">\n\t\t\t\t\t<div class=\"elementor-column elementor-col-100 elementor-top-column elementor-element elementor-element-9fef7f3\" data-id=\"9fef7f3\" data-element_type=\"column\" data-e-type=\"column\">\n\t\t\t<div class=\"elementor-widget-wrap\">\n\t\t\t\t\t\t\t<\/div>\n\t\t<\/div>\n\t\t\t\t\t<\/div>\n\t\t<\/section>\n\t\t\t\t<\/div>\n\t\t","protected":false},"excerpt":{"rendered":"<p>Abogado con m\u00e1s de 10 a\u00f1os de experiencia profesional, la mayor parte de ella en el sector p\u00fablico en entidades de Bogot\u00e1 D.C. y del orden nacional en Colombia. Posee [&hellip;]<\/p>\n","protected":false},"author":1,"featured_media":0,"parent":0,"menu_order":0,"comment_status":"closed","ping_status":"closed","template":"","meta":{"footnotes":""},"class_list":["post-8486","page","type-page","status-publish","hentry"],"_links":{"self":[{"href":"https:\/\/mcetest.com\/nl\/wp-json\/wp\/v2\/pages\/8486","targetHints":{"allow":["GET"]}}],"collection":[{"href":"https:\/\/mcetest.com\/nl\/wp-json\/wp\/v2\/pages"}],"about":[{"href":"https:\/\/mcetest.com\/nl\/wp-json\/wp\/v2\/types\/page"}],"author":[{"embeddable":true,"href":"https:\/\/mcetest.com\/nl\/wp-json\/wp\/v2\/users\/1"}],"replies":[{"embeddable":true,"href":"https:\/\/mcetest.com\/nl\/wp-json\/wp\/v2\/comments?post=8486"}],"version-history":[{"count":16,"href":"https:\/\/mcetest.com\/nl\/wp-json\/wp\/v2\/pages\/8486\/revisions"}],"predecessor-version":[{"id":9185,"href":"https:\/\/mcetest.com\/nl\/wp-json\/wp\/v2\/pages\/8486\/revisions\/9185"}],"wp:attachment":[{"href":"https:\/\/mcetest.com\/nl\/wp-json\/wp\/v2\/media?parent=8486"}],"curies":[{"name":"wp","href":"https:\/\/api.w.org\/{rel}","templated":true}]}}