{"id":7655,"date":"2026-01-13T02:49:10","date_gmt":"2026-01-13T02:49:10","guid":{"rendered":"https:\/\/mcetest.com\/nl\/?page_id=7655"},"modified":"2026-01-13T05:59:30","modified_gmt":"2026-01-13T05:59:30","slug":"resoluciones-cn-2025","status":"publish","type":"page","link":"https:\/\/mcetest.com\/nl\/resoluciones-cn-2025\/","title":{"rendered":"Resoluciones Consejo Nacional 2025"},"content":{"rendered":"<style>.elementor-7655 .elementor-element.elementor-element-a2fb69c .elementor-repeater-item-3bedade .swiper-slide-bg{background-color:#1E1D1E00;background-image:url(https:\/\/mcetest.com\/nl\/wp-content\/uploads\/2023\/08\/WhatsApp-Image-2023-08-12-at-10.35.27-AM.jpeg);background-size:cover;}.elementor-7655 .elementor-element.elementor-element-a2fb69c .elementor-repeater-item-3bedade .elementor-background-overlay{background-color:#FFFFFFE0;}.elementor-7655 .elementor-element.elementor-element-a2fb69c .elementor-repeater-item-3bedade .swiper-slide-inner .elementor-slide-heading{color:#1A0000;}.elementor-7655 .elementor-element.elementor-element-a2fb69c .elementor-repeater-item-3bedade .swiper-slide-inner .elementor-slide-description{color:#1A0000;}.elementor-7655 .elementor-element.elementor-element-a2fb69c .elementor-repeater-item-3bedade .swiper-slide-inner .elementor-slide-button{color:#1A0000;border-color:#1A0000;}.elementor-7655 .elementor-element.elementor-element-a2fb69c .elementor-repeater-item-3bedade .swiper-slide-contents{text-shadow:1px 0px 53px #FFFFFF;}.elementor-7655 .elementor-element.elementor-element-a2fb69c .swiper-slide{height:308px;transition-duration:calc(5000ms*1.2);}.elementor-7655 .elementor-element.elementor-element-a2fb69c .swiper-slide-contents{max-width:81%;}.elementor-7655 .elementor-element.elementor-element-a2fb69c .swiper-slide-inner{text-align:center;}.elementor-7655 .elementor-element.elementor-element-a2fb69c .elementor-slide-heading{color:#FFFFFF00;font-family:\"Roboto\", Sans-serif;font-size:25px;font-weight:900;}.elementor-7655 .elementor-element.elementor-element-a2fb69c .swiper-slide-inner .elementor-slide-description:not(:last-child){margin-bottom:0px;}.elementor-7655 .elementor-element.elementor-element-a2fb69c .elementor-slide-description{color:#000000;font-family:\"Roboto Slab\", Sans-serif;font-size:16px;font-weight:400;}.elementor-7655 .elementor-element.elementor-element-a2fb69c > .elementor-widget-container{padding:-9px -9px -9px -9px;}.elementor-7655 .elementor-element.elementor-element-43cceb1 .jeg-elementor-kit.jkit-search{text-align:center;}@media(max-width:767px){.elementor-7655 .elementor-element.elementor-element-a2fb69c .swiper-slide{height:361px;}.elementor-7655 .elementor-element.elementor-element-a2fb69c .elementor-slide-heading{font-size:22px;}.elementor-7655 .elementor-element.elementor-element-a2fb69c .elementor-slide-description{font-size:16px;}}<\/style>\t\t<div data-elementor-type=\"wp-page\" data-elementor-id=\"7655\" class=\"elementor elementor-7655\" data-elementor-post-type=\"page\">\n\t\t\t\t\t\t<section class=\"elementor-section elementor-top-section elementor-element elementor-element-39f0a6a elementor-section-boxed elementor-section-height-default elementor-section-height-default\" data-id=\"39f0a6a\" data-element_type=\"section\" data-e-type=\"section\">\n\t\t\t\t\t\t<div class=\"elementor-container elementor-column-gap-default\">\n\t\t\t\t\t<div class=\"elementor-column elementor-col-100 elementor-top-column elementor-element elementor-element-4c95929\" data-id=\"4c95929\" data-element_type=\"column\" data-e-type=\"column\">\n\t\t\t<div class=\"elementor-widget-wrap elementor-element-populated\">\n\t\t\t\t\t\t<div class=\"elementor-element elementor-element-a2fb69c elementor--h-position-center elementor--v-position-middle elementor-arrows-position-inside elementor-pagination-position-inside elementor-widget elementor-widget-slides\" data-id=\"a2fb69c\" data-element_type=\"widget\" data-e-type=\"widget\" data-settings=\"{&quot;navigation&quot;:&quot;both&quot;,&quot;autoplay&quot;:&quot;yes&quot;,&quot;pause_on_hover&quot;:&quot;yes&quot;,&quot;pause_on_interaction&quot;:&quot;yes&quot;,&quot;autoplay_speed&quot;:5000,&quot;infinite&quot;:&quot;yes&quot;,&quot;transition&quot;:&quot;slide&quot;,&quot;transition_speed&quot;:500}\" data-widget_type=\"slides.default\">\n\t\t\t\t<div class=\"elementor-widget-container\">\n\t\t\t\t\t\t\t\t\t<div class=\"elementor-swiper\">\n\t\t\t\t\t<div class=\"elementor-slides-wrapper elementor-main-swiper swiper\" role=\"region\" aria-roledescription=\"carousel\" aria-label=\"Diapositivas\" dir=\"ltr\" data-animation=\"fadeInUp\">\n\t\t\t\t<div class=\"swiper-wrapper elementor-slides\">\n\t\t\t\t\t\t\t\t\t\t<div class=\"elementor-repeater-item-3bedade swiper-slide\" role=\"group\" aria-roledescription=\"slide\"><div class=\"swiper-slide-bg elementor-ken-burns elementor-ken-burns--in\" role=\"img\" aria-label=\"WhatsApp Image 2023-08-12 at 10.35.27 AM\"><\/div><div class=\"elementor-background-overlay\"><\/div><div class=\"swiper-slide-inner\" ><div class=\"swiper-slide-contents\"><div class=\"elementor-slide-heading\">RESOLUCIONES CONSEJO NACIONAL 2025<\/div><div class=\"elementor-slide-description\">Consolidado de Resoluciones del Consejo Nacional del Partido Nuevo Liberalismo durante el a\u00f1o 2025<\/div><\/div><\/div><\/div>\t\t\t\t<\/div>\n\t\t\t\t\t\t\t<\/div>\n\t\t\t\t<\/div>\n\t\t\t\t\t\t\t\t<\/div>\n\t\t\t\t<\/div>\n\t\t\t\t\t<\/div>\n\t\t<\/div>\n\t\t\t\t\t<\/div>\n\t\t<\/section>\n\t\t\t\t<section class=\"elementor-section elementor-top-section elementor-element elementor-element-9f49363 elementor-section-boxed elementor-section-height-default elementor-section-height-default\" data-id=\"9f49363\" data-element_type=\"section\" data-e-type=\"section\">\n\t\t\t\t\t\t<div class=\"elementor-container elementor-column-gap-default\">\n\t\t\t\t\t<div class=\"elementor-column elementor-col-100 elementor-top-column elementor-element elementor-element-ef194df\" data-id=\"ef194df\" data-element_type=\"column\" data-e-type=\"column\">\n\t\t\t<div class=\"elementor-widget-wrap elementor-element-populated\">\n\t\t\t\t\t\t<div class=\"elementor-element elementor-element-43cceb1 elementor-widget elementor-widget-jkit_search\" data-id=\"43cceb1\" data-element_type=\"widget\" data-e-type=\"widget\" data-widget_type=\"jkit_search.default\">\n\t\t\t\t<div class=\"elementor-widget-container\">\n\t\t\t\t\t<div  class=\"jeg-elementor-kit jkit-search jeg_module___69e7bac4b9192\" ><div class=\"jkit-search-panel\">\n\t\t\t\t\t<form role=\"search\" method=\"get\" class=\"jkit-search-group\" action=\"https:\/\/mcetest.com\/nl\/\">\n\t\t\t\t\t\t<label class=\"screen-reader-text\" for=\"jkit-search-input-69e7bac4b92b6\">Search<\/label>\n\t\t\t\t\t\t<input id=\"jkit-search-input-69e7bac4b92b6\" type=\"search\" class=\"jkit-search-field\" placeholder=\"Buscar...\" value=\"\" name=\"s\" autocomplete=\"on\" \/>\n\t\t\t\t\t\t<button type=\"submit\" class=\"jkit-search-button\" aria-label=\"Search\"><i aria-hidden=\"true\" class=\"fas fa-search\"><\/i><\/button>\n\t\t\t\t\t<\/form>\n\t\t\t\t<\/div><\/div>\t\t\t\t<\/div>\n\t\t\t\t<\/div>\n\t\t\t\t<div class=\"elementor-element elementor-element-836098c elementor-widget elementor-widget-text-editor\" data-id=\"836098c\" data-element_type=\"widget\" data-e-type=\"widget\" data-widget_type=\"text-editor.default\">\n\t\t\t\t<div class=\"elementor-widget-container\">\n\t\t\t\t\t\t\t\t\t<table width=\"1318\"><tbody><tr><td style=\"text-align: center;\" width=\"204\"><strong>Link al documento<\/strong><\/td><td style=\"text-align: center;\" width=\"612\"><strong>T\u00edtulo Documento<\/strong><\/td><td style=\"text-align: center;\" width=\"502\"><strong>Descripci\u00f3n<\/strong><\/td><\/tr><tr><td><a href=\"https:\/\/mcetest.com\/nl\/wp-content\/uploads\/2026\/01\/Resolucion-CN-01-Ruta-del-aval-CMLJ.pdf\">Resolucion CN 01 &#8211; Ruta del aval CMLJ<\/a><\/td><td width=\"612\">Resolucion CN 01 &#8211; Ruta del aval CMLJ<\/td><td width=\"502\">\u201cPor medio de la cual se reglamenta la inscripci\u00f3n para postularse y recibir aval del Partido Nuevo Liberalismo para las elecciones de Consejos Municipales y Locales de Juventud y se dictan otras disposiciones\u201d<\/td><\/tr><tr><td><a href=\"https:\/\/mcetest.com\/nl\/wp-content\/uploads\/2026\/01\/Resolucion-CN-02-Ruta-del-Aval-Congreso.pdf\">Resoluci\u00f3n CN 02 &#8211; Ruta del Aval Congreso<\/a><\/td><td width=\"612\">Resoluci\u00f3n CN 02 &#8211; Ruta del Aval Congreso<\/td><td width=\"502\">\u201cPor medio de la cual se reglamenta la inscripci\u00f3n para postularse y recibir aval del Partido Nuevo Liberalismo para las elecciones al Congreso de la Republica para el periodo constitucional 2026-2030 y se dictan otras disposiciones\u201d<\/td><\/tr><tr><td><a href=\"https:\/\/mcetest.com\/nl\/wp-content\/uploads\/2026\/01\/Resolucion-CN-03-PROTOCOLO-MUJERES-FINAL.pdf\">Resoluci\u00f3n CN 03 &#8211; PROTOCOLO MUJERES FINAL<\/a><\/td><td width=\"612\">Resoluci\u00f3n CN 03 &#8211; PROTOCOLO MUJERES FINAL<\/td><td width=\"502\">\u201cPor medio de la cual se establece el protocolo del Partido Nuevo Liberalismo para prevenir, atender, rechazar y sancionar la violencia contra las mujeres en pol\u00edtica y se crea el sistema de prevenci\u00f3n, atenci\u00f3n, protecci\u00f3n y sanci\u00f3n para hacer efectivo su derecho a la participaci\u00f3n en todos los niveles\u201d<\/td><\/tr><tr><td><a href=\"https:\/\/mcetest.com\/nl\/wp-content\/uploads\/2026\/01\/Resolucion-CN-04-Modifica-Codigo-de-Etica-NL-FINAL.pdf\">Resoluci\u00f3n CN 04 &#8211; Modifica Codigo de Etica NL FINAL<\/a><\/td><td width=\"612\">Resoluci\u00f3n CN 04 &#8211; Modifica Codigo de Etica NL FINAL<\/td><td width=\"502\">\u201cPor medio de la cual se modifica el C\u00f3digo de Garant\u00edas y Control \u00c9tico del Partido Nuevo Liberalismo\u201d<\/td><\/tr><tr><td><a href=\"https:\/\/mcetest.com\/nl\/wp-content\/uploads\/2026\/01\/Resolucion-CN-05-Mecanismo-Definicion-Presidencial-NL-.pdf\">Resoluci\u00f3n CN 05 &#8211; Mecanismo Definicion Presidencial NL<\/a><\/td><td width=\"612\">Resoluci\u00f3n CN 05 &#8211; Mecanismo Definicion Presidencial NL\u00a0<\/td><td width=\"502\">\u201cPor medio de la cual se establece el mecanismo de selecci\u00f3n del militante que representar\u00e1 al Partido Nuevo Liberalismo en la consulta interpartidista y\/o en la elecci\u00f3n a la Presidencia de la Rep\u00fablica y se dictan otras disposiciones\u201d<\/td><\/tr><\/tbody><\/table>\t\t\t\t\t\t\t\t<\/div>\n\t\t\t\t<\/div>\n\t\t\t\t\t<\/div>\n\t\t<\/div>\n\t\t\t\t\t<\/div>\n\t\t<\/section>\n\t\t\t\t<\/div>\n\t\t","protected":false},"excerpt":{"rendered":"<p>RESOLUCIONES CONSEJO NACIONAL 2025Consolidado de Resoluciones del Consejo Nacional del Partido Nuevo Liberalismo durante el a\u00f1o 2025 Link al documento T\u00edtulo Documento Descripci\u00f3n Resolucion CN 01 &#8211; Ruta del aval [&hellip;]<\/p>\n","protected":false},"author":1,"featured_media":0,"parent":0,"menu_order":0,"comment_status":"closed","ping_status":"closed","template":"","meta":{"footnotes":""},"class_list":["post-7655","page","type-page","status-publish","hentry"],"_links":{"self":[{"href":"https:\/\/mcetest.com\/nl\/wp-json\/wp\/v2\/pages\/7655","targetHints":{"allow":["GET"]}}],"collection":[{"href":"https:\/\/mcetest.com\/nl\/wp-json\/wp\/v2\/pages"}],"about":[{"href":"https:\/\/mcetest.com\/nl\/wp-json\/wp\/v2\/types\/page"}],"author":[{"embeddable":true,"href":"https:\/\/mcetest.com\/nl\/wp-json\/wp\/v2\/users\/1"}],"replies":[{"embeddable":true,"href":"https:\/\/mcetest.com\/nl\/wp-json\/wp\/v2\/comments?post=7655"}],"version-history":[{"count":17,"href":"https:\/\/mcetest.com\/nl\/wp-json\/wp\/v2\/pages\/7655\/revisions"}],"predecessor-version":[{"id":9292,"href":"https:\/\/mcetest.com\/nl\/wp-json\/wp\/v2\/pages\/7655\/revisions\/9292"}],"wp:attachment":[{"href":"https:\/\/mcetest.com\/nl\/wp-json\/wp\/v2\/media?parent=7655"}],"curies":[{"name":"wp","href":"https:\/\/api.w.org\/{rel}","templated":true}]}}