{"id":7584,"date":"2026-01-12T23:32:15","date_gmt":"2026-01-12T23:32:15","guid":{"rendered":"https:\/\/mcetest.com\/nl\/?page_id=7584"},"modified":"2026-01-13T05:56:40","modified_gmt":"2026-01-13T05:56:40","slug":"resoluciones-dn-2025","status":"publish","type":"page","link":"https:\/\/mcetest.com\/nl\/resoluciones-dn-2025\/","title":{"rendered":"Resoluciones Direcci\u00f3n Nacional 2025"},"content":{"rendered":"<style>.elementor-7584 .elementor-element.elementor-element-a2fb69c .elementor-repeater-item-3bedade .swiper-slide-bg{background-color:#1E1D1E00;background-image:url(https:\/\/mcetest.com\/nl\/wp-content\/uploads\/2023\/08\/WhatsApp-Image-2023-08-12-at-10.35.27-AM.jpeg);background-size:cover;}.elementor-7584 .elementor-element.elementor-element-a2fb69c .elementor-repeater-item-3bedade .elementor-background-overlay{background-color:#FFFFFFE0;}.elementor-7584 .elementor-element.elementor-element-a2fb69c .elementor-repeater-item-3bedade .swiper-slide-inner .elementor-slide-heading{color:#1A0000;}.elementor-7584 .elementor-element.elementor-element-a2fb69c .elementor-repeater-item-3bedade .swiper-slide-inner .elementor-slide-description{color:#1A0000;}.elementor-7584 .elementor-element.elementor-element-a2fb69c .elementor-repeater-item-3bedade .swiper-slide-inner .elementor-slide-button{color:#1A0000;border-color:#1A0000;}.elementor-7584 .elementor-element.elementor-element-a2fb69c .elementor-repeater-item-3bedade .swiper-slide-contents{text-shadow:1px 0px 53px #FFFFFF;}.elementor-7584 .elementor-element.elementor-element-a2fb69c .swiper-slide{height:308px;transition-duration:calc(5000ms*1.2);}.elementor-7584 .elementor-element.elementor-element-a2fb69c .swiper-slide-contents{max-width:81%;}.elementor-7584 .elementor-element.elementor-element-a2fb69c .swiper-slide-inner{text-align:center;}.elementor-7584 .elementor-element.elementor-element-a2fb69c .elementor-slide-heading{color:#FFFFFF00;font-family:\"Roboto\", Sans-serif;font-size:25px;font-weight:900;}.elementor-7584 .elementor-element.elementor-element-a2fb69c .swiper-slide-inner .elementor-slide-description:not(:last-child){margin-bottom:0px;}.elementor-7584 .elementor-element.elementor-element-a2fb69c .elementor-slide-description{color:#000000;font-family:\"Roboto Slab\", Sans-serif;font-size:16px;font-weight:400;}.elementor-7584 .elementor-element.elementor-element-a2fb69c > .elementor-widget-container{padding:-9px -9px -9px -9px;}@media(max-width:767px){.elementor-7584 .elementor-element.elementor-element-a2fb69c .swiper-slide{height:361px;}.elementor-7584 .elementor-element.elementor-element-a2fb69c .elementor-slide-heading{font-size:22px;}.elementor-7584 .elementor-element.elementor-element-a2fb69c .elementor-slide-description{font-size:16px;}}<\/style>\t\t<div data-elementor-type=\"wp-page\" data-elementor-id=\"7584\" class=\"elementor elementor-7584\" data-elementor-post-type=\"page\">\n\t\t\t\t\t\t<section class=\"elementor-section elementor-top-section elementor-element elementor-element-39f0a6a elementor-section-boxed elementor-section-height-default elementor-section-height-default\" data-id=\"39f0a6a\" data-element_type=\"section\" data-e-type=\"section\">\n\t\t\t\t\t\t<div class=\"elementor-container elementor-column-gap-default\">\n\t\t\t\t\t<div class=\"elementor-column elementor-col-100 elementor-top-column elementor-element elementor-element-4c95929\" data-id=\"4c95929\" data-element_type=\"column\" data-e-type=\"column\">\n\t\t\t<div class=\"elementor-widget-wrap elementor-element-populated\">\n\t\t\t\t\t\t<div class=\"elementor-element elementor-element-a2fb69c elementor--h-position-center elementor--v-position-middle elementor-arrows-position-inside elementor-pagination-position-inside elementor-widget elementor-widget-slides\" data-id=\"a2fb69c\" data-element_type=\"widget\" data-e-type=\"widget\" data-settings=\"{&quot;navigation&quot;:&quot;both&quot;,&quot;autoplay&quot;:&quot;yes&quot;,&quot;pause_on_hover&quot;:&quot;yes&quot;,&quot;pause_on_interaction&quot;:&quot;yes&quot;,&quot;autoplay_speed&quot;:5000,&quot;infinite&quot;:&quot;yes&quot;,&quot;transition&quot;:&quot;slide&quot;,&quot;transition_speed&quot;:500}\" data-widget_type=\"slides.default\">\n\t\t\t\t<div class=\"elementor-widget-container\">\n\t\t\t\t\t\t\t\t\t<div class=\"elementor-swiper\">\n\t\t\t\t\t<div class=\"elementor-slides-wrapper elementor-main-swiper swiper\" role=\"region\" aria-roledescription=\"carousel\" aria-label=\"Diapositivas\" dir=\"ltr\" data-animation=\"fadeInUp\">\n\t\t\t\t<div class=\"swiper-wrapper elementor-slides\">\n\t\t\t\t\t\t\t\t\t\t<div class=\"elementor-repeater-item-3bedade swiper-slide\" role=\"group\" aria-roledescription=\"slide\"><div class=\"swiper-slide-bg elementor-ken-burns elementor-ken-burns--in\" role=\"img\" aria-label=\"WhatsApp Image 2023-08-12 at 10.35.27 AM\"><\/div><div class=\"elementor-background-overlay\"><\/div><div class=\"swiper-slide-inner\" ><div class=\"swiper-slide-contents\"><div class=\"elementor-slide-heading\">RESOLUCIONES DIRECCI\u00d3N NACIONAL 2025<\/div><div class=\"elementor-slide-description\">Consolidado de Resoluciones de la Direcci\u00f3n Nacional del Partido Nuevo Liberalismo durante el a\u00f1o 2025<\/div><\/div><\/div><\/div>\t\t\t\t<\/div>\n\t\t\t\t\t\t\t<\/div>\n\t\t\t\t<\/div>\n\t\t\t\t\t\t\t\t<\/div>\n\t\t\t\t<\/div>\n\t\t\t\t\t<\/div>\n\t\t<\/div>\n\t\t\t\t\t<\/div>\n\t\t<\/section>\n\t\t\t\t<section class=\"elementor-section elementor-top-section elementor-element elementor-element-9f49363 elementor-section-boxed elementor-section-height-default elementor-section-height-default\" data-id=\"9f49363\" data-element_type=\"section\" data-e-type=\"section\">\n\t\t\t\t\t\t<div class=\"elementor-container elementor-column-gap-default\">\n\t\t\t\t\t<div class=\"elementor-column elementor-col-100 elementor-top-column elementor-element elementor-element-ef194df\" data-id=\"ef194df\" data-element_type=\"column\" data-e-type=\"column\">\n\t\t\t<div class=\"elementor-widget-wrap elementor-element-populated\">\n\t\t\t\t\t\t<div class=\"elementor-element elementor-element-836098c elementor-widget elementor-widget-text-editor\" data-id=\"836098c\" data-element_type=\"widget\" data-e-type=\"widget\" data-widget_type=\"text-editor.default\">\n\t\t\t\t<div class=\"elementor-widget-container\">\n\t\t\t\t\t\t\t\t\t<table width=\"1318\"><tbody><tr><td width=\"204\">Link al documento<\/td><td width=\"612\">T\u00edtulo Documento<\/td><td width=\"502\">Descripci\u00f3n<\/td><\/tr><tr><td><a href=\"https:\/\/mcetest.com\/nl\/wp-content\/uploads\/2026\/01\/Resolucion-001-de-2025-Preferencia-de-eleccion-Gob-Putumayo.pdf\">Resoluci\u00f3n 001 de 2025 &#8211; Preferencia de elecci\u00f3n Gob Putumayo<\/a><\/td><td width=\"612\">Resoluci\u00f3n 001 de 2025 &#8211; Preferencia de elecci\u00f3n Gob Putumayo<\/td><td width=\"502\">\u201cPor medio de la cual se deja en libertad a la militancia del Partido Nuevo Liberalismo, para votar por el candidato de su preferencia en la elecci\u00f3n a la Gobernaci\u00f3n en el departamento de Putumayo\u201d<\/td><\/tr><tr><td><a href=\"https:\/\/mcetest.com\/nl\/wp-content\/uploads\/2026\/01\/Resolucion-002-de-2025-Avala-Alcaldia-Chiriguana-Cesar.pdf\">Resoluci\u00f3n 002 de 2025 &#8211; Avala Alcaldia Chiriguan\u00e1 Cesar<\/a><\/td><td width=\"612\">Resoluci\u00f3n 002 de 2025 &#8211; Avala Alcaldia Chiriguan\u00e1 Cesar<\/td><td width=\"502\">\u201cPor medio de la cual el Representante Legal del Partido Nuevo Liberalismo otorga aval para la Alcald\u00eda del Municipio de Chiriguan\u00e1, Dep<\/td><\/tr><tr><td><a href=\"https:\/\/mcetest.com\/nl\/wp-content\/uploads\/2026\/01\/Resolucion-003-de-2025-Avala-Alcaldia-Apartado-Antioquia.pdf\">Resoluci\u00f3n 003 de 2025 &#8211; Avala Alcaldia Apartad\u00f3 Antioquia<\/a><\/td><td width=\"612\">Resoluci\u00f3n 003 de 2025 &#8211; Avala Alcaldia Apartad\u00f3 Antioquia<\/td><td width=\"502\">\u201cPor medio de la cual el Representante Legal del Partido Nuevo Liberalismo otorga aval para la Alcald\u00eda del Municipio de Apartad\u00f3, Departamento de Antioquia y adopta otras disposiciones\u201d<\/td><\/tr><tr><td><a href=\"https:\/\/mcetest.com\/nl\/wp-content\/uploads\/2026\/01\/Resolucion-004-de-2025-Creacion-Conformacion-y-registro-de-los-Comites-Municipales-y-Locales-NL.pdf\">Resoluci\u00f3n 004 de 2025 &#8211; Creaci\u00f3n, Conformaci\u00f3n y registro de los Comit\u00e9s Municipales y Locales NL<\/a><\/td><td width=\"612\">Resoluci\u00f3n 004 de 2025 &#8211;\u00a0 Creaci\u00f3n, Conformaci\u00f3n y registro de los Comit\u00e9s Municipales y Locales NL<\/td><td width=\"502\">\u201cPor medio de la cual se establecen los criterios para la creaci\u00f3n, conformaci\u00f3n y registro de los Comit\u00e9s Municipales y Locales del Partido Nuevo Liberalismo y se dictan otras disposiciones\u201d<\/td><\/tr><tr><td><a href=\"https:\/\/mcetest.com\/nl\/wp-content\/uploads\/2026\/01\/Resolucion-005-de-2025-Modifica-plazo-de-inscripcion-CMLJ-NL.pdf\">Resoluci\u00f3n 005 de 2025 &#8211; Modifica plazo de inscripci\u00f3n CMLJ NL<\/a><\/td><td width=\"612\">Resoluci\u00f3n 005 de 2025 &#8211; Modifica plazo de inscripci\u00f3n CMLJ NL<\/td><td width=\"502\">\u201cPor medio de la cual se modifica el art\u00edculo 6 de la Resoluci\u00f3n CN-01 del 1 de abril de 2025 y se dictan otras disposiciones\u201d<\/td><\/tr><tr><td><a href=\"https:\/\/mcetest.com\/nl\/wp-content\/uploads\/2026\/01\/Resolucion-006-de-2025-Modif.-Coordinador-Politico-NL.pdf\">Resoluci\u00f3n 006 de 2025 &#8211; Modif. Coordinador Politico NL<\/a><\/td><td width=\"612\">Resoluci\u00f3n 006 de 2025 &#8211; Modif. Coordinador Politico NL<\/td><td width=\"502\">&#8220;Por medio de la cual se designa al Coordinador Pol\u00edtico Nacional y se dictan otras disposiciones\u201d<\/td><\/tr><tr><td><a href=\"https:\/\/mcetest.com\/nl\/wp-content\/uploads\/2026\/01\/Resolucion-007-de-2025-Modif.-Ruta-del-Aval-CMLJ.pdf\">Resoluci\u00f3n 007 de 2025 &#8211; Modif. Ruta del Aval CMLJ<\/a><\/td><td width=\"612\">Resoluci\u00f3n 007 de 2025 &#8211; Modif. Ruta del Aval CMLJ<\/td><td width=\"502\">\u201cPor medio de la cual se modifica la Resoluci\u00f3n CN-01 del 1 de abril de 2025 y se dictan otras disposiciones\u201d<\/td><\/tr><tr><td><a href=\"https:\/\/mcetest.com\/nl\/wp-content\/uploads\/2026\/01\/Resolucion-008-de-2025-Modificacion-Resolucion-Ruta-del-aval-congreso-.pdf\">Resoluci\u00f3n 008 de 2025 &#8211; Modificacion Resoluci\u00f3n Ruta del aval congreso<\/a><\/td><td width=\"612\">Resoluci\u00f3n 008 de 2025 &#8211; Modificacion Resoluci\u00f3n Ruta del aval congreso<\/td><td width=\"502\">\u201cPor medio de la cual se reglamenta la inscripci\u00f3n para postularse y recibir aval del Partido Nuevo Liberalismo para las elecciones al Congreso de la Republica para el periodo constitucional 2026-2030 y se dictan otras disposiciones\u201d<\/td><\/tr><tr><td><a href=\"https:\/\/mcetest.com\/nl\/wp-content\/uploads\/2026\/01\/Resolucion-009-de-2025-Posicion-politica-eleccion-atipica-alcaldia-de-melgar-NL.pdf\">Resoluci\u00f3n 009 de 2025 &#8211; Posicion politica eleccion atipica alcaldia de melgar NL<\/a><\/td><td width=\"612\">Resoluci\u00f3n 009 de 2025 &#8211; Posicion politica eleccion atipica alcaldia de melgar NL<\/td><td width=\"502\">\u201cPor medio de la cual se deja en libertad a la militancia del Partido Nuevo Liberalismo, para votar por el candidato que considere m\u00e1s id\u00f3neo para la elecci\u00f3n at\u00edpica a la alcald\u00eda de Melgar, departamento de Tolima\u201d<\/td><\/tr><tr><td><a href=\"https:\/\/mcetest.com\/nl\/wp-content\/uploads\/2026\/01\/Resolucion-010-de-2025-Resolucion-creacion-galardon-Luis-Carlos-Galan.pdf\">Resoluci\u00f3n 010 de 2025 &#8211; Resolucion creacion galardon Luis Carlos Galan<\/a><\/td><td width=\"612\">Resoluci\u00f3n 010 de 2025 &#8211; Resolucion creacion galardon Luis Carlos Galan<\/td><td width=\"502\">\u201cPor medio de la cual se crea la condecoraci\u00f3n del Partido Nuevo LiberalismoGALARD\u00d3N LUIS CARLOS GAL\u00c1N\u201d<\/td><\/tr><tr><td><a href=\"https:\/\/mcetest.com\/nl\/wp-content\/uploads\/2026\/01\/Resolucion-011-de-2025-Resolucion-condecoracion-LCG-a-Edgar-Materon.pdf\">Resoluci\u00f3n 011 de 2025 &#8211; Resolucion condecoracion LCG a Edgar Materon<\/a><\/td><td width=\"612\">Resoluci\u00f3n 011 de 2025 &#8211; Resolucion condecoracion LCG a Edgar Materon<\/td><td width=\"502\">\u201cPor medio de la cual se otorga la condecoraci\u00f3n GALARD\u00d3N LUIS CARLOS GAL\u00c1N A TODA UNA VIDA DE SERVICIO P\u00daBLICO Y DEFENSA DE LA DEMOCRACIA al Doctor EDGAR MATER\u00d3N SALCEDO\u201d<\/td><\/tr><tr><td><a href=\"https:\/\/mcetest.com\/nl\/wp-content\/uploads\/2026\/01\/Resolucion-012-de-2025-Avala-Coalicion-Alcaldia-Villeta-Cundinamarca.pdf\">Resoluci\u00f3n 012 de 2025 &#8211; Avala Coalici\u00f3n Alcaldia Villeta Cundinamarca<\/a><\/td><td width=\"612\">Resoluci\u00f3n 012 de 2025 &#8211; Avala Coalici\u00f3n Alcaldia Villeta Cundinamarca<\/td><td width=\"502\">\u201cPor medio de la cual el Representante Legal del Partido Nuevo Liberalismo otorga aval en coalici\u00f3n para la Alcald\u00eda del Municipio de VILLETA, Departamento de CUNDINAMARCA y adopta otras disposiciones\u201d<\/td><\/tr><tr><td><a href=\"https:\/\/mcetest.com\/nl\/wp-content\/uploads\/2026\/01\/Resolucion-013-de-2025-Modificacion-ruta-del-aval-congreso-comite-de-acreditacion.pdf\">Resoluci\u00f3n 013 de 2025 &#8211; Modificacion ruta del aval congreso comite de acreditacion<\/a><\/td><td width=\"612\">Resoluci\u00f3n 013 de 2025 &#8211; Modificacion ruta del aval congreso comite de acreditacion<\/td><td width=\"502\">\u201cPor medio de la cual se modifica la Resoluci\u00f3n CN-02 del 5 de mayo de 2025 y se dictan otras disposiciones\u201d<\/td><\/tr><tr><td><a href=\"https:\/\/mcetest.com\/nl\/wp-content\/uploads\/2026\/01\/Resolucion-014-de-2025-Comite-de-Acreditacion-Congreso-R-NL.pdf\">Resoluci\u00f3n 014 de 2025 &#8211; Comit\u00e9 de Acreditacion Congreso R NL<\/a><a href=\"https:\/\/mcetest.com\/nl\/wp-content\/uploads\/2026\/01\/Resolucion-015-de-2025-Aval-atipica-Alcaldia-Bucaramanga-1.pdf\">Resoluci\u00f3n 015 de 2025 &#8211; Aval atipica Alcaldia Bucaramanga<\/a><\/td><td width=\"612\">Resoluci\u00f3n 014 de 2025 &#8211; Comit\u00e9 de Acreditacion Congreso R NL<\/td><td width=\"502\">\u201cPor medio de la cual se conforma el Comit\u00e9 de Acreditaci\u00f3n establecido por la Resoluci\u00f3n CN-02 del 5 de mayo de 2025 y se dictan otras disposiciones\u201d<\/td><\/tr><tr><td><a href=\"https:\/\/mcetest.com\/nl\/wp-content\/uploads\/2026\/01\/Resolucion-015-de-2025-Aval-atipica-Alcaldia-Bucaramanga-1.pdf\">Resoluci\u00f3n 015 de 2025 &#8211; Aval atipica Alcaldia Bucaramanga<\/a><\/td><td width=\"612\">Resoluci\u00f3n 015 de 2025 &#8211; Aval atipica Alcaldia Bucaramanga<\/td><td width=\"502\">\u201cPor medio de la cual el Representante Legal del Partido Nuevo Liberalismo otorga aval para la Alcald\u00eda del Municipio de BUCARAMANGA, Departamento de SANTANDER y adopta otras disposiciones\u201d<\/td><\/tr><tr><td><a href=\"https:\/\/mcetest.com\/nl\/wp-content\/uploads\/2026\/01\/Resolucion-016-de-2025-Aval-Alcaldia-Giron-Santander-Coalicion-NL-.pdf\">Resoluci\u00f3n 016 de 2025 &#8211; Aval Alcaldia Giro\u0301n Santander Coalicion NL<\/a><\/td><td width=\"612\">Resoluci\u00f3n 016 de 2025 &#8211; Aval Alcaldia Giro\u0301n Santander Coalicion NL<\/td><td width=\"502\">\u201cPor medio de la cual el Representante Legal del Partido Nuevo Liberalismo otorga aval en coalici\u00f3n para la Alcald\u00eda del Municipio de GIR\u00d3N, Departamento de SANTANDER y adopta otras disposiciones\u201d<\/td><\/tr><tr><td><a href=\"https:\/\/mcetest.com\/nl\/wp-content\/uploads\/2026\/01\/Resolucion-017-de-2025-Donaciones-y-Reposicion-de-Gastos-NL.pdf\">Resoluci\u00f3n 017 de 2025 Donaciones y Reposici\u00f3n de Gastos NL<\/a><\/td><td width=\"612\">Resoluci\u00f3n 017 de 2025 Donaciones y Reposici\u00f3n de Gastos NL<\/td><td width=\"502\">\u201cPor medio de la cual se establece el procedimiento para la recepci\u00f3n de donaciones tramitadas a trav\u00e9s del Partido, se establecen las deducciones a la reposici\u00f3n de gastos de campa\u00f1a y se dictan otras disposiciones\u201d<\/td><\/tr><tr><td><a href=\"https:\/\/mcetest.com\/nl\/wp-content\/uploads\/2026\/01\/Resolucion-018-de-2025-Propaganda-Electoral-NL.pdf\">Resoluci\u00f3n 018 de 2025 Propaganda Electoral NL<\/a><\/td><td width=\"612\">Resoluci\u00f3n 018 de 2025 Propaganda Electoral NL<\/td><td width=\"502\">\u201cPor medio de la cual se reglamenta el uso de la propaganda electoral para los candidatos del Partido Nuevo Liberalismo para las elecciones del Congreso de la Rep\u00fablica para el periodo constitucional 2026- 2030 y adopta otras disposiciones\u201d<\/td><\/tr><\/tbody><\/table>\t\t\t\t\t\t\t\t<\/div>\n\t\t\t\t<\/div>\n\t\t\t\t\t<\/div>\n\t\t<\/div>\n\t\t\t\t\t<\/div>\n\t\t<\/section>\n\t\t\t\t<\/div>\n\t\t","protected":false},"excerpt":{"rendered":"<p>RESOLUCIONES DIRECCI\u00d3N NACIONAL 2025Consolidado de Resoluciones de la Direcci\u00f3n Nacional del Partido Nuevo Liberalismo durante el a\u00f1o 2025 Link al documento T\u00edtulo Documento Descripci\u00f3n Resoluci\u00f3n 001 de 2025 &#8211; Preferencia [&hellip;]<\/p>\n","protected":false},"author":1,"featured_media":0,"parent":0,"menu_order":0,"comment_status":"closed","ping_status":"closed","template":"","meta":{"footnotes":""},"class_list":["post-7584","page","type-page","status-publish","hentry"],"_links":{"self":[{"href":"https:\/\/mcetest.com\/nl\/wp-json\/wp\/v2\/pages\/7584","targetHints":{"allow":["GET"]}}],"collection":[{"href":"https:\/\/mcetest.com\/nl\/wp-json\/wp\/v2\/pages"}],"about":[{"href":"https:\/\/mcetest.com\/nl\/wp-json\/wp\/v2\/types\/page"}],"author":[{"embeddable":true,"href":"https:\/\/mcetest.com\/nl\/wp-json\/wp\/v2\/users\/1"}],"replies":[{"embeddable":true,"href":"https:\/\/mcetest.com\/nl\/wp-json\/wp\/v2\/comments?post=7584"}],"version-history":[{"count":30,"href":"https:\/\/mcetest.com\/nl\/wp-json\/wp\/v2\/pages\/7584\/revisions"}],"predecessor-version":[{"id":9291,"href":"https:\/\/mcetest.com\/nl\/wp-json\/wp\/v2\/pages\/7584\/revisions\/9291"}],"wp:attachment":[{"href":"https:\/\/mcetest.com\/nl\/wp-json\/wp\/v2\/media?parent=7584"}],"curies":[{"name":"wp","href":"https:\/\/api.w.org\/{rel}","templated":true}]}}