{"id":6863,"date":"2025-08-11T15:48:33","date_gmt":"2025-08-11T15:48:33","guid":{"rendered":"https:\/\/mcetest.com\/nl\/?page_id=6863"},"modified":"2025-08-11T15:52:07","modified_gmt":"2025-08-11T15:52:07","slug":"columnas-de-juan-manuel-galan","status":"publish","type":"page","link":"https:\/\/mcetest.com\/nl\/columnas-de-juan-manuel-galan\/","title":{"rendered":"Columnas de Juan Manuel Gal\u00e1n"},"content":{"rendered":"<style>.elementor-6863 .elementor-element.elementor-element-444f509 .elementor-posts-container .elementor-post__thumbnail{padding-bottom:calc( 0.66 * 100% );}.elementor-6863 .elementor-element.elementor-element-444f509:after{content:\"0.66\";}.elementor-6863 .elementor-element.elementor-element-444f509 .elementor-post__meta-data span + span:before{content:\"\u2022\";}.elementor-6863 .elementor-element.elementor-element-444f509{--grid-column-gap:30px;--grid-row-gap:35px;}.elementor-6863 .elementor-element.elementor-element-444f509 .elementor-post__text{margin-top:20px;}.elementor-6863 .elementor-element.elementor-element-444f509 .elementor-post__badge{right:0;}.elementor-6863 .elementor-element.elementor-element-444f509 .elementor-post__card .elementor-post__badge{margin:20px;}@media(max-width:767px){.elementor-6863 .elementor-element.elementor-element-444f509 .elementor-posts-container .elementor-post__thumbnail{padding-bottom:calc( 0.5 * 100% );}.elementor-6863 .elementor-element.elementor-element-444f509:after{content:\"0.5\";}}<\/style>\t\t<div data-elementor-type=\"wp-page\" data-elementor-id=\"6863\" class=\"elementor elementor-6863\" data-elementor-post-type=\"page\">\n\t\t\t\t\t\t<section class=\"elementor-section elementor-top-section elementor-element elementor-element-fc9fc55 elementor-section-boxed elementor-section-height-default elementor-section-height-default\" data-id=\"fc9fc55\" data-element_type=\"section\" data-e-type=\"section\">\n\t\t\t\t\t\t<div class=\"elementor-container elementor-column-gap-default\">\n\t\t\t\t\t<div class=\"elementor-column elementor-col-100 elementor-top-column elementor-element elementor-element-2d28685\" data-id=\"2d28685\" data-element_type=\"column\" data-e-type=\"column\">\n\t\t\t<div class=\"elementor-widget-wrap elementor-element-populated\">\n\t\t\t\t\t\t<div class=\"elementor-element elementor-element-444f509 elementor-grid-2 elementor-grid-tablet-2 elementor-grid-mobile-1 elementor-posts--thumbnail-top elementor-posts--show-avatar elementor-card-shadow-yes elementor-posts__hover-gradient elementor-widget elementor-widget-posts\" data-id=\"444f509\" data-element_type=\"widget\" data-e-type=\"widget\" data-settings=\"{&quot;cards_columns&quot;:&quot;2&quot;,&quot;cards_columns_tablet&quot;:&quot;2&quot;,&quot;cards_columns_mobile&quot;:&quot;1&quot;,&quot;cards_row_gap&quot;:{&quot;unit&quot;:&quot;px&quot;,&quot;size&quot;:35,&quot;sizes&quot;:[]},&quot;cards_row_gap_tablet&quot;:{&quot;unit&quot;:&quot;px&quot;,&quot;size&quot;:&quot;&quot;,&quot;sizes&quot;:[]},&quot;cards_row_gap_mobile&quot;:{&quot;unit&quot;:&quot;px&quot;,&quot;size&quot;:&quot;&quot;,&quot;sizes&quot;:[]}}\" data-widget_type=\"posts.cards\">\n\t\t\t\t<div class=\"elementor-widget-container\">\n\t\t\t\t\t\t\t<div class=\"elementor-posts-container elementor-posts elementor-posts--skin-cards elementor-grid\" role=\"list\">\n\t\t\t\t<article class=\"elementor-post elementor-grid-item post-6895 post type-post status-publish format-standard hentry category-columnas-de-juan-manuel-galan\" role=\"listitem\">\n\t\t\t<div class=\"elementor-post__card\">\n\t\t\t\t<div class=\"elementor-post__text\">\n\t\t\t\t<h3 class=\"elementor-post__title\">\n\t\t\t<a href=\"https:\/\/mcetest.com\/nl\/colombia-de-luto\/\" >\n\t\t\t\tColombia de luto\t\t\t<\/a>\n\t\t<\/h3>\n\t\t\t\t<div class=\"elementor-post__excerpt\">\n\t\t\t<p>La muerte de Miguel Uribe por acci\u00f3n de las balas asesinas disparadas desde el odio es un fracaso para todos: la sociedad y el Estado. Parece que nuestra patria es<\/p>\n\t\t<\/div>\n\t\t\n\t\t<a class=\"elementor-post__read-more\" href=\"https:\/\/mcetest.com\/nl\/colombia-de-luto\/\" aria-label=\"M\u00e1s informaci\u00f3n sobre Colombia de luto\" tabindex=\"-1\" >\n\t\t\tLeer m\u00e1s \u00bb\t\t<\/a>\n\n\t\t\t\t<\/div>\n\t\t\t\t<div class=\"elementor-post__meta-data\">\n\t\t\t\t\t<span class=\"elementor-post-date\">\n\t\t\tagosto 11, 2025\t\t<\/span>\n\t\t\t\t<span class=\"elementor-post-avatar\">\n\t\t\tNo hay comentarios\t\t<\/span>\n\t\t\t\t<\/div>\n\t\t\t\t\t<\/div>\n\t\t<\/article>\n\t\t\t\t<article class=\"elementor-post elementor-grid-item post-6850 post type-post status-publish format-standard hentry category-columnas-de-juan-manuel-galan\" role=\"listitem\">\n\t\t\t<div class=\"elementor-post__card\">\n\t\t\t\t<div class=\"elementor-post__text\">\n\t\t\t\t<h3 class=\"elementor-post__title\">\n\t\t\t<a href=\"https:\/\/mcetest.com\/nl\/colombia-en-2025-entre-la-violencia-y-la-urgencia-de-proteger-la-dignidad-humana\/\" >\n\t\t\t\tColombia en 2025: entre la violencia y la urgencia de proteger la dignidad humana\t\t\t<\/a>\n\t\t<\/h3>\n\t\t\t\t<div class=\"elementor-post__excerpt\">\n\t\t\t<p>Colombia atraviesa uno de los momentos m\u00e1s cr\u00edticos en materia de derechos humanos en la \u00faltima d\u00e9cada. El reciente informe del Comit\u00e9 Internacional de la Cruz Roja (CICR) titulado \u201cRetos<\/p>\n\t\t<\/div>\n\t\t\n\t\t<a class=\"elementor-post__read-more\" href=\"https:\/\/mcetest.com\/nl\/colombia-en-2025-entre-la-violencia-y-la-urgencia-de-proteger-la-dignidad-humana\/\" aria-label=\"M\u00e1s informaci\u00f3n sobre Colombia en 2025: entre la violencia y la urgencia de proteger la dignidad humana\" tabindex=\"-1\" >\n\t\t\tLeer m\u00e1s \u00bb\t\t<\/a>\n\n\t\t\t\t<\/div>\n\t\t\t\t<div class=\"elementor-post__meta-data\">\n\t\t\t\t\t<span class=\"elementor-post-date\">\n\t\t\tagosto 8, 2025\t\t<\/span>\n\t\t\t\t<span class=\"elementor-post-avatar\">\n\t\t\tNo hay comentarios\t\t<\/span>\n\t\t\t\t<\/div>\n\t\t\t\t\t<\/div>\n\t\t<\/article>\n\t\t\t\t<\/div>\n\t\t\n\t\t\t\t\t\t<\/div>\n\t\t\t\t<\/div>\n\t\t\t\t\t<\/div>\n\t\t<\/div>\n\t\t\t\t\t<\/div>\n\t\t<\/section>\n\t\t\t\t<\/div>\n\t\t","protected":false},"excerpt":{"rendered":"","protected":false},"author":1,"featured_media":0,"parent":0,"menu_order":0,"comment_status":"closed","ping_status":"closed","template":"","meta":{"footnotes":""},"class_list":["post-6863","page","type-page","status-publish","hentry"],"_links":{"self":[{"href":"https:\/\/mcetest.com\/nl\/wp-json\/wp\/v2\/pages\/6863","targetHints":{"allow":["GET"]}}],"collection":[{"href":"https:\/\/mcetest.com\/nl\/wp-json\/wp\/v2\/pages"}],"about":[{"href":"https:\/\/mcetest.com\/nl\/wp-json\/wp\/v2\/types\/page"}],"author":[{"embeddable":true,"href":"https:\/\/mcetest.com\/nl\/wp-json\/wp\/v2\/users\/1"}],"replies":[{"embeddable":true,"href":"https:\/\/mcetest.com\/nl\/wp-json\/wp\/v2\/comments?post=6863"}],"version-history":[{"count":10,"href":"https:\/\/mcetest.com\/nl\/wp-json\/wp\/v2\/pages\/6863\/revisions"}],"predecessor-version":[{"id":6873,"href":"https:\/\/mcetest.com\/nl\/wp-json\/wp\/v2\/pages\/6863\/revisions\/6873"}],"wp:attachment":[{"href":"https:\/\/mcetest.com\/nl\/wp-json\/wp\/v2\/media?parent=6863"}],"curies":[{"name":"wp","href":"https:\/\/api.w.org\/{rel}","templated":true}]}}