{"id":5890,"date":"2025-03-17T14:30:36","date_gmt":"2025-03-17T14:30:36","guid":{"rendered":"https:\/\/mcetest.com\/nl\/?page_id=5890"},"modified":"2025-05-16T15:59:29","modified_gmt":"2025-05-16T15:59:29","slug":"cmlj2025","status":"publish","type":"page","link":"https:\/\/mcetest.com\/nl\/cmlj2025\/","title":{"rendered":"Consejos de Juventud 2025"},"content":{"rendered":"<style>.elementor-5890 .elementor-element.elementor-element-382fff22{margin-top:-39px;margin-bottom:5px;}.elementor-5890 .elementor-element.elementor-element-2e0bfb13:not(.elementor-motion-effects-element-type-background) > .elementor-widget-wrap, .elementor-5890 .elementor-element.elementor-element-2e0bfb13 > .elementor-widget-wrap > .elementor-motion-effects-container > .elementor-motion-effects-layer{background-color:#c40b04;}.elementor-5890 .elementor-element.elementor-element-2e0bfb13 > .elementor-element-populated{transition:background 0.3s, border 0.3s, border-radius 0.3s, box-shadow 0.3s;}.elementor-5890 .elementor-element.elementor-element-2e0bfb13 > .elementor-element-populated > .elementor-background-overlay{transition:background 0.3s, border-radius 0.3s, opacity 0.3s;}.elementor-5890 .elementor-element.elementor-element-95b63ba > .elementor-container{text-align:start;}.elementor-5890 .elementor-element.elementor-element-084334e{text-align:center;}.elementor-5890 .elementor-element.elementor-element-084334e .elementor-heading-title{color:#C20A00;}.elementor-5890 .elementor-element.elementor-element-fb129b7{text-align:center;}.elementor-5890 .elementor-element.elementor-element-fb129b7 .elementor-heading-title{color:#C20A00;}.elementor-5890 .elementor-element.elementor-element-f55e13f{text-align:justify;}.elementor-5890 .elementor-element.elementor-element-a0cda56 .elementor-wrapper{--video-aspect-ratio:1.77777;}.elementor-5890 .elementor-element.elementor-element-9c3322f .elementor-icon-box-wrapper{gap:15px;}.elementor-5890 .elementor-element.elementor-element-9c3322f.elementor-view-stacked .elementor-icon{background-color:#CE0808;}.elementor-5890 .elementor-element.elementor-element-9c3322f.elementor-view-framed .elementor-icon, .elementor-5890 .elementor-element.elementor-element-9c3322f.elementor-view-default .elementor-icon{fill:#CE0808;color:#CE0808;border-color:#CE0808;}.elementor-5890 .elementor-element.elementor-element-9c3322f .elementor-icon-box-title{color:#E20000;}.elementor-5890 .elementor-element.elementor-element-29d3cc72 > .elementor-container{max-width:1200px;}.elementor-5890 .elementor-element.elementor-element-29d3cc72:not(.elementor-motion-effects-element-type-background), .elementor-5890 .elementor-element.elementor-element-29d3cc72 > .elementor-motion-effects-container > .elementor-motion-effects-layer{background-color:#B30000;}.elementor-5890 .elementor-element.elementor-element-29d3cc72, .elementor-5890 .elementor-element.elementor-element-29d3cc72 > .elementor-background-overlay{border-radius:10px 10px 10px 10px;}.elementor-5890 .elementor-element.elementor-element-29d3cc72{transition:background 0.3s, border 0.3s, border-radius 0.3s, box-shadow 0.3s;margin-top:60px;margin-bottom:60px;padding:30px 30px 30px 30px;}.elementor-5890 .elementor-element.elementor-element-29d3cc72 > .elementor-background-overlay{transition:background 0.3s, border-radius 0.3s, opacity 0.3s;}.elementor-bc-flex-widget .elementor-5890 .elementor-element.elementor-element-33b22095.elementor-column .elementor-widget-wrap{align-items:center;}.elementor-5890 .elementor-element.elementor-element-33b22095.elementor-column.elementor-element[data-element_type=\"column\"] > .elementor-widget-wrap.elementor-element-populated{align-content:center;align-items:center;}.elementor-5890 .elementor-element.elementor-element-704d8099{text-align:center;}.elementor-5890 .elementor-element.elementor-element-704d8099 .elementor-heading-title{font-family:\"Outfit\", Sans-serif;font-size:30px;font-weight:600;line-height:40px;color:#FFFFFF;}.elementor-5890 .elementor-element.elementor-element-5e56e1e > .elementor-container{max-width:1200px;}.elementor-5890 .elementor-element.elementor-element-5e56e1e:not(.elementor-motion-effects-element-type-background), .elementor-5890 .elementor-element.elementor-element-5e56e1e > .elementor-motion-effects-container > .elementor-motion-effects-layer{background-color:#B30000;}.elementor-5890 .elementor-element.elementor-element-5e56e1e, .elementor-5890 .elementor-element.elementor-element-5e56e1e > .elementor-background-overlay{border-radius:10px 10px 10px 10px;}.elementor-5890 .elementor-element.elementor-element-5e56e1e{transition:background 0.3s, border 0.3s, border-radius 0.3s, box-shadow 0.3s;margin-top:60px;margin-bottom:60px;padding:30px 30px 30px 30px;}.elementor-5890 .elementor-element.elementor-element-5e56e1e > .elementor-background-overlay{transition:background 0.3s, border-radius 0.3s, opacity 0.3s;}.elementor-bc-flex-widget .elementor-5890 .elementor-element.elementor-element-8dc27c8.elementor-column .elementor-widget-wrap{align-items:center;}.elementor-5890 .elementor-element.elementor-element-8dc27c8.elementor-column.elementor-element[data-element_type=\"column\"] > .elementor-widget-wrap.elementor-element-populated{align-content:center;align-items:center;}.elementor-5890 .elementor-element.elementor-element-2088f9e{text-align:center;}.elementor-5890 .elementor-element.elementor-element-2088f9e .elementor-heading-title{font-family:\"Outfit\", Sans-serif;font-size:30px;font-weight:600;line-height:40px;color:#FFFFFF;}.elementor-bc-flex-widget .elementor-5890 .elementor-element.elementor-element-4b8ecfc.elementor-column .elementor-widget-wrap{align-items:center;}.elementor-5890 .elementor-element.elementor-element-4b8ecfc.elementor-column.elementor-element[data-element_type=\"column\"] > .elementor-widget-wrap.elementor-element-populated{align-content:center;align-items:center;}.elementor-5890 .elementor-element.elementor-element-4b8ecfc.elementor-column > .elementor-widget-wrap{justify-content:center;}.elementor-5890 .elementor-element.elementor-element-4b8ecfc > .elementor-element-populated{text-align:center;}:root{--page-title-display:none;}body.elementor-page-5890:not(.elementor-motion-effects-element-type-background), body.elementor-page-5890 > .elementor-motion-effects-container > .elementor-motion-effects-layer{background-color:#FFFFFF;}@media(max-width:767px){.elementor-5890 .elementor-element.elementor-element-704d8099{text-align:center;}.elementor-5890 .elementor-element.elementor-element-704d8099 .elementor-heading-title{font-size:25px;line-height:35px;}.elementor-5890 .elementor-element.elementor-element-2088f9e{text-align:center;}.elementor-5890 .elementor-element.elementor-element-2088f9e .elementor-heading-title{font-size:25px;line-height:35px;}}<\/style>\t\t<div data-elementor-type=\"wp-page\" data-elementor-id=\"5890\" class=\"elementor elementor-5890\" data-elementor-post-type=\"page\">\n\t\t\t\t\t\t<section class=\"elementor-section elementor-top-section elementor-element elementor-element-382fff22 elementor-section-full_width elementor-section-stretched elementor-section-height-default elementor-section-height-default\" data-id=\"382fff22\" data-element_type=\"section\" data-e-type=\"section\" data-settings=\"{&quot;stretch_section&quot;:&quot;section-stretched&quot;}\">\n\t\t\t\t\t\t<div class=\"elementor-container elementor-column-gap-default\">\n\t\t\t\t\t<div class=\"elementor-column elementor-col-100 elementor-top-column elementor-element elementor-element-2e0bfb13\" data-id=\"2e0bfb13\" data-element_type=\"column\" data-e-type=\"column\" data-settings=\"{&quot;background_background&quot;:&quot;classic&quot;}\">\n\t\t\t<div class=\"elementor-widget-wrap\">\n\t\t\t\t\t\t\t<\/div>\n\t\t<\/div>\n\t\t\t\t\t<\/div>\n\t\t<\/section>\n\t\t\t\t<section class=\"elementor-section elementor-top-section elementor-element elementor-element-02dba8e elementor-section-boxed elementor-section-height-default elementor-section-height-default\" data-id=\"02dba8e\" data-element_type=\"section\" data-e-type=\"section\">\n\t\t\t\t\t\t<div class=\"elementor-container elementor-column-gap-default\">\n\t\t\t\t\t<div class=\"elementor-column elementor-col-100 elementor-top-column elementor-element elementor-element-347dae8\" data-id=\"347dae8\" data-element_type=\"column\" data-e-type=\"column\">\n\t\t\t<div class=\"elementor-widget-wrap\">\n\t\t\t\t\t\t\t<\/div>\n\t\t<\/div>\n\t\t\t\t\t<\/div>\n\t\t<\/section>\n\t\t\t\t<section class=\"elementor-section elementor-top-section elementor-element elementor-element-95b63ba elementor-section-full_width elementor-section-height-default elementor-section-height-default\" data-id=\"95b63ba\" data-element_type=\"section\" data-e-type=\"section\">\n\t\t\t\t\t\t<div class=\"elementor-container elementor-column-gap-default\">\n\t\t\t\t\t<div class=\"elementor-column elementor-col-100 elementor-top-column elementor-element elementor-element-cf3e8d9\" data-id=\"cf3e8d9\" data-element_type=\"column\" data-e-type=\"column\">\n\t\t\t<div class=\"elementor-widget-wrap elementor-element-populated\">\n\t\t\t\t\t\t<div class=\"elementor-element elementor-element-084334e elementor-widget elementor-widget-heading\" data-id=\"084334e\" data-element_type=\"widget\" data-e-type=\"widget\" data-widget_type=\"heading.default\">\n\t\t\t\t<div class=\"elementor-widget-container\">\n\t\t\t\t\t<h2 class=\"elementor-heading-title elementor-size-default\">Consejos Municipales y Locales de Juventud<\/h2>\t\t\t\t<\/div>\n\t\t\t\t<\/div>\n\t\t\t\t<div class=\"elementor-element elementor-element-fb129b7 elementor-widget elementor-widget-heading\" data-id=\"fb129b7\" data-element_type=\"widget\" data-e-type=\"widget\" data-widget_type=\"heading.default\">\n\t\t\t\t<div class=\"elementor-widget-container\">\n\t\t\t\t\t<h2 class=\"elementor-heading-title elementor-size-default\">Registro de Precandidatos por el Nuevo Liberalismo<\/h2>\t\t\t\t<\/div>\n\t\t\t\t<\/div>\n\t\t\t\t<div class=\"elementor-element elementor-element-f55e13f elementor-widget elementor-widget-text-editor\" data-id=\"f55e13f\" data-element_type=\"widget\" data-e-type=\"widget\" data-widget_type=\"text-editor.default\">\n\t\t\t\t<div class=\"elementor-widget-container\">\n\t\t\t\t\t\t\t\t\t<h5 style=\"text-align: justified;\"><em><span style=\"color: #000000;\">El <strong>Nuevo Liberalismo<\/strong> inicia oficialmente el proceso de inscripci\u00f3n de <strong>precandidaturas para las elecciones de Consejos de Juventud.<\/strong><\/span><\/em><\/h5>\n<p style=\"text-align: justified;\"><em style=\"color: #c20a00;\">Es importante tener en cuenta que <strong style=\"font-size: 13px;\">la inscripci\u00f3n NO constituye un v\u00ednculo legal o pol\u00edtico con el Nuevo Liberalismo y tampoco garantiza el otorgamiento del aval.<\/strong> Todos(as) los(as) aspirantes inscritos(as) pasar\u00e1n por un Comit\u00e9 Evaluador con el fin de garantizar transparencia y coherencia con los postulados del partido.\n<\/em><\/p>\n<p style=\"text-align: center;\"><em><strong style=\"background-color: transparent; letter-spacing: 0px; font-size: 24px; text-align: center;\">\n<span style=\"color: #ff0000;\">\u00a1Colombia te necesita!<\/span><\/strong><\/em><\/p>\t\t\t\t\t\t\t\t<\/div>\n\t\t\t\t<\/div>\n\t\t\t\t<div class=\"elementor-element elementor-element-a0cda56 elementor-widget elementor-widget-video\" data-id=\"a0cda56\" data-element_type=\"widget\" data-e-type=\"widget\" data-settings=\"{&quot;video_type&quot;:&quot;hosted&quot;,&quot;autoplay&quot;:&quot;yes&quot;,&quot;controls&quot;:&quot;yes&quot;}\" data-widget_type=\"video.default\">\n\t\t\t\t<div class=\"elementor-widget-container\">\n\t\t\t\t\t\t\t<div class=\"e-hosted-video elementor-wrapper elementor-open-inline\">\n\t\t\t\t\t<video class=\"elementor-video\" src=\"https:\/\/mcetest.com\/nl\/wp-content\/uploads\/2025\/04\/Video_Juventudes_NuevoLiberalismo.mp4\" autoplay=\"\" controls=\"\" controlsList=\"nodownload\"><\/video>\n\t\t\t\t<\/div>\n\t\t\t\t\t\t<\/div>\n\t\t\t\t<\/div>\n\t\t\t\t<div class=\"elementor-element elementor-element-9c3322f elementor-view-default elementor-position-block-start elementor-mobile-position-block-start elementor-widget elementor-widget-icon-box\" data-id=\"9c3322f\" data-element_type=\"widget\" data-e-type=\"widget\" data-widget_type=\"icon-box.default\">\n\t\t\t\t<div class=\"elementor-widget-container\">\n\t\t\t\t\t\t\t<div class=\"elementor-icon-box-wrapper\">\n\n\t\t\t\t\t\t<div class=\"elementor-icon-box-icon\">\n\t\t\t\t<a href=\"https:\/\/mcetest.com\/nl\/resolucion-cn-01-de-2025\/\" class=\"elementor-icon\" tabindex=\"-1\" aria-label=\"Resoluci\u00f3n CN-01 de 2025 \">\n\t\t\t\t<i aria-hidden=\"true\" class=\"far fa-file-pdf\"><\/i>\t\t\t\t<\/a>\n\t\t\t<\/div>\n\t\t\t\n\t\t\t\t\t\t<div class=\"elementor-icon-box-content\">\n\n\t\t\t\t\t\t\t\t\t<h3 class=\"elementor-icon-box-title\">\n\t\t\t\t\t\t<a href=\"https:\/\/mcetest.com\/nl\/resolucion-cn-01-de-2025\/\" >\n\t\t\t\t\t\t\tResoluci\u00f3n CN-01 de 2025 \t\t\t\t\t\t<\/a>\n\t\t\t\t\t<\/h3>\n\t\t\t\t\n\t\t\t\t\t\t\t\t\t<p class=\"elementor-icon-box-description\">\n\t\t\t\t\t\tPor medio de la cual se reglamenta la inscripci\u00f3n para postularse y recibir aval del \nPartido Nuevo Liberalismo para las elecciones de Consejos Municipales y Locales \nde Juventud y se dictan otras disposiciones\u201d\t\t\t\t\t<\/p>\n\t\t\t\t\n\t\t\t<\/div>\n\t\t\t\n\t\t<\/div>\n\t\t\t\t\t\t<\/div>\n\t\t\t\t<\/div>\n\t\t\t\t<section class=\"elementor-section elementor-inner-section elementor-element elementor-element-29d3cc72 elementor-section-boxed elementor-section-height-default elementor-section-height-default\" data-id=\"29d3cc72\" data-element_type=\"section\" data-e-type=\"section\" data-settings=\"{&quot;background_background&quot;:&quot;classic&quot;}\">\n\t\t\t\t\t\t<div class=\"elementor-container elementor-column-gap-default\">\n\t\t\t\t\t<div class=\"elementor-column elementor-col-100 elementor-inner-column elementor-element elementor-element-33b22095\" data-id=\"33b22095\" data-element_type=\"column\" data-e-type=\"column\">\n\t\t\t<div class=\"elementor-widget-wrap elementor-element-populated\">\n\t\t\t\t\t\t<div class=\"elementor-element elementor-element-704d8099 elementor-widget elementor-widget-heading\" data-id=\"704d8099\" data-element_type=\"widget\" data-e-type=\"widget\" data-widget_type=\"heading.default\">\n\t\t\t\t<div class=\"elementor-widget-container\">\n\t\t\t\t\t<h2 class=\"elementor-heading-title elementor-size-default\">Selecciona el departamento en el que solicitas el aval:<\/h2>\t\t\t\t<\/div>\n\t\t\t\t<\/div>\n\t\t\t\t\t<\/div>\n\t\t<\/div>\n\t\t\t\t\t<\/div>\n\t\t<\/section>\n\t\t\t\t<section class=\"elementor-section elementor-inner-section elementor-element elementor-element-5e56e1e elementor-section-boxed elementor-section-height-default elementor-section-height-default\" data-id=\"5e56e1e\" data-element_type=\"section\" data-e-type=\"section\" data-settings=\"{&quot;background_background&quot;:&quot;classic&quot;}\">\n\t\t\t\t\t\t<div class=\"elementor-container elementor-column-gap-default\">\n\t\t\t\t\t<div class=\"elementor-column elementor-col-50 elementor-inner-column elementor-element elementor-element-8dc27c8\" data-id=\"8dc27c8\" data-element_type=\"column\" data-e-type=\"column\">\n\t\t\t<div class=\"elementor-widget-wrap elementor-element-populated\">\n\t\t\t\t\t\t<div class=\"elementor-element elementor-element-2088f9e elementor-widget elementor-widget-heading\" data-id=\"2088f9e\" data-element_type=\"widget\" data-e-type=\"widget\" data-widget_type=\"heading.default\">\n\t\t\t\t<div class=\"elementor-widget-container\">\n\t\t\t\t\t<h2 class=\"elementor-heading-title elementor-size-default\">Selecciona el departamento en el que solicitas el aval:<\/h2>\t\t\t\t<\/div>\n\t\t\t\t<\/div>\n\t\t\t\t\t<\/div>\n\t\t<\/div>\n\t\t\t\t<div class=\"elementor-column elementor-col-50 elementor-inner-column elementor-element elementor-element-4b8ecfc\" data-id=\"4b8ecfc\" data-element_type=\"column\" data-e-type=\"column\">\n\t\t\t<div class=\"elementor-widget-wrap elementor-element-populated\">\n\t\t\t\t\t\t<div class=\"elementor-element elementor-element-b10b65b elementor-widget elementor-widget-html\" data-id=\"b10b65b\" data-element_type=\"widget\" data-e-type=\"widget\" data-widget_type=\"html.default\">\n\t\t\t\t<div class=\"elementor-widget-container\">\n\t\t\t\t\t<select id=\"dropdown\" name=\"dropdown\" onchange=\"goToPage()\">\r\n      \r\n  <option value=\"https:\/\/mcetest.com\/nl\/cmlj2025-antioquia\/\r\n\">ANTIOQUIA<\/option>\r\n  \r\n  <option value=\"https:\/\/mcetest.com\/nl\/cmlj2025-atlantico\/\r\n\">ATLANTICO<\/option>\r\n<option value=\"https:\/\/mcetest.com\/nl\/cmlj2025-bogota\r\n\">BOGOTA<\/option>\r\n  <option value=\"https:\/\/mcetest.com\/nl\/cmlj2025-bolivar\r\n\">BOLIVAR<\/option>\r\n  <option value=\"https:\/\/mcetest.com\/nl\/cmlj2025-boyaca\r\n\">BOYACA<\/option>\r\n  <option value=\"https:\/\/mcetest.com\/nl\/cmlj2025-caldas\r\n\">CALDAS<\/option>\r\n  <option value=\"https:\/\/mcetest.com\/nl\/cmlj2025-caqueta\r\n\">CAQUETA<\/option>\r\n  <option value=\"https:\/\/mcetest.com\/nl\/cmlj2025-casanare\r\n\">CASANARE<\/option>\r\n  <option value=\"https:\/\/mcetest.com\/nl\/cmlj2025-cauca\r\n\">CAUCA<\/option>\r\n  <option value=\"https:\/\/mcetest.com\/nl\/cmlj2025-cesar\r\n\">CESAR<\/option>\r\n  <option value=\"https:\/\/mcetest.com\/nl\/cmlj2025-choco\r\n\">CHOCO<\/option>\r\n  <option value=\"https:\/\/mcetest.com\/nl\/cmlj2025-cordoba\r\n\">CORDOBA<\/option>\r\n  <option value=\"https:\/\/mcetest.com\/nl\/cmlj2025-cundinamarca\r\n\">CUNDINAMARCA<\/option>\r\n  \r\n  <option value=\"https:\/\/mcetest.com\/nl\/cmlj2025-guaviare\r\n\">GUAVIARE<\/option>\r\n  <option value=\"https:\/\/mcetest.com\/nl\/cmlj2025-huila\r\n\">HUILA<\/option>\r\n  <option value=\"https:\/\/mcetest.com\/nl\/cmlj2025-laguajira\r\n\">LA GUAJIRA<\/option>\r\n  <option value=\"https:\/\/mcetest.com\/nl\/cmlj2025-magdalena\r\n\">MAGDALENA<\/option>\r\n  <option value=\"https:\/\/mcetest.com\/nl\/cmlj2025-meta\r\n\">META<\/option>\r\n    <option value=\"https:\/\/mcetest.com\/nl\/cmlj2025-narino\r\n\">NARI\u00d1O<\/option>\r\n  <option value=\"https:\/\/mcetest.com\/nl\/cmlj2025-nortedesantander\r\n\">NORTE DE SANTANDER<\/option>\r\n  <option value=\"https:\/\/mcetest.com\/nl\/cmlj2025-putumayo\r\n\">PUTUMAYO<\/option>\r\n  <option value=\"https:\/\/mcetest.com\/nl\/cmlj2025-quindio\r\n\">QUINDIO<\/option>\r\n  <option value=\"https:\/\/mcetest.com\/nl\/cmlj2025-risaralda\r\n\">RISARALDA<\/option>\r\n  <option value=\"https:\/\/mcetest.com\/nl\/cmlj2025-sanandresyprovidencia\r\n\">SAN ANDRES Y PROVIDENCIA<\/option>\r\n  <option value=\"https:\/\/mcetest.com\/nl\/cmlj2025-santander\r\n\">SANTANDER<\/option>\r\n  <option value=\"https:\/\/mcetest.com\/nl\/cmlj2025-sucre\r\n\">SUCRE<\/option>\r\n  <option value=\"https:\/\/mcetest.com\/nl\/cmlj2025-tolima\r\n\">TOLIMA<\/option>\r\n  <option value=\"https:\/\/mcetest.com\/nl\/cmlj2025-valledelcauca\r\n\">VALLE DEL CAUCA<\/option>\r\n  \r\n  \r\n  \r\n  \r\n<\/select>\r\n\r\n<script>\r\n    function goToPage() {\r\n        var dropdown = document.getElementById(\"dropdown\");\r\n        var selectedValue = dropdown.options[dropdown.selectedIndex].value;\r\n        if (selectedValue) {\r\n            window.location.href = selectedValue;\r\n        }\r\n    }\r\n<\/script>\t\t\t\t<\/div>\n\t\t\t\t<\/div>\n\t\t\t\t\t<\/div>\n\t\t<\/div>\n\t\t\t\t\t<\/div>\n\t\t<\/section>\n\t\t\t\t\t<\/div>\n\t\t<\/div>\n\t\t\t\t\t<\/div>\n\t\t<\/section>\n\t\t\t\t<\/div>\n\t\t","protected":false},"excerpt":{"rendered":"<p>Consejos Municipales y Locales de Juventud Registro de Precandidatos por el Nuevo Liberalismo El Nuevo Liberalismo inicia oficialmente el proceso de inscripci\u00f3n de precandidaturas para las elecciones de Consejos de [&hellip;]<\/p>\n","protected":false},"author":1,"featured_media":0,"parent":0,"menu_order":0,"comment_status":"closed","ping_status":"closed","template":"","meta":{"footnotes":""},"class_list":["post-5890","page","type-page","status-publish","hentry"],"_links":{"self":[{"href":"https:\/\/mcetest.com\/nl\/wp-json\/wp\/v2\/pages\/5890","targetHints":{"allow":["GET"]}}],"collection":[{"href":"https:\/\/mcetest.com\/nl\/wp-json\/wp\/v2\/pages"}],"about":[{"href":"https:\/\/mcetest.com\/nl\/wp-json\/wp\/v2\/types\/page"}],"author":[{"embeddable":true,"href":"https:\/\/mcetest.com\/nl\/wp-json\/wp\/v2\/users\/1"}],"replies":[{"embeddable":true,"href":"https:\/\/mcetest.com\/nl\/wp-json\/wp\/v2\/comments?post=5890"}],"version-history":[{"count":51,"href":"https:\/\/mcetest.com\/nl\/wp-json\/wp\/v2\/pages\/5890\/revisions"}],"predecessor-version":[{"id":6440,"href":"https:\/\/mcetest.com\/nl\/wp-json\/wp\/v2\/pages\/5890\/revisions\/6440"}],"wp:attachment":[{"href":"https:\/\/mcetest.com\/nl\/wp-json\/wp\/v2\/media?parent=5890"}],"curies":[{"name":"wp","href":"https:\/\/api.w.org\/{rel}","templated":true}]}}