{"id":4311,"date":"2024-03-01T14:14:00","date_gmt":"2024-03-01T14:14:00","guid":{"rendered":"https:\/\/mcetest.com\/nl\/?page_id=4311"},"modified":"2025-05-14T18:52:34","modified_gmt":"2025-05-14T18:52:34","slug":"registro-militantes","status":"publish","type":"page","link":"https:\/\/mcetest.com\/nl\/registro-militantes\/","title":{"rendered":"Solicitud de Afiliaci\u00f3n al Partido Nuevo Liberalismo 2025"},"content":{"rendered":"<style>.elementor-4311 .elementor-element.elementor-element-382fff22{margin-top:-39px;margin-bottom:5px;}.elementor-4311 .elementor-element.elementor-element-2e0bfb13:not(.elementor-motion-effects-element-type-background) > .elementor-widget-wrap, .elementor-4311 .elementor-element.elementor-element-2e0bfb13 > .elementor-widget-wrap > .elementor-motion-effects-container > .elementor-motion-effects-layer{background-color:#c40b04;}.elementor-4311 .elementor-element.elementor-element-2e0bfb13 > .elementor-element-populated{transition:background 0.3s, border 0.3s, border-radius 0.3s, box-shadow 0.3s;}.elementor-4311 .elementor-element.elementor-element-2e0bfb13 > .elementor-element-populated > .elementor-background-overlay{transition:background 0.3s, border-radius 0.3s, opacity 0.3s;}.elementor-4311 .elementor-element.elementor-element-95b63ba > .elementor-container{text-align:start;}.elementor-4311 .elementor-element.elementor-element-084334e{text-align:center;}.elementor-4311 .elementor-element.elementor-element-084334e .elementor-heading-title{color:#C20A00;}.elementor-4311 .elementor-element.elementor-element-f55e13f{text-align:justify;}<\/style>\t\t<div data-elementor-type=\"wp-page\" data-elementor-id=\"4311\" class=\"elementor elementor-4311\" data-elementor-post-type=\"page\">\n\t\t\t\t\t\t<section class=\"elementor-section elementor-top-section elementor-element elementor-element-382fff22 elementor-section-full_width elementor-section-stretched elementor-section-height-default elementor-section-height-default\" data-id=\"382fff22\" data-element_type=\"section\" data-e-type=\"section\" data-settings=\"{&quot;stretch_section&quot;:&quot;section-stretched&quot;}\">\n\t\t\t\t\t\t<div class=\"elementor-container elementor-column-gap-default\">\n\t\t\t\t\t<div class=\"elementor-column elementor-col-100 elementor-top-column elementor-element elementor-element-2e0bfb13\" data-id=\"2e0bfb13\" data-element_type=\"column\" data-e-type=\"column\" data-settings=\"{&quot;background_background&quot;:&quot;classic&quot;}\">\n\t\t\t<div class=\"elementor-widget-wrap elementor-element-populated\">\n\t\t\t\t\t\t<div class=\"elementor-element elementor-element-3cbf3dcd elementor-widget elementor-widget-image\" data-id=\"3cbf3dcd\" data-element_type=\"widget\" data-e-type=\"widget\" data-widget_type=\"image.default\">\n\t\t\t\t<div class=\"elementor-widget-container\">\n\t\t\t\t\t\t\t\t\t\t\t\t\t\t\t<img fetchpriority=\"high\" decoding=\"async\" width=\"768\" height=\"254\" src=\"https:\/\/mcetest.com\/nl\/wp-content\/uploads\/2021\/11\/logo_formularios.jpg\" class=\"attachment-medium_large size-medium_large wp-image-240\" alt=\"\" srcset=\"https:\/\/mcetest.com\/nl\/wp-content\/uploads\/2021\/11\/logo_formularios.jpg 768w, https:\/\/mcetest.com\/nl\/wp-content\/uploads\/2021\/11\/logo_formularios-300x99.jpg 300w\" sizes=\"(max-width: 768px) 100vw, 768px\" \/>\t\t\t\t\t\t\t\t\t\t\t\t\t\t\t<\/div>\n\t\t\t\t<\/div>\n\t\t\t\t\t<\/div>\n\t\t<\/div>\n\t\t\t\t\t<\/div>\n\t\t<\/section>\n\t\t\t\t<section class=\"elementor-section elementor-top-section elementor-element elementor-element-95b63ba elementor-section-boxed elementor-section-height-default elementor-section-height-default\" data-id=\"95b63ba\" data-element_type=\"section\" data-e-type=\"section\">\n\t\t\t\t\t\t<div class=\"elementor-container elementor-column-gap-default\">\n\t\t\t\t\t<div class=\"elementor-column elementor-col-100 elementor-top-column elementor-element elementor-element-cf3e8d9\" data-id=\"cf3e8d9\" data-element_type=\"column\" data-e-type=\"column\">\n\t\t\t<div class=\"elementor-widget-wrap elementor-element-populated\">\n\t\t\t\t\t\t<div class=\"elementor-element elementor-element-084334e elementor-widget elementor-widget-heading\" data-id=\"084334e\" data-element_type=\"widget\" data-e-type=\"widget\" data-widget_type=\"heading.default\">\n\t\t\t\t<div class=\"elementor-widget-container\">\n\t\t\t\t\t<h2 class=\"elementor-heading-title elementor-size-default\">Solicitud de afiliaci\u00f3n al  Partido Nuevo Liberalismo 2025<\/h2>\t\t\t\t<\/div>\n\t\t\t\t<\/div>\n\t\t\t\t<div class=\"elementor-element elementor-element-f55e13f elementor-widget elementor-widget-text-editor\" data-id=\"f55e13f\" data-element_type=\"widget\" data-e-type=\"widget\" data-widget_type=\"text-editor.default\">\n\t\t\t\t<div class=\"elementor-widget-container\">\n\t\t\t\t\t\t\t\t\t<p style=\"text-align: center;\">Mediante este formulario manifiesto mi inter\u00e9s de vinculaci\u00f3n al partido y solicito su consideraci\u00f3n para aprobar mi ingreso a la colectividad pol\u00edtica.<\/p>\n<p><span style=\"color: #800000;\">Entiendo que una vez se surta el proceso de revisi\u00f3n de mis datos, me ser\u00e1 enviada una comunicaci\u00f3n para formalizar la afiliaci\u00f3n.<\/span><\/p>\n<p style=\"text-align: center;\"><span style=\"color: #800000;\"><strong>IMPORTANTE:<\/strong> Para efectuar el proceso de solicitud de militancia al Partido Nuevo Liberalismo usted deber\u00e1:<\/span><br><span style=\"text-decoration: underline;\"><a href=\"https:\/\/mcetest.com\/nl\/wp-content\/uploads\/2024\/03\/Formato_militancia_NL.pdf\"><span style=\"color: #800000; text-decoration: underline;\">1. Descargar el formato de militancia dando clic aqu\u00ed.<\/span><\/a><\/span><br><span style=\"color: #800000;\">2. Completar el formato de militancia con su firma y huella. <\/span><br><span style=\"color: #800000;\">3. Digitalizar el formato de militancia en formato pdf.<\/span><br><span style=\"color: #800000;\">4. Completar el siguiente formulario:<\/span><\/p>\t\t\t\t\t\t\t\t<\/div>\n\t\t\t\t<\/div>\n\t\t\t\t<div class=\"elementor-element elementor-element-39a9ba4 elementor-widget elementor-widget-shortcode\" data-id=\"39a9ba4\" data-element_type=\"widget\" data-e-type=\"widget\" data-widget_type=\"shortcode.default\">\n\t\t\t\t<div class=\"elementor-widget-container\">\n\t\t\t\t\t\t\t<div class=\"elementor-shortcode\"><\/div>\n\t\t\t\t\t\t<\/div>\n\t\t\t\t<\/div>\n\t\t\t\t\t<\/div>\n\t\t<\/div>\n\t\t\t\t\t<\/div>\n\t\t<\/section>\n\t\t\t\t<\/div>\n\t\t","protected":false},"excerpt":{"rendered":"<p>Solicitud de afiliaci\u00f3n al Partido Nuevo Liberalismo 2025 Mediante este formulario manifiesto mi inter\u00e9s de vinculaci\u00f3n al partido y solicito su consideraci\u00f3n para aprobar mi ingreso a la colectividad pol\u00edtica. [&hellip;]<\/p>\n","protected":false},"author":1,"featured_media":0,"parent":0,"menu_order":0,"comment_status":"closed","ping_status":"closed","template":"","meta":{"footnotes":""},"class_list":["post-4311","page","type-page","status-publish","hentry"],"_links":{"self":[{"href":"https:\/\/mcetest.com\/nl\/wp-json\/wp\/v2\/pages\/4311","targetHints":{"allow":["GET"]}}],"collection":[{"href":"https:\/\/mcetest.com\/nl\/wp-json\/wp\/v2\/pages"}],"about":[{"href":"https:\/\/mcetest.com\/nl\/wp-json\/wp\/v2\/types\/page"}],"author":[{"embeddable":true,"href":"https:\/\/mcetest.com\/nl\/wp-json\/wp\/v2\/users\/1"}],"replies":[{"embeddable":true,"href":"https:\/\/mcetest.com\/nl\/wp-json\/wp\/v2\/comments?post=4311"}],"version-history":[{"count":20,"href":"https:\/\/mcetest.com\/nl\/wp-json\/wp\/v2\/pages\/4311\/revisions"}],"predecessor-version":[{"id":6405,"href":"https:\/\/mcetest.com\/nl\/wp-json\/wp\/v2\/pages\/4311\/revisions\/6405"}],"wp:attachment":[{"href":"https:\/\/mcetest.com\/nl\/wp-json\/wp\/v2\/media?parent=4311"}],"curies":[{"name":"wp","href":"https:\/\/api.w.org\/{rel}","templated":true}]}}