{"id":251,"date":"2021-11-05T19:07:01","date_gmt":"2021-11-05T19:07:01","guid":{"rendered":"https:\/\/mcetest.com\/nl\/?page_id=251"},"modified":"2021-11-05T20:16:46","modified_gmt":"2021-11-05T20:16:46","slug":"habeas-data","status":"publish","type":"page","link":"https:\/\/mcetest.com\/nl\/habeas-data\/","title":{"rendered":"Habeas Data"},"content":{"rendered":"<style>.elementor-251 .elementor-element.elementor-element-6925a544{margin-top:-39px;margin-bottom:5px;}.elementor-251 .elementor-element.elementor-element-3360e8ac:not(.elementor-motion-effects-element-type-background) > .elementor-widget-wrap, .elementor-251 .elementor-element.elementor-element-3360e8ac > .elementor-widget-wrap > .elementor-motion-effects-container > .elementor-motion-effects-layer{background-color:#c40b04;}.elementor-251 .elementor-element.elementor-element-3360e8ac > .elementor-element-populated{transition:background 0.3s, border 0.3s, border-radius 0.3s, box-shadow 0.3s;}.elementor-251 .elementor-element.elementor-element-3360e8ac > .elementor-element-populated > .elementor-background-overlay{transition:background 0.3s, border-radius 0.3s, opacity 0.3s;}.elementor-251 .elementor-element.elementor-element-94e0e0e{text-align:center;}.elementor-251 .elementor-element.elementor-element-94e0e0e .elementor-heading-title{color:#000000;}.elementor-251 .elementor-element.elementor-element-b63cdce{text-align:justify;}.elementor-251 .elementor-element.elementor-element-c92fec2{text-align:center;}.elementor-251 .elementor-element.elementor-element-c92fec2 .elementor-heading-title{color:#000000;}.elementor-251 .elementor-element.elementor-element-d941a77{text-align:justify;}:root{--page-title-display:none;}<\/style>\t\t<div data-elementor-type=\"wp-page\" data-elementor-id=\"251\" class=\"elementor elementor-251\" data-elementor-post-type=\"page\">\n\t\t\t\t\t\t<section class=\"elementor-section elementor-top-section elementor-element elementor-element-6925a544 elementor-section-full_width elementor-section-stretched elementor-section-height-default elementor-section-height-default\" data-id=\"6925a544\" data-element_type=\"section\" data-e-type=\"section\" data-settings=\"{&quot;stretch_section&quot;:&quot;section-stretched&quot;}\">\n\t\t\t\t\t\t<div class=\"elementor-container elementor-column-gap-default\">\n\t\t\t\t\t<div class=\"elementor-column elementor-col-100 elementor-top-column elementor-element elementor-element-3360e8ac\" data-id=\"3360e8ac\" data-element_type=\"column\" data-e-type=\"column\" data-settings=\"{&quot;background_background&quot;:&quot;classic&quot;}\">\n\t\t\t<div class=\"elementor-widget-wrap elementor-element-populated\">\n\t\t\t\t\t\t<div class=\"elementor-element elementor-element-68a28277 elementor-widget elementor-widget-image\" data-id=\"68a28277\" data-element_type=\"widget\" data-e-type=\"widget\" data-widget_type=\"image.default\">\n\t\t\t\t<div class=\"elementor-widget-container\">\n\t\t\t\t\t\t\t\t\t\t\t\t\t\t\t<img fetchpriority=\"high\" decoding=\"async\" width=\"768\" height=\"254\" src=\"https:\/\/mcetest.com\/nl\/wp-content\/uploads\/2021\/11\/logo_formularios.jpg\" class=\"attachment-medium_large size-medium_large wp-image-240\" alt=\"\" srcset=\"https:\/\/mcetest.com\/nl\/wp-content\/uploads\/2021\/11\/logo_formularios.jpg 768w, https:\/\/mcetest.com\/nl\/wp-content\/uploads\/2021\/11\/logo_formularios-300x99.jpg 300w\" sizes=\"(max-width: 768px) 100vw, 768px\" \/>\t\t\t\t\t\t\t\t\t\t\t\t\t\t\t<\/div>\n\t\t\t\t<\/div>\n\t\t\t\t\t<\/div>\n\t\t<\/div>\n\t\t\t\t\t<\/div>\n\t\t<\/section>\n\t\t\t\t<section class=\"elementor-section elementor-top-section elementor-element elementor-element-c697f8c elementor-section-boxed elementor-section-height-default elementor-section-height-default\" data-id=\"c697f8c\" data-element_type=\"section\" data-e-type=\"section\">\n\t\t\t\t\t\t<div class=\"elementor-container elementor-column-gap-default\">\n\t\t\t\t\t<div class=\"elementor-column elementor-col-100 elementor-top-column elementor-element elementor-element-24fd6ec\" data-id=\"24fd6ec\" data-element_type=\"column\" data-e-type=\"column\">\n\t\t\t<div class=\"elementor-widget-wrap elementor-element-populated\">\n\t\t\t\t\t\t<div class=\"elementor-element elementor-element-94e0e0e elementor-widget elementor-widget-heading\" data-id=\"94e0e0e\" data-element_type=\"widget\" data-e-type=\"widget\" data-widget_type=\"heading.default\">\n\t\t\t\t<div class=\"elementor-widget-container\">\n\t\t\t\t\t<h4 class=\"elementor-heading-title elementor-size-default\">Autorizaci\u00f3n para el tratamiento de datos Personales<\/h4>\t\t\t\t<\/div>\n\t\t\t\t<\/div>\n\t\t\t\t\t<\/div>\n\t\t<\/div>\n\t\t\t\t\t<\/div>\n\t\t<\/section>\n\t\t\t\t<section class=\"elementor-section elementor-top-section elementor-element elementor-element-3812bb1 elementor-section-boxed elementor-section-height-default elementor-section-height-default\" data-id=\"3812bb1\" data-element_type=\"section\" data-e-type=\"section\">\n\t\t\t\t\t\t<div class=\"elementor-container elementor-column-gap-default\">\n\t\t\t\t\t<div class=\"elementor-column elementor-col-100 elementor-top-column elementor-element elementor-element-fe7652a\" data-id=\"fe7652a\" data-element_type=\"column\" data-e-type=\"column\">\n\t\t\t<div class=\"elementor-widget-wrap elementor-element-populated\">\n\t\t\t\t\t\t<div class=\"elementor-element elementor-element-b63cdce elementor-widget elementor-widget-text-editor\" data-id=\"b63cdce\" data-element_type=\"widget\" data-e-type=\"widget\" data-widget_type=\"text-editor.default\">\n\t\t\t\t<div class=\"elementor-widget-container\">\n\t\t\t\t\t\t\t\t\t<p><span id=\"page3R_mcid2\" class=\"markedContent\"><span dir=\"ltr\" role=\"presentation\">De conformidad con la Ley 1581 de 2012, el <\/span><span dir=\"ltr\" role=\"presentation\">D<\/span><span dir=\"ltr\" role=\"presentation\">ecreto 1377 de 2013 <\/span><span dir=\"ltr\" role=\"presentation\">el Partido NUEVO LIBERALISMO <\/span><span dir=\"ltr\" role=\"presentation\">ser\u00e1 el <\/span><span dir=\"ltr\" role=\"presentation\">responsable<\/span> <span dir=\"ltr\" role=\"presentation\">del tratamiento y, en tal virtud, <\/span><span dir=\"ltr\" role=\"presentation\">podr\u00e1 <\/span><span dir=\"ltr\" role=\"presentation\">recolectar, recaudar, almacenar, usar, <\/span><span dir=\"ltr\" role=\"presentation\">suprimir, procesar, compilar, dar tratamiento, actualizar<\/span> <span dir=\"ltr\" role=\"presentation\">y disponer para las siguientes finalidades:<\/span> <\/span><span id=\"page3R_mcid3\" class=\"markedContent\"><br role=\"presentation\" \/><\/span><span id=\"page3R_mcid4\" class=\"markedContent\"><br role=\"presentation\" \/><span dir=\"ltr\" role=\"presentation\">\u2022<\/span> <span dir=\"ltr\" role=\"presentation\">Crear, administrar<\/span> <span dir=\"ltr\" role=\"presentation\">y<\/span> <span dir=\"ltr\" role=\"presentation\">modificar<\/span> <span dir=\"ltr\" role=\"presentation\">las bases de datos, registros de afiliados y simpatizantes del partido NUEVO LIBERALISMO.<\/span> <\/span><span id=\"page3R_mcid5\" class=\"markedContent\"><br role=\"presentation\" \/><span dir=\"ltr\" role=\"presentation\">\u2022<\/span> <span dir=\"ltr\" role=\"presentation\">Construir informes y estad\u00edstic<\/span><span dir=\"ltr\" role=\"presentation\">as de afiliados y participantes del Partido NUEVO LIBERALISMO.<\/span><\/span><span id=\"page3R_mcid6\" class=\"markedContent\"><br role=\"presentation\" \/><span dir=\"ltr\" role=\"presentation\">\u2022<\/span> <span dir=\"ltr\" role=\"presentation\">Enviar informaci\u00f3n por los canales de comunicaci\u00f3n que reposan en las bases de datos del partido, realizar <\/span> <span dir=\"ltr\" role=\"presentation\">invitaciones a eventos<\/span><span dir=\"ltr\" role=\"presentation\">, enviar <\/span><span dir=\"ltr\" role=\"presentation\">informaci\u00f3n de inter\u00e9s<\/span> <span dir=\"ltr\" role=\"presentation\">y socializar convocatorias y reun<\/span><span dir=\"ltr\" role=\"presentation\">iones realizadas por el partido NUEVO LIBERALISMO.<\/span> <\/span><span id=\"page3R_mcid7\" class=\"markedContent\"><br role=\"presentation\" \/><span dir=\"ltr\" role=\"presentation\">\u2022<\/span> <span dir=\"ltr\" role=\"presentation\">Efectuar encuestas respecto <\/span><span dir=\"ltr\" role=\"presentation\">de los temas que considere el partido relevante. <\/span> <\/span><span id=\"page3R_mcid8\" class=\"markedContent\"><br role=\"presentation\" \/><span dir=\"ltr\" role=\"presentation\">\u2022<\/span> <span dir=\"ltr\" role=\"presentation\">Contactar al Titular <\/span><span dir=\"ltr\" role=\"presentation\">de la informaci\u00f3n <\/span><span dir=\"ltr\" role=\"presentation\">a trav\u00e9s de medios telef\u00f3nicos<\/span><span dir=\"ltr\" role=\"presentation\">, correo electr\u00f3nico o redes sociales<\/span> <span dir=\"ltr\" role=\"presentation\">para realizar encues<\/span><span dir=\"ltr\" role=\"presentation\">tas, estudios y\/o <\/span><span dir=\"ltr\" role=\"presentation\">confirmaci\u00f3n de datos personales necesarios <\/span> <span dir=\"ltr\" role=\"presentation\">dentro del Partido NUEVO LIBERALISMO<\/span> <span dir=\"ltr\" role=\"presentation\">realizadas directamente o a trav\u00e9s de firmas <\/span><span dir=\"ltr\" role=\"presentation\">encuestadores y profesionales analistas de datos. <\/span> <\/span><span id=\"page3R_mcid9\" class=\"markedContent\"><br role=\"presentation\" \/><span dir=\"ltr\" role=\"presentation\">\u2022<\/span> <span dir=\"ltr\" role=\"presentation\">Realizar los registros de la informaci\u00f3n contenida en las bas<\/span><span dir=\"ltr\" role=\"presentation\">es de datos del partido ante las autoridades competentes, especialmente ante la <\/span><span dir=\"ltr\" role=\"presentation\">Organizaci\u00f3n Electoral de conformidad con la ley 1475 de 2011.<\/span> <\/span><span id=\"page3R_mcid10\" class=\"markedContent\"><br role=\"presentation\" \/><span dir=\"ltr\" role=\"presentation\">\u2022<\/span> <span dir=\"ltr\" role=\"presentation\">Suministrar toda la informaci\u00f3n requerida por las autoridades nacionales en ejercicio de sus <\/span><span dir=\"ltr\" role=\"presentation\">competencias legales.<\/span> <\/span><span id=\"page3R_mcid11\" class=\"markedContent\"><br role=\"presentation\" \/><span dir=\"ltr\" role=\"presentation\">Manifiesto que me informaron <\/span><span dir=\"ltr\" role=\"presentation\">que,<\/span> <span dir=\"ltr\" role=\"presentation\">en caso de recolecci\u00f3n de mi informaci\u00f3n sensible<\/span><span dir=\"ltr\" role=\"presentation\">, <\/span><span dir=\"ltr\" role=\"presentation\">tengo derecho a contestar o no las preguntas que me formulen y <\/span><span dir=\"ltr\" role=\"presentation\">a entregar o no los datos solicitados. Entiendo que son datos sensibles aquellos que a<\/span><span dir=\"ltr\" role=\"presentation\">fectan la intimidad del Titular o cuyo uso indebido puede generar <\/span><span dir=\"ltr\" role=\"presentation\">discriminaci\u00f3n <\/span><span dir=\"ltr\" role=\"presentation\">como lo son la <\/span><span dir=\"ltr\" role=\"presentation\">orientaci\u00f3n pol\u00edtica, convicciones religiosas o filos\u00f3ficas, <\/span> <span dir=\"ltr\" role=\"presentation\">la pertenencia a sindicatos, organizaciones sociales. <\/span> <span dir=\"ltr\" role=\"presentation\">Manifiesto <\/span><span dir=\"ltr\" role=\"presentation\">que me informaron que los datos se<\/span><span dir=\"ltr\" role=\"presentation\">nsibles que se recolectar\u00e1n ser\u00e1n utilizados para las finalidades<\/span> <span dir=\"ltr\" role=\"presentation\">anteriormente mencionadas.<\/span><\/span><\/p>\t\t\t\t\t\t\t\t<\/div>\n\t\t\t\t<\/div>\n\t\t\t\t\t<\/div>\n\t\t<\/div>\n\t\t\t\t\t<\/div>\n\t\t<\/section>\n\t\t\t\t<section class=\"elementor-section elementor-top-section elementor-element elementor-element-b70febf elementor-section-boxed elementor-section-height-default elementor-section-height-default\" data-id=\"b70febf\" data-element_type=\"section\" data-e-type=\"section\">\n\t\t\t\t\t\t<div class=\"elementor-container elementor-column-gap-default\">\n\t\t\t\t\t<div class=\"elementor-column elementor-col-100 elementor-top-column elementor-element elementor-element-d261f7a\" data-id=\"d261f7a\" data-element_type=\"column\" data-e-type=\"column\">\n\t\t\t<div class=\"elementor-widget-wrap elementor-element-populated\">\n\t\t\t\t\t\t<div class=\"elementor-element elementor-element-c92fec2 elementor-widget elementor-widget-heading\" data-id=\"c92fec2\" data-element_type=\"widget\" data-e-type=\"widget\" data-widget_type=\"heading.default\">\n\t\t\t\t<div class=\"elementor-widget-container\">\n\t\t\t\t\t<h4 class=\"elementor-heading-title elementor-size-default\">Derechos del titular<\/h4>\t\t\t\t<\/div>\n\t\t\t\t<\/div>\n\t\t\t\t<div class=\"elementor-element elementor-element-d941a77 elementor-widget elementor-widget-text-editor\" data-id=\"d941a77\" data-element_type=\"widget\" data-e-type=\"widget\" data-widget_type=\"text-editor.default\">\n\t\t\t\t<div class=\"elementor-widget-container\">\n\t\t\t\t\t\t\t\t\t<p><span id=\"page3R_mcid14\" class=\"markedContent\"><span dir=\"ltr\" role=\"presentation\">Sus derechos como titular del dato son los previstos en la Constituci\u00f3n y en la Ley 1581 de 2012, especialmente los siguiente<\/span> <span dir=\"ltr\" role=\"presentation\">s:<\/span> <\/span><span id=\"page3R_mcid15\" class=\"markedContent\"><br role=\"presentation\" \/><span dir=\"ltr\" role=\"presentation\">a)<\/span> <span dir=\"ltr\" role=\"presentation\">Acceder en f<\/span><span dir=\"ltr\" role=\"presentation\">orma gratuita a los datos proporcionados que hayan sido objeto de tratamiento.<\/span> <\/span><span id=\"page3R_mcid16\" class=\"markedContent\"><br role=\"presentation\" \/><span dir=\"ltr\" role=\"presentation\">b)<\/span> <span dir=\"ltr\" role=\"presentation\">Solicitar la actualizaci\u00f3n y rectificaci\u00f3n de su informaci\u00f3n frente a datos parciales, inexactos, incompletos, fraccionado<\/span> <span dir=\"ltr\" role=\"presentation\">s, que induzcan a <\/span><span dir=\"ltr\" role=\"presentation\">error, o a aquellos cuyo tratamie<\/span><span dir=\"ltr\" role=\"presentation\">nto est\u00e9 prohibido o no haya sido autorizado. <\/span> <\/span><span id=\"page3R_mcid17\" class=\"markedContent\"><br role=\"presentation\" \/><span dir=\"ltr\" role=\"presentation\">c)<\/span> <span dir=\"ltr\" role=\"presentation\">Solicitar prueba de la autorizaci\u00f3n otorgada. <\/span> <\/span><span id=\"page3R_mcid18\" class=\"markedContent\"><br role=\"presentation\" \/><span dir=\"ltr\" role=\"presentation\">d)<\/span> <span dir=\"ltr\" role=\"presentation\">Presentar ante la Superintendencia de Industria y Comercio (SIC) quejas por infracciones a lo dispuesto en la normatividad vi<\/span><span dir=\"ltr\" role=\"presentation\">gente.<\/span> <\/span><span id=\"page3R_mcid19\" class=\"markedContent\"><br role=\"presentation\" \/><span dir=\"ltr\" role=\"presentation\">e)<\/span> <span dir=\"ltr\" role=\"presentation\">e) Revocar la autorizaci\u00f3n y\/<\/span><span dir=\"ltr\" role=\"presentation\">o solicitar la supresi\u00f3n del dato, a menos que exista un deber legal o contractual que haga imperativo conservar <\/span><span dir=\"ltr\" role=\"presentation\">la informaci\u00f3n. <\/span> <\/span><span id=\"page3R_mcid20\" class=\"markedContent\"><br role=\"presentation\" \/><span dir=\"ltr\" role=\"presentation\">f)<\/span> <span dir=\"ltr\" role=\"presentation\">Abstenerse de responder las preguntas sobre datos sensibles o sobre datos de las ni\u00f1as y ni\u00f1os y adolescentes. <\/span> <\/span><span id=\"page3R_mcid21\" class=\"markedContent\"><br role=\"presentation\" \/><\/span><span id=\"page3R_mcid22\" class=\"markedContent\"><br role=\"presentation\" \/><span dir=\"ltr\" role=\"presentation\">Estos derechos los podr\u00e9 ejercer a trav\u00e9s de los canales o medios dispuestos <\/span> <span dir=\"ltr\" role=\"presentation\">por el Partido NUEVO LIBERALISMO <\/span> <span dir=\"ltr\" role=\"presentation\">para la atenci\u00f3n al p\u00fablico, <\/span><span dir=\"ltr\" role=\"presentation\">en <\/span><span dir=\"ltr\" role=\"presentation\">el <\/span><span dir=\"ltr\" role=\"presentation\">correo electr\u00f3nico <\/span><\/span><span id=\"page3R_mcid23\" class=\"markedContent\"><span dir=\"ltr\" role=\"presentation\">pqr@mcetest.com<\/span><\/span><span id=\"page3R_mcid24\" class=\"markedContent\"> <span dir=\"ltr\" role=\"presentation\">y la <\/span> <span dir=\"ltr\" role=\"presentation\">sede del partido<\/span><span dir=\"ltr\" role=\"presentation\">, cuya informaci\u00f3n puedo consultar en <\/span> <span dir=\"ltr\" role=\"presentation\">www.<\/span><span dir=\"ltr\" role=\"presentation\">nuevoliberalismo.org<\/span><span dir=\"ltr\" role=\"presentation\">,<\/span> <span dir=\"ltr\" role=\"presentation\">disponibles de <\/span><span dir=\"ltr\" role=\"presentation\">lunes a viernes de <\/span><span dir=\"ltr\" role=\"presentation\">9<\/span><span dir=\"ltr\" role=\"presentation\">:00 a.m. a <\/span><span dir=\"ltr\" role=\"presentation\">4<\/span><span dir=\"ltr\" role=\"presentation\">:00 p.m., para la atenci\u00f3n de requerimientos relacionados con el tratamiento de mis datos personales y el ejercicio de los <\/span><span dir=\"ltr\" role=\"presentation\">derechos mencionados en esta autorizaci\u00f3n.<br \/><\/span> <\/span><span id=\"page3R_mcid25\" class=\"markedContent\"><br role=\"presentation\" \/><span dir=\"ltr\" role=\"presentation\">Por todo lo anterior, he otorgado mi consentimiento a <\/span><span dir=\"ltr\" role=\"presentation\">el Partido NUEVO LIBERALISMO <\/span><span dir=\"ltr\" role=\"presentation\">para q<\/span><span dir=\"ltr\" role=\"presentation\">ue trate mi informaci\u00f3n personal de acuerdo con la Pol\u00edtica <\/span><span dir=\"ltr\" role=\"presentation\">de Tratamiento de Datos Personales dispuesta por la sociedad en medio <\/span> <span dir=\"ltr\" role=\"presentation\">f\u00edsico y <\/span> <span dir=\"ltr\" role=\"presentation\">electr\u00f3nico, y que me dio a conocer antes de recolectar mis datos <\/span><span dir=\"ltr\" role=\"presentation\">personales.<br \/><\/span> <\/span><span id=\"page3R_mcid26\" class=\"markedContent\"><br role=\"presentation\" \/><span dir=\"ltr\" role=\"presentation\">Manifiesto que la presente autorizaci\u00f3<\/span><span dir=\"ltr\" role=\"presentation\">n me fue solicitada y puesta de presente antes de entregar mis datos y que la suscribo de forma libre y voluntaria <\/span><span dir=\"ltr\" role=\"presentation\">una vez le\u00edda en su totalidad. <\/span> <\/span><span id=\"page3R_mcid27\" class=\"markedContent\"><br role=\"presentation\" \/><\/span><span id=\"page3R_mcid28\" class=\"markedContent\"><br \/><\/span><\/p>\t\t\t\t\t\t\t\t<\/div>\n\t\t\t\t<\/div>\n\t\t\t\t\t<\/div>\n\t\t<\/div>\n\t\t\t\t\t<\/div>\n\t\t<\/section>\n\t\t\t\t<\/div>\n\t\t","protected":false},"excerpt":{"rendered":"<p>Autorizaci\u00f3n para el tratamiento de datos Personales De conformidad con la Ley 1581 de 2012, el Decreto 1377 de 2013 el Partido NUEVO LIBERALISMO ser\u00e1 el responsable del tratamiento y, [&hellip;]<\/p>\n","protected":false},"author":1,"featured_media":0,"parent":0,"menu_order":0,"comment_status":"closed","ping_status":"closed","template":"","meta":{"footnotes":""},"class_list":["post-251","page","type-page","status-publish","hentry"],"_links":{"self":[{"href":"https:\/\/mcetest.com\/nl\/wp-json\/wp\/v2\/pages\/251","targetHints":{"allow":["GET"]}}],"collection":[{"href":"https:\/\/mcetest.com\/nl\/wp-json\/wp\/v2\/pages"}],"about":[{"href":"https:\/\/mcetest.com\/nl\/wp-json\/wp\/v2\/types\/page"}],"author":[{"embeddable":true,"href":"https:\/\/mcetest.com\/nl\/wp-json\/wp\/v2\/users\/1"}],"replies":[{"embeddable":true,"href":"https:\/\/mcetest.com\/nl\/wp-json\/wp\/v2\/comments?post=251"}],"version-history":[{"count":12,"href":"https:\/\/mcetest.com\/nl\/wp-json\/wp\/v2\/pages\/251\/revisions"}],"predecessor-version":[{"id":277,"href":"https:\/\/mcetest.com\/nl\/wp-json\/wp\/v2\/pages\/251\/revisions\/277"}],"wp:attachment":[{"href":"https:\/\/mcetest.com\/nl\/wp-json\/wp\/v2\/media?parent=251"}],"curies":[{"name":"wp","href":"https:\/\/api.w.org\/{rel}","templated":true}]}}